{"id":40325,"date":"2025-04-10T12:12:57","date_gmt":"2025-04-10T10:12:57","guid":{"rendered":"https:\/\/myspainfood.com\/producto\/a-inigo-marchew-w-plasterkach-400-g\/"},"modified":"2025-09-02T10:53:05","modified_gmt":"2025-09-02T08:53:05","slug":"a-inigo-marchew-w-plasterkach-400-g","status":"publish","type":"product","link":"https:\/\/myspainfood.com\/pl\/producto\/a-inigo-marchew-w-plasterkach-400-g\/","title":{"rendered":"A.I\u00f1igo Marchew w plasterkach 400 g"},"content":{"rendered":"<p>Marchewki A.I\u00f1igo to doskona\u0142y wyb\u00f3r dla tych, kt\u00f3rzy szukaj\u0105 jako\u015bci i smaku w swoich potrawach. Starannie uprawiane i wyselekcjonowane marchewki oferuj\u0105 chrupi\u0105c\u0105 tekstur\u0119 oraz s\u0142odki i naturalny smak, kt\u00f3ry wzbogaci ka\u017cde danie. <\/p>\n<p>&nbsp;<\/p>\n<p><strong>Warto\u015b\u0107 energetyczna:<\/strong> 71,4 kJ \/ 16,8 kcal<\/p>\n<p><strong>T\u0142uszcze nasycone<\/strong>: 0 g<\/p>\n<p><strong>W\u0119glowodany<\/strong>: 4,2 g<\/p>\n<p><strong>W tym cukry:<\/strong> 2,3 g<\/p>\n<p><strong>B\u0142onnik pokarmowy<\/strong>: 1,4 g<\/p>\n<p><strong>Bia\u0142ko<\/strong>: 0g<\/p>\n<p><strong>S\u00f3l<\/strong>: 0,65 g<\/p>\n","protected":false},"excerpt":{"rendered":"<p>Marchewki A.I\u00f1igo to doskona\u0142y wyb\u00f3r dla tych, kt\u00f3rzy szukaj\u0105 jako\u015bci i smaku w swoich potrawach. Starannie uprawiane i wyselekcjonowane marchewki oferuj\u0105 chrupi\u0105c\u0105 tekstur\u0119 oraz s\u0142odki i naturalny smak, kt\u00f3ry wzbogaci ka\u017cde danie. &nbsp; Warto\u015b\u0107 energetyczna: 71,4 kJ \/ 16,8 kcal T\u0142uszcze nasycone: 0 g W\u0119glowodany: 4,2 g W tym cukry: 2,3 g B\u0142onnik pokarmowy: 1,4 [&hellip;]<\/p>\n","protected":false},"featured_media":14503,"template":"","meta":{"_et_pb_use_builder":"","_et_pb_old_content":"","_et_gb_content_width":""},"product_brand":[1461],"product_cat":[1969],"product_tag":[],"class_list":{"0":"post-40325","1":"product","2":"type-product","3":"status-publish","4":"has-post-thumbnail","6":"product_brand-a-inigo","7":"product_cat-konserwy","9":"first","10":"outofstock","11":"taxable","12":"shipping-taxable","13":"product-type-variable"},"_links":{"self":[{"href":"https:\/\/myspainfood.com\/pl\/wp-json\/wp\/v2\/product\/40325","targetHints":{"allow":["GET"]}}],"collection":[{"href":"https:\/\/myspainfood.com\/pl\/wp-json\/wp\/v2\/product"}],"about":[{"href":"https:\/\/myspainfood.com\/pl\/wp-json\/wp\/v2\/types\/product"}],"wp:featuredmedia":[{"embeddable":true,"href":"https:\/\/myspainfood.com\/pl\/wp-json\/wp\/v2\/media\/14503"}],"wp:attachment":[{"href":"https:\/\/myspainfood.com\/pl\/wp-json\/wp\/v2\/media?parent=40325"}],"wp:term":[{"taxonomy":"product_brand","embeddable":true,"href":"https:\/\/myspainfood.com\/pl\/wp-json\/wp\/v2\/product_brand?post=40325"},{"taxonomy":"product_cat","embeddable":true,"href":"https:\/\/myspainfood.com\/pl\/wp-json\/wp\/v2\/product_cat?post=40325"},{"taxonomy":"product_tag","embeddable":true,"href":"https:\/\/myspainfood.com\/pl\/wp-json\/wp\/v2\/product_tag?post=40325"}],"curies":[{"name":"wp","href":"https:\/\/api.w.org\/{rel}","templated":true}]}}