{"id":40508,"date":"2025-04-10T12:12:57","date_gmt":"2025-04-10T10:12:57","guid":{"rendered":"https:\/\/myspainfood.com\/producto\/la-vieja-fabrica-dzem-truskawkowy-diet-280-g\/"},"modified":"2025-04-10T12:12:57","modified_gmt":"2025-04-10T10:12:57","slug":"la-vieja-fabrica-dzem-truskawkowy-diet-280-g","status":"publish","type":"product","link":"https:\/\/myspainfood.com\/pl\/producto\/la-vieja-fabrica-dzem-truskawkowy-diet-280-g\/","title":{"rendered":"La Vieja F\u00e1brica D\u017cem truskawkowy DIET 280 g"},"content":{"rendered":"<p>Dietetyczny d\u017cem truskawkowy La Vieja F\u00e1brica to pyszna i zdrowa opcja dla tych, kt\u00f3rzy chc\u0105 cieszy\u0107 si\u0119 autentycznym smakiem truskawek bez dodatku rafinowanych cukr\u00f3w. Ten dietetyczny d\u017cem jest wytwarzany z naturalnych sk\u0142adnik\u00f3w i niskokalorycznych substancji s\u0142odz\u0105cych, stanowi\u0105c doskona\u0142\u0105 alternatyw\u0119 dla tych, kt\u00f3rzy kontroluj\u0105 spo\u017cycie kalorii i glikemii. <\/p>\n<p><span class=\"info-key \"><strong>Nazwa produktu spo\u017cywczego<\/strong>:<\/span> Dietetyczny d\u017cem truskawkowy<\/p>\n<p><span class=\"info-key \"><strong>Nazwa podmiotu gospodarczego<\/strong>:<\/span> \u00c1ngel Camacho Alimentaci\u00f3n, S.L.<\/p>\n<p><span class=\"info-key \"><strong>Adres operatora<\/strong>:<\/span> Avda. del Pilar, 6 - 41530 Mor\u00f3n de la Frontera (Sevilla)<\/p>\n<p><strong><span class=\"info-key \">Miejsce pochodzenia \u017cywno\u015bci:<\/span><\/strong> Produkt Hiszpanii<\/p>\n<p><strong><span class=\"info-key \">Ilo\u015b\u0107 netto:<\/span><\/strong> 280 g<\/p>\n<p><strong><span class=\"info-key \">Inne obowi\u0105zkowe informacje na etykiecie:<\/span><\/strong> Odpowiedni dla diabetyk\u00f3w. Zawiera 55 g truskawek na 100 g. <\/p>\n<p><strong>Ca\u0142kowita zawarto\u015b\u0107 cukru<\/strong> 42 g na 100 g.<\/p>\n","protected":false},"excerpt":{"rendered":"<p>Dietetyczny d\u017cem truskawkowy La Vieja F\u00e1brica to pyszna i zdrowa opcja dla tych, kt\u00f3rzy chc\u0105 cieszy\u0107 si\u0119 autentycznym smakiem truskawek bez dodatku rafinowanych cukr\u00f3w. Ten dietetyczny d\u017cem jest wytwarzany z naturalnych sk\u0142adnik\u00f3w i niskokalorycznych substancji s\u0142odz\u0105cych, stanowi\u0105c doskona\u0142\u0105 alternatyw\u0119 dla tych, kt\u00f3rzy kontroluj\u0105 spo\u017cycie kalorii i glikemii. Nazwa produktu spo\u017cywczego: Dietetyczny d\u017cem truskawkowy Nazwa podmiotu [&hellip;]<\/p>\n","protected":false},"featured_media":14395,"template":"","meta":{"_et_pb_use_builder":"","_et_pb_old_content":"","_et_gb_content_width":""},"product_brand":[1460],"product_cat":[1969],"product_tag":[],"class_list":{"0":"post-40508","1":"product","2":"type-product","3":"status-publish","4":"has-post-thumbnail","6":"product_brand-la-vieja-fabrica","7":"product_cat-konserwy","9":"first","10":"outofstock","11":"taxable","12":"shipping-taxable","13":"product-type-variable"},"_links":{"self":[{"href":"https:\/\/myspainfood.com\/pl\/wp-json\/wp\/v2\/product\/40508","targetHints":{"allow":["GET"]}}],"collection":[{"href":"https:\/\/myspainfood.com\/pl\/wp-json\/wp\/v2\/product"}],"about":[{"href":"https:\/\/myspainfood.com\/pl\/wp-json\/wp\/v2\/types\/product"}],"wp:featuredmedia":[{"embeddable":true,"href":"https:\/\/myspainfood.com\/pl\/wp-json\/wp\/v2\/media\/14395"}],"wp:attachment":[{"href":"https:\/\/myspainfood.com\/pl\/wp-json\/wp\/v2\/media?parent=40508"}],"wp:term":[{"taxonomy":"product_brand","embeddable":true,"href":"https:\/\/myspainfood.com\/pl\/wp-json\/wp\/v2\/product_brand?post=40508"},{"taxonomy":"product_cat","embeddable":true,"href":"https:\/\/myspainfood.com\/pl\/wp-json\/wp\/v2\/product_cat?post=40508"},{"taxonomy":"product_tag","embeddable":true,"href":"https:\/\/myspainfood.com\/pl\/wp-json\/wp\/v2\/product_tag?post=40508"}],"curies":[{"name":"wp","href":"https:\/\/api.w.org\/{rel}","templated":true}]}}