{"id":40720,"date":"2025-04-10T12:13:20","date_gmt":"2025-04-10T10:13:20","guid":{"rendered":"https:\/\/myspainfood.com\/producto\/wino-mataromera-ribera-del-duero-crianza-2019-nazwa-pochodzenia-75-cl\/"},"modified":"2026-01-29T12:11:51","modified_gmt":"2026-01-29T11:11:51","slug":"wino-mataromera-ribera-del-duero-crianza-2019-nazwa-pochodzenia-75-cl","status":"publish","type":"product","link":"https:\/\/myspainfood.com\/pl\/producto\/wino-mataromera-ribera-del-duero-crianza-2019-nazwa-pochodzenia-75-cl\/","title":{"rendered":"Wino Mataromera Ribera del Duero Crianza 2019 Nazwa pochodzenia 75 cl"},"content":{"rendered":"<p>Mataromera to renomowana winiarnia w Ribera del Duero, znana z d\u0105\u017cenia do doskona\u0142o\u015bci oraz stosowania technik uprawy winoro\u015bli i produkcji wina, kt\u00f3re szanuj\u0105 zar\u00f3wno tradycj\u0119, jak i innowacje. Wino to odzwierciedla wyj\u0105tkowy charakter winnic po\u0142o\u017conych na zboczach doliny Duero, gdzie ekstremalny klimat kontynentalny i gleby gliniasto-wapienne zapewniaj\u0105 idealne warunki do uprawy Tempranillo. <\/p>\n<p>&nbsp;<\/p>\n<p>Wino to jest autentycznym wyrazem Ribera del Duero, oferuj\u0105cym bogate i niezapomniane doznania sensoryczne. Idealne na specjalne uroczysto\u015bci lub do delektowania si\u0119 podczas wyrafinowanej kolacji. <\/p>\n<p>&nbsp;<\/p>\n<p>Starzony w beczkach z francuskiego i ameryka\u0144skiego d\u0119bu przez oko\u0142o 14 miesi\u0119cy, po czym nast\u0119puje dodatkowy okres uszlachetniania w butelce.<\/p>\n","protected":false},"excerpt":{"rendered":"<p>Mataromera to renomowana winiarnia w Ribera del Duero, znana z d\u0105\u017cenia do doskona\u0142o\u015bci oraz stosowania technik uprawy winoro\u015bli i produkcji wina, kt\u00f3re szanuj\u0105 zar\u00f3wno tradycj\u0119, jak i innowacje. Wino to odzwierciedla wyj\u0105tkowy charakter winnic po\u0142o\u017conych na zboczach doliny Duero, gdzie ekstremalny klimat kontynentalny i gleby gliniasto-wapienne zapewniaj\u0105 idealne warunki do uprawy Tempranillo. &nbsp; Wino to [&hellip;]<\/p>\n","protected":false},"featured_media":14566,"template":"","meta":{"_et_pb_use_builder":"","_et_pb_old_content":"","_et_gb_content_width":""},"product_brand":[1462],"product_cat":[4877,6267],"product_tag":[],"class_list":{"0":"post-40720","1":"product","2":"type-product","3":"status-publish","4":"has-post-thumbnail","6":"product_brand-matarromera","7":"product_cat-napoje-pl","8":"product_cat-wino-pl-2","10":"first","11":"outofstock","12":"taxable","13":"shipping-taxable","14":"product-type-variable"},"_links":{"self":[{"href":"https:\/\/myspainfood.com\/pl\/wp-json\/wp\/v2\/product\/40720","targetHints":{"allow":["GET"]}}],"collection":[{"href":"https:\/\/myspainfood.com\/pl\/wp-json\/wp\/v2\/product"}],"about":[{"href":"https:\/\/myspainfood.com\/pl\/wp-json\/wp\/v2\/types\/product"}],"wp:featuredmedia":[{"embeddable":true,"href":"https:\/\/myspainfood.com\/pl\/wp-json\/wp\/v2\/media\/14566"}],"wp:attachment":[{"href":"https:\/\/myspainfood.com\/pl\/wp-json\/wp\/v2\/media?parent=40720"}],"wp:term":[{"taxonomy":"product_brand","embeddable":true,"href":"https:\/\/myspainfood.com\/pl\/wp-json\/wp\/v2\/product_brand?post=40720"},{"taxonomy":"product_cat","embeddable":true,"href":"https:\/\/myspainfood.com\/pl\/wp-json\/wp\/v2\/product_cat?post=40720"},{"taxonomy":"product_tag","embeddable":true,"href":"https:\/\/myspainfood.com\/pl\/wp-json\/wp\/v2\/product_tag?post=40720"}],"curies":[{"name":"wp","href":"https:\/\/api.w.org\/{rel}","templated":true}]}}