{"id":40758,"date":"2025-04-10T12:13:45","date_gmt":"2025-04-10T10:13:45","guid":{"rendered":"https:\/\/myspainfood.com\/producto\/sierra-zarza-gourmet-goat-cheese-750-gramow\/"},"modified":"2025-04-10T12:13:45","modified_gmt":"2025-04-10T10:13:45","slug":"sierra-zarza-gourmet-goat-cheese-750-gramow","status":"publish","type":"product","link":"https:\/\/myspainfood.com\/pl\/producto\/sierra-zarza-gourmet-goat-cheese-750-gramow\/","title":{"rendered":"Sierra Zarza Gourmet Goat Cheese 750 gram\u00f3w"},"content":{"rendered":"<p>Odkryj autentyczn\u0105 esencj\u0119 wiejskiego krajobrazu z naszym wy\u015bmienitym kozim serem Sierra Zarza, rzemie\u015blnicz\u0105 rozkosz\u0105, kt\u00f3ra uciele\u015bnia tradycj\u0119 i jako\u015b\u0107 najczystszego koziego mleka. Pochodz\u0105cy z wybranych stad, kt\u00f3re pas\u0105 si\u0119 swobodnie na zboczach Sierra Zarza, ser ten oferuje niezr\u00f3wnane doznania kulinarne. <\/p>\n<p>Sierra Zarza Goat Cheese ma eleganck\u0105 prezentacj\u0119, idealn\u0105 zar\u00f3wno na specjalne okazje, jak i do codziennego u\u017cytku. Doskonale komponuje si\u0119 z bia\u0142ymi i r\u00f3\u017cowymi winami, jest r\u00f3wnie\u017c doskona\u0142ym dodatkiem do sa\u0142atek, tapas i wykwintnych deser\u00f3w. Jego wszechstronno\u015b\u0107 w kuchni czyni go niezb\u0119dnym sk\u0142adnikiem dla mi\u0142o\u015bnik\u00f3w dobrego jedzenia.  <\/p>\n<p>Odkryj autentyczn\u0105 esencj\u0119 wiejskiego krajobrazu z naszym wy\u015bmienitym kozim serem Sierra Zarza, rzemie\u015blnicz\u0105 rozkosz\u0105, kt\u00f3ra uciele\u015bnia tradycj\u0119 i jako\u015b\u0107 najczystszego koziego mleka. Pochodz\u0105cy z wybranych stad, kt\u00f3re pas\u0105 si\u0119 swobodnie na zboczach Sierra Zarza, ser ten oferuje niezr\u00f3wnane doznania kulinarne. <\/p>\n<p>&nbsp;<\/p>\n<p>Sierra Zarza Goat Cheese ma eleganck\u0105 prezentacj\u0119, idealn\u0105 zar\u00f3wno na specjalne okazje, jak i do codziennego u\u017cytku. Doskonale komponuje si\u0119 z bia\u0142ymi i r\u00f3\u017cowymi winami, jest r\u00f3wnie\u017c doskona\u0142ym dodatkiem do sa\u0142atek, tapas i wykwintnych deser\u00f3w. Jego wszechstronno\u015b\u0107 w kuchni czyni go niezb\u0119dnym sk\u0142adnikiem dla mi\u0142o\u015bnik\u00f3w dobrego jedzenia.  <\/p>\n","protected":false},"excerpt":{"rendered":"<p>Odkryj autentyczn\u0105 esencj\u0119 wiejskiego krajobrazu z naszym wy\u015bmienitym kozim serem Sierra Zarza, rzemie\u015blnicz\u0105 rozkosz\u0105, kt\u00f3ra uciele\u015bnia tradycj\u0119 i jako\u015b\u0107 najczystszego koziego mleka. Pochodz\u0105cy z wybranych stad, kt\u00f3re pas\u0105 si\u0119 swobodnie na zboczach Sierra Zarza, ser ten oferuje niezr\u00f3wnane doznania kulinarne. Sierra Zarza Goat Cheese ma eleganck\u0105 prezentacj\u0119, idealn\u0105 zar\u00f3wno na specjalne okazje, jak i do [&hellip;]<\/p>\n","protected":false},"featured_media":14674,"template":"","meta":{"_et_pb_use_builder":"","_et_pb_old_content":"","_et_gb_content_width":""},"product_brand":[1465],"product_cat":[2245,2722],"product_tag":[],"class_list":{"0":"post-40758","1":"product","2":"type-product","3":"status-publish","4":"has-post-thumbnail","6":"product_brand-sierra-zarza","7":"product_cat-ser-i-kielbasa","8":"product_cat-utwardzanie","10":"first","11":"outofstock","12":"taxable","13":"shipping-taxable","14":"purchasable","15":"product-type-variable"},"_links":{"self":[{"href":"https:\/\/myspainfood.com\/pl\/wp-json\/wp\/v2\/product\/40758","targetHints":{"allow":["GET"]}}],"collection":[{"href":"https:\/\/myspainfood.com\/pl\/wp-json\/wp\/v2\/product"}],"about":[{"href":"https:\/\/myspainfood.com\/pl\/wp-json\/wp\/v2\/types\/product"}],"wp:featuredmedia":[{"embeddable":true,"href":"https:\/\/myspainfood.com\/pl\/wp-json\/wp\/v2\/media\/14674"}],"wp:attachment":[{"href":"https:\/\/myspainfood.com\/pl\/wp-json\/wp\/v2\/media?parent=40758"}],"wp:term":[{"taxonomy":"product_brand","embeddable":true,"href":"https:\/\/myspainfood.com\/pl\/wp-json\/wp\/v2\/product_brand?post=40758"},{"taxonomy":"product_cat","embeddable":true,"href":"https:\/\/myspainfood.com\/pl\/wp-json\/wp\/v2\/product_cat?post=40758"},{"taxonomy":"product_tag","embeddable":true,"href":"https:\/\/myspainfood.com\/pl\/wp-json\/wp\/v2\/product_tag?post=40758"}],"curies":[{"name":"wp","href":"https:\/\/api.w.org\/{rel}","templated":true}]}}