{"id":40836,"date":"2025-04-10T12:13:45","date_gmt":"2025-04-10T10:13:45","guid":{"rendered":"https:\/\/myspainfood.com\/producto\/ramon-bilbao-rioja-crianza-2020-nazwa-pochodzenia-75-cl\/"},"modified":"2026-01-29T12:57:31","modified_gmt":"2026-01-29T11:57:31","slug":"ramon-bilbao-rioja-crianza-2020-nazwa-pochodzenia-75-cl","status":"publish","type":"product","link":"https:\/\/myspainfood.com\/pl\/producto\/ramon-bilbao-rioja-crianza-2020-nazwa-pochodzenia-75-cl\/","title":{"rendered":"Ramon Bilbao Rioja Crianza 2020 Nazwa pochodzenia 75 cl"},"content":{"rendered":"<p>Odkryj doskona\u0142o\u015b\u0107 Rioja z Ram\u00f3n Bilbao Crianza 2020, czerwonym winem, kt\u00f3re odzwierciedla tradycj\u0119 i innowacyjnego ducha jednej z najbardziej presti\u017cowych hiszpa\u0144skich winiarni. Wykonane z dba\u0142o\u015bci\u0105 o szczeg\u00f3\u0142y, wino to jest autentyczn\u0105 reprezentacj\u0105 jako\u015bci i charakteru regionu Rioja. <\/p>\n<p>&nbsp;<\/p>\n<p>Winiarnia Ram\u00f3n Bilbao, za\u0142o\u017cona w 1924 roku, \u0142\u0105czy tradycj\u0119 winiarsk\u0105 Rioja z innowacyjn\u0105 wizj\u0105, tworz\u0105c wina, kt\u00f3re s\u0105 zar\u00f3wno ho\u0142dem dla dziedzictwa regionu, jak i wyrazem nowoczesno\u015bci. Ram\u00f3n Bilbao Crianza 2020 to wino, kt\u00f3re zaprasza do odkrywania bogactwa i r\u00f3\u017cnorodno\u015bci Rioja, idealne na ka\u017cd\u0105 okazj\u0119, od uroczystych kolacji po nieformalne spotkania. <\/p>\n","protected":false},"excerpt":{"rendered":"<p>Odkryj doskona\u0142o\u015b\u0107 Rioja z Ram\u00f3n Bilbao Crianza 2020, czerwonym winem, kt\u00f3re odzwierciedla tradycj\u0119 i innowacyjnego ducha jednej z najbardziej presti\u017cowych hiszpa\u0144skich winiarni. Wykonane z dba\u0142o\u015bci\u0105 o szczeg\u00f3\u0142y, wino to jest autentyczn\u0105 reprezentacj\u0105 jako\u015bci i charakteru regionu Rioja. &nbsp; Winiarnia Ram\u00f3n Bilbao, za\u0142o\u017cona w 1924 roku, \u0142\u0105czy tradycj\u0119 winiarsk\u0105 Rioja z innowacyjn\u0105 wizj\u0105, tworz\u0105c wina, kt\u00f3re [&hellip;]<\/p>\n","protected":false},"featured_media":14620,"template":"","meta":{"_et_pb_use_builder":"","_et_pb_old_content":"","_et_gb_content_width":""},"product_brand":[1463],"product_cat":[4877,6267],"product_tag":[],"class_list":{"0":"post-40836","1":"product","2":"type-product","3":"status-publish","4":"has-post-thumbnail","6":"product_brand-ramon-bilbao","7":"product_cat-napoje-pl","8":"product_cat-wino-pl-2","10":"first","11":"outofstock","12":"taxable","13":"shipping-taxable","14":"product-type-variable"},"_links":{"self":[{"href":"https:\/\/myspainfood.com\/pl\/wp-json\/wp\/v2\/product\/40836","targetHints":{"allow":["GET"]}}],"collection":[{"href":"https:\/\/myspainfood.com\/pl\/wp-json\/wp\/v2\/product"}],"about":[{"href":"https:\/\/myspainfood.com\/pl\/wp-json\/wp\/v2\/types\/product"}],"wp:featuredmedia":[{"embeddable":true,"href":"https:\/\/myspainfood.com\/pl\/wp-json\/wp\/v2\/media\/14620"}],"wp:attachment":[{"href":"https:\/\/myspainfood.com\/pl\/wp-json\/wp\/v2\/media?parent=40836"}],"wp:term":[{"taxonomy":"product_brand","embeddable":true,"href":"https:\/\/myspainfood.com\/pl\/wp-json\/wp\/v2\/product_brand?post=40836"},{"taxonomy":"product_cat","embeddable":true,"href":"https:\/\/myspainfood.com\/pl\/wp-json\/wp\/v2\/product_cat?post=40836"},{"taxonomy":"product_tag","embeddable":true,"href":"https:\/\/myspainfood.com\/pl\/wp-json\/wp\/v2\/product_tag?post=40836"}],"curies":[{"name":"wp","href":"https:\/\/api.w.org\/{rel}","templated":true}]}}