{"id":40879,"date":"2025-04-10T12:14:06","date_gmt":"2025-04-10T10:14:06","guid":{"rendered":"https:\/\/myspainfood.com\/producto\/a-inigo-garbanzos-de-primera-3-kg\/"},"modified":"2025-04-10T12:14:06","modified_gmt":"2025-04-10T10:14:06","slug":"a-inigo-garbanzos-de-primera-3-kg","status":"publish","type":"product","link":"https:\/\/myspainfood.com\/pl\/producto\/a-inigo-garbanzos-de-primera-3-kg\/","title":{"rendered":"A. I\u00f1igo Garbanzos de Primera 3 kg"},"content":{"rendered":"<p>Prosz\u0119 odkry\u0107 <strong>ciecierzyc\u0119 Primera A. I\u00f1igo. I\u00f1igo<\/strong>, starannie wyselekcjonowana, aby zaoferowa\u0107 Pa\u0144stwu najlepsz\u0105 jako\u015b\u0107 i smak ka\u017cdego ziarna. Ta wysokiej jako\u015bci ciecierzyca jest idealnym sk\u0142adnikiem, kt\u00f3ry wzbogaci Pa\u0144stwa dania, zapewniaj\u0105c g\u0142adk\u0105 i kremow\u0105 konsystencj\u0119, kt\u00f3ra dostosowuje si\u0119 do szerokiej gamy przepis\u00f3w. <\/p>\n<p><strong>Korzy\u015bci:<\/strong><\/p>\n<ul>\n<li><strong>Po\u017cywne:<\/strong> bogate w b\u0142onnik i bia\u0142ko, niezb\u0119dne dla zdrowej i zbilansowanej diety.<\/li>\n<li><strong>Energetyczne:<\/strong> Zapewniaj\u0105 energi\u0119 i syto\u015b\u0107 i s\u0105 idealne na ka\u017cdy posi\u0142ek w ci\u0105gu dnia.<\/li>\n<li><strong>Zdrowe:<\/strong> Bez dodatk\u00f3w i konserwant\u00f3w, s\u0105 naturalnym i zdrowym wyborem dla ca\u0142ej rodziny.<\/li>\n<li><strong>Wszechstronno\u015b\u0107 w kuchni:<\/strong> Dostosowuj\u0105 si\u0119 do szerokiej gamy przepis\u00f3w, zar\u00f3wno tradycyjnych, jak i nowoczesnych, umo\u017cliwiaj\u0105c tworzenie pysznych i po\u017cywnych da\u0144.<\/li>\n<\/ul>\n<p><strong>Zalecenia dotycz\u0105ce u\u017cytkowania:<\/strong><\/p>\n<ul>\n<li><strong>Sa\u0142atki:<\/strong> Prosz\u0119 dodawa\u0107 je do sa\u0142atek, aby wzbogaci\u0107 ich tekstur\u0119 i warto\u015bci od\u017cywcze.<\/li>\n<li><strong>Gulasze i zupy:<\/strong> Idealne do wzbogacania gulaszu mi\u0119snego, drobiowego lub warzywnego, a tak\u017ce pocieszaj\u0105cych zup.<\/li>\n<li><strong>Hummus:<\/strong> Prosz\u0119 u\u017cy\u0107 ich do przygotowania domowego hummusu, dodaj\u0105c tahini, cytryn\u0119, czosnek i oliw\u0119 z oliwek.<\/li>\n<li><strong>Tradycyjne potrawy:<\/strong> Idealny do gulaszu, zapiekanek i innych tradycyjnych hiszpa\u0144skich przepis\u00f3w.<\/li>\n<\/ul>\n<p><strong>Ochrona:<\/strong><\/p>\n<ul>\n<li>Przechowywa\u0107 w ch\u0142odnym, suchym miejscu.<\/li>\n<li>Przechowywa\u0107 pojemnik szczelnie zamkni\u0119ty, aby zachowa\u0107 \u015bwie\u017co\u015b\u0107.<\/li>\n<\/ul>\n","protected":false},"excerpt":{"rendered":"<p>Prosz\u0119 odkry\u0107 ciecierzyc\u0119 Primera A. I\u00f1igo. I\u00f1igo, starannie wyselekcjonowana, aby zaoferowa\u0107 Pa\u0144stwu najlepsz\u0105 jako\u015b\u0107 i smak ka\u017cdego ziarna. Ta wysokiej jako\u015bci ciecierzyca jest idealnym sk\u0142adnikiem, kt\u00f3ry wzbogaci Pa\u0144stwa dania, zapewniaj\u0105c g\u0142adk\u0105 i kremow\u0105 konsystencj\u0119, kt\u00f3ra dostosowuje si\u0119 do szerokiej gamy przepis\u00f3w. Korzy\u015bci: Po\u017cywne: bogate w b\u0142onnik i bia\u0142ko, niezb\u0119dne dla zdrowej i zbilansowanej diety. Energetyczne: [&hellip;]<\/p>\n","protected":false},"featured_media":14809,"template":"","meta":{"_et_pb_use_builder":"","_et_pb_old_content":"","_et_gb_content_width":""},"product_brand":[1461],"product_cat":[8036],"product_tag":[],"class_list":{"0":"post-40879","1":"product","2":"type-product","3":"status-publish","4":"has-post-thumbnail","6":"product_brand-a-inigo","7":"product_cat-kategoria-testowania","9":"first","10":"outofstock","11":"taxable","12":"shipping-taxable","13":"product-type-variable"},"_links":{"self":[{"href":"https:\/\/myspainfood.com\/pl\/wp-json\/wp\/v2\/product\/40879","targetHints":{"allow":["GET"]}}],"collection":[{"href":"https:\/\/myspainfood.com\/pl\/wp-json\/wp\/v2\/product"}],"about":[{"href":"https:\/\/myspainfood.com\/pl\/wp-json\/wp\/v2\/types\/product"}],"wp:featuredmedia":[{"embeddable":true,"href":"https:\/\/myspainfood.com\/pl\/wp-json\/wp\/v2\/media\/14809"}],"wp:attachment":[{"href":"https:\/\/myspainfood.com\/pl\/wp-json\/wp\/v2\/media?parent=40879"}],"wp:term":[{"taxonomy":"product_brand","embeddable":true,"href":"https:\/\/myspainfood.com\/pl\/wp-json\/wp\/v2\/product_brand?post=40879"},{"taxonomy":"product_cat","embeddable":true,"href":"https:\/\/myspainfood.com\/pl\/wp-json\/wp\/v2\/product_cat?post=40879"},{"taxonomy":"product_tag","embeddable":true,"href":"https:\/\/myspainfood.com\/pl\/wp-json\/wp\/v2\/product_tag?post=40879"}],"curies":[{"name":"wp","href":"https:\/\/api.w.org\/{rel}","templated":true}]}}