{"id":41095,"date":"2025-04-10T12:14:06","date_gmt":"2025-04-10T10:14:06","guid":{"rendered":"https:\/\/myspainfood.com\/producto\/pochas-blancas-de-navarra-a-inigo-autentyczny-tradycyjny-smak-660-gr\/"},"modified":"2025-04-10T12:14:06","modified_gmt":"2025-04-10T10:14:06","slug":"pochas-blancas-de-navarra-a-inigo-autentyczny-tradycyjny-smak-660-gr","status":"publish","type":"product","link":"https:\/\/myspainfood.com\/pl\/producto\/pochas-blancas-de-navarra-a-inigo-autentyczny-tradycyjny-smak-660-gr\/","title":{"rendered":"Pochas Blancas de Navarra A. I\u00f1igo - Autentyczny tradycyjny smak 660 gr"},"content":{"rendered":"<p>A. I\u00f1igo&#8217;s Pochas Blancas to tradycyjny przysmak z regionu Nawarry, znany z wyj\u0105tkowej jako\u015bci i smaku. Te \u015bwie\u017ce ziarna s\u0105 zbierane w optymalnym momencie dojrza\u0142o\u015bci i starannie pakowane, aby zachowa\u0107 ca\u0142\u0105 ich \u015bwie\u017co\u015b\u0107 i sk\u0142adniki od\u017cywcze. <\/p>\n<ul>\n<li><strong>Pochodzenie:<\/strong> Nawarra, Hiszpania<\/li>\n<li><strong>Rodzaj fasoli:<\/strong> Fasola bia\u0142a<\/li>\n<li><strong>Prezentacja:<\/strong> Szklany pojemnik<\/li>\n<li><strong>Sk\u0142adniki:<\/strong> Bia\u0142a fasola kidney, woda, s\u00f3l.<\/li>\n<li><strong>Przechowywanie:<\/strong> Przechowywa\u0107 w ch\u0142odnym, suchym miejscu.<\/li>\n<li><strong>Zalecane zastosowanie:<\/strong> Idealny do gulaszu, sa\u0142atek i tradycyjnych da\u0144 kuchni navarrese i \u015br\u00f3dziemnomorskiej.<\/li>\n<\/ul>\n<p>Bia\u0142a fasola A. I\u00f1igo wyr\u00f3\u017cnia si\u0119 mi\u0119kko\u015bci\u0105 i delikatnym smakiem, kt\u00f3ry doskonale uzupe\u0142nia si\u0119 z innymi sk\u0142adnikami w zupach, gulaszach i sa\u0142atkach. Jej delikatna konsystencja i cienka sk\u00f3rka sprawiaj\u0105, \u017ce jest szczeg\u00f3lnie ceniona przez smakoszy i mi\u0142o\u015bnik\u00f3w tradycyjnej kuchni. <\/p>\n","protected":false},"excerpt":{"rendered":"<p>A. I\u00f1igo&#8217;s Pochas Blancas to tradycyjny przysmak z regionu Nawarry, znany z wyj\u0105tkowej jako\u015bci i smaku. Te \u015bwie\u017ce ziarna s\u0105 zbierane w optymalnym momencie dojrza\u0142o\u015bci i starannie pakowane, aby zachowa\u0107 ca\u0142\u0105 ich \u015bwie\u017co\u015b\u0107 i sk\u0142adniki od\u017cywcze. Pochodzenie: Nawarra, Hiszpania Rodzaj fasoli: Fasola bia\u0142a Prezentacja: Szklany pojemnik Sk\u0142adniki: Bia\u0142a fasola kidney, woda, s\u00f3l. Przechowywanie: Przechowywa\u0107 w [&hellip;]<\/p>\n","protected":false},"featured_media":14683,"template":"","meta":{"_et_pb_use_builder":"","_et_pb_old_content":"","_et_gb_content_width":""},"product_brand":[1461],"product_cat":[3736],"product_tag":[],"class_list":{"0":"post-41095","1":"product","2":"type-product","3":"status-publish","4":"has-post-thumbnail","6":"product_brand-a-inigo","7":"product_cat-konserwy-pl-3","9":"first","10":"outofstock","11":"taxable","12":"shipping-taxable","13":"purchasable","14":"product-type-variable"},"_links":{"self":[{"href":"https:\/\/myspainfood.com\/pl\/wp-json\/wp\/v2\/product\/41095","targetHints":{"allow":["GET"]}}],"collection":[{"href":"https:\/\/myspainfood.com\/pl\/wp-json\/wp\/v2\/product"}],"about":[{"href":"https:\/\/myspainfood.com\/pl\/wp-json\/wp\/v2\/types\/product"}],"wp:featuredmedia":[{"embeddable":true,"href":"https:\/\/myspainfood.com\/pl\/wp-json\/wp\/v2\/media\/14683"}],"wp:attachment":[{"href":"https:\/\/myspainfood.com\/pl\/wp-json\/wp\/v2\/media?parent=41095"}],"wp:term":[{"taxonomy":"product_brand","embeddable":true,"href":"https:\/\/myspainfood.com\/pl\/wp-json\/wp\/v2\/product_brand?post=41095"},{"taxonomy":"product_cat","embeddable":true,"href":"https:\/\/myspainfood.com\/pl\/wp-json\/wp\/v2\/product_cat?post=41095"},{"taxonomy":"product_tag","embeddable":true,"href":"https:\/\/myspainfood.com\/pl\/wp-json\/wp\/v2\/product_tag?post=41095"}],"curies":[{"name":"wp","href":"https:\/\/api.w.org\/{rel}","templated":true}]}}