{"id":41138,"date":"2025-04-10T12:14:28","date_gmt":"2025-04-10T10:14:28","guid":{"rendered":"https:\/\/myspainfood.com\/producto\/la-encajera-przyprawiony-baklazan-w-calosci-560-gramow\/"},"modified":"2025-09-02T10:54:19","modified_gmt":"2025-09-02T08:54:19","slug":"la-encajera-przyprawiony-baklazan-w-calosci-560-gramow","status":"publish","type":"product","link":"https:\/\/myspainfood.com\/pl\/producto\/la-encajera-przyprawiony-baklazan-w-calosci-560-gramow\/","title":{"rendered":"La Encajera Przyprawiony bak\u0142a\u017can w ca\u0142o\u015bci 560 gram\u00f3w"},"content":{"rendered":"<p>Ca\u0142y bak\u0142a\u017can z dressingiem to idealna <a href=\"https:\/\/www.laencajera.es\/berenjenas-de-almagro\" target=\"_blank\" rel=\"noopener noreferrer nofollow\">przystawka<\/a>.<\/p>\n<p>Stosowany r\u00f3wnie\u017c jako dodatek do sa\u0142atek.<\/p>\n<p>Przyprawia si\u0119 je wod\u0105, octem winnym, oliw\u0105 z oliwek, papryk\u0105, sol\u0105, kminkiem i czosnkiem.<\/p>\n<p>Bak\u0142a\u017cany z sosem bak\u0142a\u017canowym pochodz\u0105 z hiszpa\u0144skiej Kastylii la Mancha.<\/p>\n<p>Sk\u0142adniki: S: Bak\u0142a\u017can &#8222;De Almagro&#8221;, Woda, S\u00f3l, Ocet winny, Naturalne przyprawy (Czosnek, Kminek, Papryka, Oliwa z oliwek), Wzmacniacz smaku (E-621) Zakwaszacze (E-330), Konserwanty (E-270, E-211, E-202E-223), Przeciwutleniacz (E-300), Naturalne aromaty.<\/p>\n<p>Przechowywa\u0107 w ch\u0142odnym i suchym miejscu, w temperaturze od 3\u00baC do 10\u00baC. Przechowywa\u0107 z dala od \u015bwiat\u0142a s\u0142onecznego i silnych zapach\u00f3w. <\/p>\n<p>Po otwarciu przechowywa\u0107 w lod\u00f3wce i spo\u017cy\u0107 w ci\u0105gu 30 dni.<\/p>\n<p>Je\u015bli chc\u0105 Pa\u0144stwo kupi\u0107 oliwki lub inny rodzaj <a href=\"https:\/\/latiendadesami.com\/categoria-producto\/encurtidos\/\" rel=\"noopener noreferrer nofollow\" target=\"_blank\">pikli<\/a>, zapraszamy do zapoznania si\u0119 z naszym katalogiem online, w kt\u00f3rym znajd\u0105 Pa\u0144stwo szeroki wyb\u00f3r <a href=\"https:\/\/latiendadesami.com\/categoria-producto\/encurtidos\/berenjenas\/\" target=\"_blank\" rel=\"noopener noreferrer nofollow\">bak\u0142a\u017can\u00f3w<\/a>.<\/p>\n<p>Marka La Encajonera to rodzinna firma za\u0142o\u017cona w 1990 roku, zlokalizowana w samym sercu La Manchy, w mie\u015bcie ALMAGRO, w prowincji Ciudad Real.<\/p>\n<p>Proces wytwarzania produkt\u00f3w rozpoczyna si\u0119 na tym samym obszarze upraw, wybieraj\u0105c produkt najlepszej jako\u015bci.<\/p>\n<p>Fabryka jest wyposa\u017cona w najbardziej zaawansowan\u0105 technologi\u0119, zachowuj\u0105c jednocze\u015bnie tradycj\u0119 i know-how swoich rzemie\u015blnik\u00f3w.<\/p>\n","protected":false},"excerpt":{"rendered":"<p>Ca\u0142y bak\u0142a\u017can z dressingiem to idealna przystawka. Stosowany r\u00f3wnie\u017c jako dodatek do sa\u0142atek. Przyprawia si\u0119 je wod\u0105, octem winnym, oliw\u0105 z oliwek, papryk\u0105, sol\u0105, kminkiem i czosnkiem. Bak\u0142a\u017cany z sosem bak\u0142a\u017canowym pochodz\u0105 z hiszpa\u0144skiej Kastylii la Mancha. Sk\u0142adniki: S: Bak\u0142a\u017can &#8222;De Almagro&#8221;, Woda, S\u00f3l, Ocet winny, Naturalne przyprawy (Czosnek, Kminek, Papryka, Oliwa z oliwek), Wzmacniacz [&hellip;]<\/p>\n","protected":false},"featured_media":7439,"template":"","meta":{"_et_pb_use_builder":"","_et_pb_old_content":"","_et_gb_content_width":""},"product_brand":[1057],"product_cat":[2130,1566],"product_tag":[2133],"class_list":{"0":"post-41138","1":"product","2":"type-product","3":"status-publish","4":"has-post-thumbnail","6":"product_brand-la-encajera","7":"product_cat-baklazany","8":"product_cat-pikle","9":"product_tag-alinada-pl","11":"first","12":"outofstock","13":"taxable","14":"shipping-taxable","15":"product-type-variable"},"_links":{"self":[{"href":"https:\/\/myspainfood.com\/pl\/wp-json\/wp\/v2\/product\/41138","targetHints":{"allow":["GET"]}}],"collection":[{"href":"https:\/\/myspainfood.com\/pl\/wp-json\/wp\/v2\/product"}],"about":[{"href":"https:\/\/myspainfood.com\/pl\/wp-json\/wp\/v2\/types\/product"}],"wp:featuredmedia":[{"embeddable":true,"href":"https:\/\/myspainfood.com\/pl\/wp-json\/wp\/v2\/media\/7439"}],"wp:attachment":[{"href":"https:\/\/myspainfood.com\/pl\/wp-json\/wp\/v2\/media?parent=41138"}],"wp:term":[{"taxonomy":"product_brand","embeddable":true,"href":"https:\/\/myspainfood.com\/pl\/wp-json\/wp\/v2\/product_brand?post=41138"},{"taxonomy":"product_cat","embeddable":true,"href":"https:\/\/myspainfood.com\/pl\/wp-json\/wp\/v2\/product_cat?post=41138"},{"taxonomy":"product_tag","embeddable":true,"href":"https:\/\/myspainfood.com\/pl\/wp-json\/wp\/v2\/product_tag?post=41138"}],"curies":[{"name":"wp","href":"https:\/\/api.w.org\/{rel}","templated":true}]}}