{"id":41720,"date":"2025-04-10T12:12:29","date_gmt":"2025-04-10T10:12:29","guid":{"rendered":"https:\/\/myspainfood.com\/producto\/la-vieja-fabrica-dzem-brzoskwiniowy-diet-280-g\/"},"modified":"2025-04-10T12:12:29","modified_gmt":"2025-04-10T10:12:29","slug":"la-vieja-fabrica-dzem-brzoskwiniowy-diet-280-g","status":"publish","type":"product","link":"https:\/\/myspainfood.com\/pl\/producto\/la-vieja-fabrica-dzem-brzoskwiniowy-diet-280-g\/","title":{"rendered":"La Vieja F\u00e1brica D\u017cem brzoskwiniowy DIET 280 g"},"content":{"rendered":"<p>Dietetyczny d\u017cem brzoskwiniowy La Vieja F\u00e1brica to pyszna opcja dla tych, kt\u00f3rzy chc\u0105 cieszy\u0107 si\u0119 autentycznym smakiem owoc\u00f3w bez dodawania zb\u0119dnych kalorii do swojej diety. Ten d\u017cem, wyprodukowany z wyselekcjonowanych brzoskwi\u0144 i zgodnie z tradycyjnymi rzemie\u015blniczymi recepturami La Vieja F\u00e1brica, oferuje \u015bwie\u017cy i naturalny smak. <\/p>\n<p><strong>Pochodzenie<\/strong>: Hiszpania Producent: \u00c1ngel Camacho Alimentaci\u00f3n, S.L.<\/p>\n<p><strong>Adres producenta<\/strong>: Avda. del Pilar, 6 - 41530 Mor\u00f3n de la Frontera (Sevilla)<\/p>\n<p> <strong> Pochodzenie<\/strong>: Produkt hiszpa\u0144ski<\/p>\n<p><strong>Waga netto<\/strong>: 280 g<\/p>\n<p><strong>Dodatkowe obowi\u0105zkowe informacje na etykiecie<\/strong>: Zawiera 55 g brzoskwi\u0144 na 100 g.<\/p>\n<p><strong>Cukry og\u00f3\u0142em<\/strong>: 42 g na 100 g.<\/p>\n","protected":false},"excerpt":{"rendered":"<p>Dietetyczny d\u017cem brzoskwiniowy La Vieja F\u00e1brica to pyszna opcja dla tych, kt\u00f3rzy chc\u0105 cieszy\u0107 si\u0119 autentycznym smakiem owoc\u00f3w bez dodawania zb\u0119dnych kalorii do swojej diety. Ten d\u017cem, wyprodukowany z wyselekcjonowanych brzoskwi\u0144 i zgodnie z tradycyjnymi rzemie\u015blniczymi recepturami La Vieja F\u00e1brica, oferuje \u015bwie\u017cy i naturalny smak. Pochodzenie: Hiszpania Producent: \u00c1ngel Camacho Alimentaci\u00f3n, S.L. Adres producenta: Avda. [&hellip;]<\/p>\n","protected":false},"featured_media":14260,"template":"","meta":{"_et_pb_use_builder":"","_et_pb_old_content":"","_et_gb_content_width":""},"product_brand":[1460],"product_cat":[1969],"product_tag":[],"class_list":{"0":"post-41720","1":"product","2":"type-product","3":"status-publish","4":"has-post-thumbnail","6":"product_brand-la-vieja-fabrica","7":"product_cat-konserwy","9":"first","10":"outofstock","11":"taxable","12":"shipping-taxable","13":"product-type-variable"},"_links":{"self":[{"href":"https:\/\/myspainfood.com\/pl\/wp-json\/wp\/v2\/product\/41720","targetHints":{"allow":["GET"]}}],"collection":[{"href":"https:\/\/myspainfood.com\/pl\/wp-json\/wp\/v2\/product"}],"about":[{"href":"https:\/\/myspainfood.com\/pl\/wp-json\/wp\/v2\/types\/product"}],"wp:featuredmedia":[{"embeddable":true,"href":"https:\/\/myspainfood.com\/pl\/wp-json\/wp\/v2\/media\/14260"}],"wp:attachment":[{"href":"https:\/\/myspainfood.com\/pl\/wp-json\/wp\/v2\/media?parent=41720"}],"wp:term":[{"taxonomy":"product_brand","embeddable":true,"href":"https:\/\/myspainfood.com\/pl\/wp-json\/wp\/v2\/product_brand?post=41720"},{"taxonomy":"product_cat","embeddable":true,"href":"https:\/\/myspainfood.com\/pl\/wp-json\/wp\/v2\/product_cat?post=41720"},{"taxonomy":"product_tag","embeddable":true,"href":"https:\/\/myspainfood.com\/pl\/wp-json\/wp\/v2\/product_tag?post=41720"}],"curies":[{"name":"wp","href":"https:\/\/api.w.org\/{rel}","templated":true}]}}