{"id":41763,"date":"2025-04-10T12:12:57","date_gmt":"2025-04-10T10:12:57","guid":{"rendered":"https:\/\/myspainfood.com\/producto\/a-inigo-fasolka-szparagowa-okragla-srednia-kawalki-400-gr\/"},"modified":"2025-04-10T12:12:57","modified_gmt":"2025-04-10T10:12:57","slug":"a-inigo-fasolka-szparagowa-okragla-srednia-kawalki-400-gr","status":"publish","type":"product","link":"https:\/\/myspainfood.com\/pl\/producto\/a-inigo-fasolka-szparagowa-okragla-srednia-kawalki-400-gr\/","title":{"rendered":"A.I\u00f1igo Fasolka szparagowa okr\u0105g\u0142a \u015brednia kawa\u0142ki 400 gr"},"content":{"rendered":"<p>Fasolka szparagowa A.I\u00f1igo to doskona\u0142o\u015b\u0107 \u015bwie\u017co\u015bci i smaku. Ta starannie wyselekcjonowana i zebrana w optymalnym momencie dojrza\u0142o\u015bci zielona fasolka to idealny wyb\u00f3r do ka\u017cdego codziennego posi\u0142ku. <\/p>\n<p><strong>Warto\u015b\u0107 energetyczna:<\/strong> 15,9 kJ \/ 67,5 kcal<\/p>\n<p><strong>T\u0142uszcz<\/strong>: 0 g<\/p>\n<p><strong>Z czego nasycone<\/strong> 0 g<\/p>\n<p><strong>W\u0119glowodany:<\/strong> 3,3 g<\/p>\n<p><strong>W tym cukry<\/strong>: 0,8 g<\/p>\n<p><strong>B\u0142onnik pokarmowy<\/strong>: 1,5 g<\/p>\n<p><strong>Bia\u0142ko<\/strong>: 0,67 g<\/p>\n<p><strong>S\u00f3l<\/strong>: 0,5 g<\/p>\n","protected":false},"excerpt":{"rendered":"<p>Fasolka szparagowa A.I\u00f1igo to doskona\u0142o\u015b\u0107 \u015bwie\u017co\u015bci i smaku. Ta starannie wyselekcjonowana i zebrana w optymalnym momencie dojrza\u0142o\u015bci zielona fasolka to idealny wyb\u00f3r do ka\u017cdego codziennego posi\u0142ku. Warto\u015b\u0107 energetyczna: 15,9 kJ \/ 67,5 kcal T\u0142uszcz: 0 g Z czego nasycone 0 g W\u0119glowodany: 3,3 g W tym cukry: 0,8 g B\u0142onnik pokarmowy: 1,5 g Bia\u0142ko: 0,67 [&hellip;]<\/p>\n","protected":false},"featured_media":14530,"template":"","meta":{"_et_pb_use_builder":"","_et_pb_old_content":"","_et_gb_content_width":""},"product_brand":[1461],"product_cat":[1969],"product_tag":[],"class_list":{"0":"post-41763","1":"product","2":"type-product","3":"status-publish","4":"has-post-thumbnail","6":"product_brand-a-inigo","7":"product_cat-konserwy","9":"first","10":"instock","11":"taxable","12":"shipping-taxable","13":"product-type-variable"},"_links":{"self":[{"href":"https:\/\/myspainfood.com\/pl\/wp-json\/wp\/v2\/product\/41763","targetHints":{"allow":["GET"]}}],"collection":[{"href":"https:\/\/myspainfood.com\/pl\/wp-json\/wp\/v2\/product"}],"about":[{"href":"https:\/\/myspainfood.com\/pl\/wp-json\/wp\/v2\/types\/product"}],"wp:featuredmedia":[{"embeddable":true,"href":"https:\/\/myspainfood.com\/pl\/wp-json\/wp\/v2\/media\/14530"}],"wp:attachment":[{"href":"https:\/\/myspainfood.com\/pl\/wp-json\/wp\/v2\/media?parent=41763"}],"wp:term":[{"taxonomy":"product_brand","embeddable":true,"href":"https:\/\/myspainfood.com\/pl\/wp-json\/wp\/v2\/product_brand?post=41763"},{"taxonomy":"product_cat","embeddable":true,"href":"https:\/\/myspainfood.com\/pl\/wp-json\/wp\/v2\/product_cat?post=41763"},{"taxonomy":"product_tag","embeddable":true,"href":"https:\/\/myspainfood.com\/pl\/wp-json\/wp\/v2\/product_tag?post=41763"}],"curies":[{"name":"wp","href":"https:\/\/api.w.org\/{rel}","templated":true}]}}