{"id":42306,"date":"2025-04-10T12:10:03","date_gmt":"2025-04-10T10:10:03","guid":{"rendered":"https:\/\/myspainfood.com\/producto\/tunczyk-bialy-w-oliwie-z-oliwek-oti-415-gr-12-szt\/"},"modified":"2025-04-10T12:10:03","modified_gmt":"2025-04-10T10:10:03","slug":"tunczyk-bialy-w-oliwie-z-oliwek-oti-415-gr-12-szt","status":"publish","type":"product","link":"https:\/\/myspainfood.com\/pl\/producto\/tunczyk-bialy-w-oliwie-z-oliwek-oti-415-gr-12-szt\/","title":{"rendered":"Tu\u0144czyk bia\u0142y w oliwie z oliwek OTI 415 gr 12 szt."},"content":{"rendered":"<p>OTI White Tuna 415 gr to naturalny produkt opracowany w spos\u00f3b <a href=\"http:\/\/www.conservasoti.es\/paginas\/historia.html\" target=\"_blank\" rel=\"noopener noreferrer nofollow\">rzemie\u015blniczy<\/a>.<\/p>\n<p>Sk\u0142adniki: Bia\u0142y tu\u0144czyk, oliwa z oliwek i s\u00f3l.<\/p>\n<p>Conservas Oti to firma z rodzinn\u0105 tradycj\u0105, kt\u00f3rej dobra praca jest przekazywana z pokolenia na pokolenie.<\/p>\n<p>Ci\u0119\u017cka praca i wysi\u0142ek rodziny w du\u017cej mierze umo\u017cliwi\u0142y <span class=\"negrita\">Conservas Oti<\/span> rozw\u00f3j i ekspansj\u0119.<\/p>\n<p>G\u0142\u00f3wne obszary dzia\u0142alno\u015bci to From the Sea, From the Land i From the Farm.<\/p>\n<p>Z morza: Ma\u0142\u017ce, Ventresca, Sardinillas, Melva&#8230; Bonito del norte Costera OTI 415 g <\/p>\n<p>Lokalne produkty obejmuj\u0105: ciecierzyc\u0119 mleczn\u0105, bia\u0142\u0105 fasol\u0119 Kidney, fasol\u0119 Pinto, soczewic\u0119 Pardina&#8230;<\/p>\n<p>Z gospodarstwa: ser PUro de Oveja, szynka iberyjska z \u017co\u0142\u0119dzi, salchich\u00f3n z \u017co\u0142\u0119dzi, chorizo z \u017co\u0142\u0119dzi iberyjskich&#8230;<\/p>\n<h4>G\u0142\u00f3wne zalety \u017cywno\u015bci w puszkach<\/h4>\n<ol>\n<li>Zachowuj\u0105 one wszystkie w\u0142a\u015bciwo\u015bci od\u017cywcze samej \u017cywno\u015bci. \u017bywno\u015b\u0107 zachowuje swoj\u0105 \u015bwie\u017co\u015b\u0107. <\/li>\n<li>Stosowana \u017cywno\u015b\u0107 jest zdrowa i dlatego nadaje si\u0119 do optymalnej diety ze wzgl\u0119du na wysok\u0105 zawarto\u015b\u0107 witamin i bia\u0142ka.<\/li>\n<li>Produkty te maj\u0105 d\u0142u\u017csz\u0105 \u017cywotno\u015b\u0107 (typowo 2-5 lat).<\/li>\n<li>Przetwory s\u0105 bardzo \u0142atwe w przechowywaniu, poniewa\u017c ich opakowanie jest \u0142atwe do na\u0142o\u017cenia.<\/li>\n<\/ol>\n<p>Je\u015bli chc\u0105 Pa\u0144stwo kupi\u0107 tu\u0144czyka lub jakikolwiek inny rodzaj <a href=\"https:\/\/latiendadesami.com\/categoria-producto\/conservas\/\" rel=\"noopener noreferrer nofollow\" target=\"_blank\">\u017cywno\u015bci w puszkach<\/a>, prosz\u0119 nie waha\u0107 si\u0119 i zajrze\u0107 do naszego katalogu online, aby zapozna\u0107 si\u0119 z szerok\u0105 gam\u0105 oferowanych przez nas <a href=\"https:\/\/latiendadesami.com\/categoria-producto\/conservas\/atun-y-bonito\/\" target=\"_blank\" rel=\"noopener noreferrer nofollow\">tu\u0144czyk\u00f3w<\/a>.<\/p>\n<p>Prosz\u0119 napisa\u0107 do nas, aby uzyska\u0107 wi\u0119cej informacji.<\/p>\n","protected":false},"excerpt":{"rendered":"<p>OTI White Tuna 415 gr to naturalny produkt opracowany w spos\u00f3b rzemie\u015blniczy. Sk\u0142adniki: Bia\u0142y tu\u0144czyk, oliwa z oliwek i s\u00f3l. Conservas Oti to firma z rodzinn\u0105 tradycj\u0105, kt\u00f3rej dobra praca jest przekazywana z pokolenia na pokolenie. Ci\u0119\u017cka praca i wysi\u0142ek rodziny w du\u017cej mierze umo\u017cliwi\u0142y Conservas Oti rozw\u00f3j i ekspansj\u0119. G\u0142\u00f3wne obszary dzia\u0142alno\u015bci to From [&hellip;]<\/p>\n","protected":false},"featured_media":10318,"template":"","meta":{"_et_pb_use_builder":"","_et_pb_old_content":"","_et_gb_content_width":""},"product_brand":[1075],"product_cat":[8582,2921],"product_tag":[6505],"class_list":{"0":"post-42306","1":"product","2":"type-product","3":"status-publish","4":"has-post-thumbnail","6":"product_brand-oti","7":"product_cat-konserwy-pl-5","8":"product_cat-sprzedaz-hurtowa","9":"product_tag-wybrzeze","11":"first","12":"instock","13":"taxable","14":"shipping-taxable","15":"product-type-variable"},"_links":{"self":[{"href":"https:\/\/myspainfood.com\/pl\/wp-json\/wp\/v2\/product\/42306","targetHints":{"allow":["GET"]}}],"collection":[{"href":"https:\/\/myspainfood.com\/pl\/wp-json\/wp\/v2\/product"}],"about":[{"href":"https:\/\/myspainfood.com\/pl\/wp-json\/wp\/v2\/types\/product"}],"wp:featuredmedia":[{"embeddable":true,"href":"https:\/\/myspainfood.com\/pl\/wp-json\/wp\/v2\/media\/10318"}],"wp:attachment":[{"href":"https:\/\/myspainfood.com\/pl\/wp-json\/wp\/v2\/media?parent=42306"}],"wp:term":[{"taxonomy":"product_brand","embeddable":true,"href":"https:\/\/myspainfood.com\/pl\/wp-json\/wp\/v2\/product_brand?post=42306"},{"taxonomy":"product_cat","embeddable":true,"href":"https:\/\/myspainfood.com\/pl\/wp-json\/wp\/v2\/product_cat?post=42306"},{"taxonomy":"product_tag","embeddable":true,"href":"https:\/\/myspainfood.com\/pl\/wp-json\/wp\/v2\/product_tag?post=42306"}],"curies":[{"name":"wp","href":"https:\/\/api.w.org\/{rel}","templated":true}]}}