{"id":42335,"date":"2025-04-10T12:11:27","date_gmt":"2025-04-10T10:11:27","guid":{"rendered":"https:\/\/myspainfood.com\/producto\/domowe-kruche-pieczywo-500-gramow-worek-la-ponderosa\/"},"modified":"2025-04-10T12:11:27","modified_gmt":"2025-04-10T10:11:27","slug":"domowe-kruche-pieczywo-500-gramow-worek-la-ponderosa","status":"publish","type":"product","link":"https:\/\/myspainfood.com\/pl\/producto\/domowe-kruche-pieczywo-500-gramow-worek-la-ponderosa\/","title":{"rendered":"Domowe kruche pieczywo 500 gram\u00f3w worek La Ponderosa"},"content":{"rendered":"<p>Czekoladowe, cytrynowe, cynamonowe&#8230; Na rynku dost\u0119pnych jest wiele smak\u00f3w mantecados, ale je\u015bli s\u0105 takie, kt\u00f3rych nie mo\u017ce zabrakn\u0105\u0107 na \u015bwi\u0105tecznym stole, to s\u0105 to mantecados domowej roboty. Mieszanka jako\u015bci, poniewa\u017c nasze domowe mantecados s\u0105 wytwarzane z najlepszych sk\u0142adnik\u00f3w, z kunsztem, tradycj\u0105 produktu, kt\u00f3ry jest sprzedawany od lat w naszym kraju, sprawiaj\u0105, \u017ce jest to jeden z najlepiej sprzedaj\u0105cych si\u0119 produkt\u00f3w w\u015br\u00f3d naszych klient\u00f3w. <\/p>\n<p>Sk\u0142adniki:<\/p>\n<p>M\u0105ka pszenna, cukier, smalec iberyjski (przeciwutleniacz: E-320), cynamon i nasiona sezamu. Mo\u017ce zawiera\u0107 \u015bladowe ilo\u015bci orzech\u00f3w, orzeszk\u00f3w ziemnych i siarczyn\u00f3w. <\/p>\n<p>Alergeny<\/p>\n<p>Zawiera gluten i sezam. Mo\u017ce zawiera\u0107 \u015bladowe ilo\u015bci orzech\u00f3w, orzeszk\u00f3w ziemnych i siarczyn\u00f3w. <\/p>\n","protected":false},"excerpt":{"rendered":"<p>Czekoladowe, cytrynowe, cynamonowe&#8230; Na rynku dost\u0119pnych jest wiele smak\u00f3w mantecados, ale je\u015bli s\u0105 takie, kt\u00f3rych nie mo\u017ce zabrakn\u0105\u0107 na \u015bwi\u0105tecznym stole, to s\u0105 to mantecados domowej roboty. Mieszanka jako\u015bci, poniewa\u017c nasze domowe mantecados s\u0105 wytwarzane z najlepszych sk\u0142adnik\u00f3w, z kunsztem, tradycj\u0105 produktu, kt\u00f3ry jest sprzedawany od lat w naszym kraju, sprawiaj\u0105, \u017ce jest to jeden [&hellip;]<\/p>\n","protected":false},"featured_media":13774,"template":"","meta":{"_et_pb_use_builder":"","_et_pb_old_content":"","_et_gb_content_width":""},"product_brand":[1417],"product_cat":[1969,7722],"product_tag":[],"class_list":{"0":"post-42335","1":"product","2":"type-product","3":"status-publish","4":"has-post-thumbnail","6":"product_brand-la-ponderosa","7":"product_cat-konserwy","8":"product_cat-swiateczny-program-specjalny","10":"first","11":"outofstock","12":"taxable","13":"shipping-taxable","14":"product-type-variable"},"_links":{"self":[{"href":"https:\/\/myspainfood.com\/pl\/wp-json\/wp\/v2\/product\/42335","targetHints":{"allow":["GET"]}}],"collection":[{"href":"https:\/\/myspainfood.com\/pl\/wp-json\/wp\/v2\/product"}],"about":[{"href":"https:\/\/myspainfood.com\/pl\/wp-json\/wp\/v2\/types\/product"}],"wp:featuredmedia":[{"embeddable":true,"href":"https:\/\/myspainfood.com\/pl\/wp-json\/wp\/v2\/media\/13774"}],"wp:attachment":[{"href":"https:\/\/myspainfood.com\/pl\/wp-json\/wp\/v2\/media?parent=42335"}],"wp:term":[{"taxonomy":"product_brand","embeddable":true,"href":"https:\/\/myspainfood.com\/pl\/wp-json\/wp\/v2\/product_brand?post=42335"},{"taxonomy":"product_cat","embeddable":true,"href":"https:\/\/myspainfood.com\/pl\/wp-json\/wp\/v2\/product_cat?post=42335"},{"taxonomy":"product_tag","embeddable":true,"href":"https:\/\/myspainfood.com\/pl\/wp-json\/wp\/v2\/product_tag?post=42335"}],"curies":[{"name":"wp","href":"https:\/\/api.w.org\/{rel}","templated":true}]}}