{"id":42364,"date":"2025-04-10T12:11:27","date_gmt":"2025-04-10T10:11:27","guid":{"rendered":"https:\/\/myspainfood.com\/producto\/torebka-asortymentowa-400-g-la-ponderosa\/"},"modified":"2025-07-31T16:53:32","modified_gmt":"2025-07-31T14:53:32","slug":"torebka-asortymentowa-400-g-la-ponderosa","status":"publish","type":"product","link":"https:\/\/myspainfood.com\/pl\/producto\/torebka-asortymentowa-400-g-la-ponderosa\/","title":{"rendered":"Torebka asortymentowa 400 g La Ponderosa"},"content":{"rendered":"<p>Opis<\/p>\n<p>W tym asortymencie minis bag 400 gr znajd\u0105 Pa\u0144stwo najbardziej tradycyjne produkty \u015bwi\u0105teczne. W jednym produkcie znajd\u0105 Pa\u0144stwo wyb\u00f3r: <\/p>\n<p>- P\u0105czki z winem i migda\u0142ami. Mini wersja naszego wykwintnego p\u0105czka z winem. Okr\u0105g\u0142e, z dziurk\u0105 w \u015brodku, ze s\u0142odkim winem, migda\u0142ami, sezamem i cukrem pudrem.  <\/p>\n<p>- Polvoroncitos de almendra. Czym by\u0142yby \u015awi\u0119ta Bo\u017cego Narodzenia bez tradycyjnych polvoronones? Cho\u0107 s\u0105 mniejsze od oryginalnych, nasze polvoroncitos zachowuj\u0105 charakterystyczny migda\u0142owy smak.  <\/p>\n<p>- Cynamonowe kruche ciasteczka. Kr\u00f3l \u015bwi\u0105t Bo\u017cego Narodzenia razem z polvor\u00f3n. Mini wersja naszego mantecado wykonana jest z tych samych sk\u0142adnik\u00f3w: mas\u0142a, m\u0105ki, mielonych migda\u0142\u00f3w, nasion sezamu i cynamonu.  <\/p>\n<p>Sk\u0142adniki<\/p>\n<p>Mini mas\u0142o cynamonowe: M\u0105ka pszenna, cukier, smalec iberyjski (przeciwutleniacz: E-320), cynamon (1%) i nasiona sezamu. Mo\u017ce zawiera\u0107 \u015bladowe ilo\u015bci orzech\u00f3w, orzeszk\u00f3w ziemnych i siarczyn\u00f3w. <\/p>\n<p>Mini polvor\u00f3n migda\u0142owy: M\u0105ka pszenna, cukier, smalec iberyjski (przeciwutleniacz: E-320), migda\u0142y (8%), cynamon, go\u017adziki i aromat cytrynowy. Mo\u017ce zawiera\u0107 \u015bladowe ilo\u015bci orzeszk\u00f3w ziemnych, sezamu i siarczyn\u00f3w. <\/p>\n<p>Mini p\u0105czek z winem i migda\u0142ami: m\u0105ka pszenna, smalec iberyjski (przeciwutleniacz: E-320), cukier, wino (zawiera siarczyny) (12%), migda\u0142y (5%), any\u017c, cynamon, nasiona sezamu, aromat any\u017cowy i aromat cytrynowy. Mo\u017ce zawiera\u0107 \u015bladowe ilo\u015bci orzeszk\u00f3w ziemnych. <\/p>\n<p>Alergeny<\/p>\n<p>Zawiera gluten, orzechy, sezam i siarczyny. Mo\u017ce zawiera\u0107 \u015bladowe ilo\u015bci orzeszk\u00f3w ziemnych. <\/p>\n","protected":false},"excerpt":{"rendered":"<p>Opis W tym asortymencie minis bag 400 gr znajd\u0105 Pa\u0144stwo najbardziej tradycyjne produkty \u015bwi\u0105teczne. W jednym produkcie znajd\u0105 Pa\u0144stwo wyb\u00f3r: - P\u0105czki z winem i migda\u0142ami. Mini wersja naszego wykwintnego p\u0105czka z winem. Okr\u0105g\u0142e, z dziurk\u0105 w \u015brodku, ze s\u0142odkim winem, migda\u0142ami, sezamem i cukrem pudrem. - Polvoroncitos de almendra. Czym by\u0142yby \u015awi\u0119ta Bo\u017cego Narodzenia [&hellip;]<\/p>\n","protected":false},"featured_media":13792,"template":"","meta":{"_et_pb_use_builder":"","_et_pb_old_content":"","_et_gb_content_width":""},"product_brand":[1417],"product_cat":[1969,7722],"product_tag":[],"class_list":{"0":"post-42364","1":"product","2":"type-product","3":"status-publish","4":"has-post-thumbnail","6":"product_brand-la-ponderosa","7":"product_cat-konserwy","8":"product_cat-swiateczny-program-specjalny","10":"first","11":"outofstock","12":"taxable","13":"shipping-taxable","14":"product-type-variable"},"_links":{"self":[{"href":"https:\/\/myspainfood.com\/pl\/wp-json\/wp\/v2\/product\/42364","targetHints":{"allow":["GET"]}}],"collection":[{"href":"https:\/\/myspainfood.com\/pl\/wp-json\/wp\/v2\/product"}],"about":[{"href":"https:\/\/myspainfood.com\/pl\/wp-json\/wp\/v2\/types\/product"}],"wp:featuredmedia":[{"embeddable":true,"href":"https:\/\/myspainfood.com\/pl\/wp-json\/wp\/v2\/media\/13792"}],"wp:attachment":[{"href":"https:\/\/myspainfood.com\/pl\/wp-json\/wp\/v2\/media?parent=42364"}],"wp:term":[{"taxonomy":"product_brand","embeddable":true,"href":"https:\/\/myspainfood.com\/pl\/wp-json\/wp\/v2\/product_brand?post=42364"},{"taxonomy":"product_cat","embeddable":true,"href":"https:\/\/myspainfood.com\/pl\/wp-json\/wp\/v2\/product_cat?post=42364"},{"taxonomy":"product_tag","embeddable":true,"href":"https:\/\/myspainfood.com\/pl\/wp-json\/wp\/v2\/product_tag?post=42364"}],"curies":[{"name":"wp","href":"https:\/\/api.w.org\/{rel}","templated":true}]}}