{"id":42390,"date":"2025-04-10T12:12:05","date_gmt":"2025-04-10T10:12:05","guid":{"rendered":"https:\/\/myspainfood.com\/producto\/senorio-de-nava-ribera-del-duero-2022-75-cl\/"},"modified":"2026-01-29T12:33:48","modified_gmt":"2026-01-29T11:33:48","slug":"senorio-de-nava-ribera-del-duero-2022-75-cl","status":"publish","type":"product","link":"https:\/\/myspainfood.com\/pl\/producto\/senorio-de-nava-ribera-del-duero-2022-75-cl\/","title":{"rendered":"Se\u00f1or\u00edo De Nava Ribera Del Duero 2022 75 cl"},"content":{"rendered":"<p>Odkryj autentyczny smak Ribera del Duero z Se\u00f1or\u00edo De Nava! To presti\u017cowe wino z Denominaci\u00f3n de Origen Ribera del Duero oddaje esencj\u0119 tego s\u0142ynnego hiszpa\u0144skiego regionu winiarskiego. <\/p>\n<p>Se\u00f1or\u00edo De Nava Ribera Del Duero to wynik starannej selekcji winogron Tempranillo, emblematycznej odmiany regionu, uprawianej w uprzywilejowanych winnicach sk\u0105panej w s\u0142o\u0144cu doliny rzeki Duero. Dzi\u0119ki kontrolowanej fermentacji i skrupulatnemu procesowi starzenia w d\u0119bowych beczkach, wino to wyr\u00f3\u017cnia si\u0119 z\u0142o\u017conym charakterem i wyj\u0105tkow\u0105 r\u00f3wnowag\u0105. <\/p>\n<p>Na podniebieniu wyczuwalne s\u0105 intensywne nuty dojrza\u0142ych owoc\u00f3w, subtelne nuty d\u0119bu i dobrze zdefiniowana struktura, kt\u00f3ra ko\u0144czy si\u0119 d\u0142ugim, satysfakcjonuj\u0105cym finiszem. Se\u00f1or\u00edo De Nava Ribera Del Duero jest idealnym towarzyszem na specjalne okazje, od eleganckich kolacji po nieformalne spotkania z przyjaci\u00f3\u0142mi. <\/p>\n<p>Prosz\u0119 da\u0107 si\u0119 uwie\u015b\u0107 elegancji i tradycji Ribera del Duero z ka\u017cdym \u0142ykiem Se\u00f1or\u00edo De Nava. Ciesz si\u0119 enologiczn\u0105 doskona\u0142o\u015bci\u0105 jednego z najwybitniejszych region\u00f3w winiarskich Hiszpanii i spraw, by ka\u017cda okazja by\u0142a niezapomniana dzi\u0119ki temu wykwintnemu winu!  <\/p>\n","protected":false},"excerpt":{"rendered":"<p>Se\u00f1or\u00edo De Nava Ribera Del Duero to wynik starannej selekcji winogron Tempranillo, emblematycznej odmiany regionu, uprawianej w uprzywilejowanych winnicach sk\u0105panej w s\u0142o\u0144cu doliny rzeki Duero. Dzi\u0119ki kontrolowanej fermentacji i skrupulatnemu procesowi starzenia w d\u0119bowych beczkach, wino to wyr\u00f3\u017cnia si\u0119 z\u0142o\u017conym charakterem i wyj\u0105tkow\u0105 r\u00f3wnowag\u0105. <\/p>\n","protected":false},"featured_media":14179,"template":"","meta":{"_et_pb_use_builder":"","_et_pb_old_content":"","_et_gb_content_width":""},"product_brand":[1224],"product_cat":[4877,4879],"product_tag":[],"class_list":{"0":"post-42390","1":"product","2":"type-product","3":"status-publish","4":"has-post-thumbnail","6":"product_brand-senorio-de-nava","7":"product_cat-napoje-pl","8":"product_cat-wino","10":"first","11":"outofstock","12":"taxable","13":"shipping-taxable","14":"product-type-variable"},"_links":{"self":[{"href":"https:\/\/myspainfood.com\/pl\/wp-json\/wp\/v2\/product\/42390","targetHints":{"allow":["GET"]}}],"collection":[{"href":"https:\/\/myspainfood.com\/pl\/wp-json\/wp\/v2\/product"}],"about":[{"href":"https:\/\/myspainfood.com\/pl\/wp-json\/wp\/v2\/types\/product"}],"wp:featuredmedia":[{"embeddable":true,"href":"https:\/\/myspainfood.com\/pl\/wp-json\/wp\/v2\/media\/14179"}],"wp:attachment":[{"href":"https:\/\/myspainfood.com\/pl\/wp-json\/wp\/v2\/media?parent=42390"}],"wp:term":[{"taxonomy":"product_brand","embeddable":true,"href":"https:\/\/myspainfood.com\/pl\/wp-json\/wp\/v2\/product_brand?post=42390"},{"taxonomy":"product_cat","embeddable":true,"href":"https:\/\/myspainfood.com\/pl\/wp-json\/wp\/v2\/product_cat?post=42390"},{"taxonomy":"product_tag","embeddable":true,"href":"https:\/\/myspainfood.com\/pl\/wp-json\/wp\/v2\/product_tag?post=42390"}],"curies":[{"name":"wp","href":"https:\/\/api.w.org\/{rel}","templated":true}]}}