{"id":42450,"date":"2025-04-10T12:12:05","date_gmt":"2025-04-10T10:12:05","guid":{"rendered":"https:\/\/myspainfood.com\/producto\/marmolada-z-gorzkiej-pomaranczy-la-vieja-fabrica-280-g\/"},"modified":"2025-04-10T12:12:05","modified_gmt":"2025-04-10T10:12:05","slug":"marmolada-z-gorzkiej-pomaranczy-la-vieja-fabrica-280-g","status":"publish","type":"product","link":"https:\/\/myspainfood.com\/pl\/producto\/marmolada-z-gorzkiej-pomaranczy-la-vieja-fabrica-280-g\/","title":{"rendered":"Marmolada z gorzkiej pomara\u0144czy La Vieja F\u00e1brica 280 g"},"content":{"rendered":"<p>Marmolada z gorzkich pomara\u0144czy La Vieja F\u00e1brica to tradycyjny hiszpa\u0144ski produkt, kt\u00f3ry wyr\u00f3\u017cnia si\u0119 autentycznym i pysznym smakiem. Produkowana z najlepszych gorzkich pomara\u0144czy i wed\u0142ug tradycyjnych receptur, oferuje idealn\u0105 r\u00f3wnowag\u0119 mi\u0119dzy s\u0142odycz\u0105 i goryczk\u0105. Idealna jako dodatek do \u015bniada\u0144, przek\u0105sek lub deser\u00f3w, ta marmolada to rozkosz, kt\u00f3ra wniesie na Pa\u0144stwa st\u00f3\u0142 bogactwo tradycyjnych smak\u00f3w Hiszpanii.  <\/p>\n<p>&nbsp;<\/p>\n<p><span class=\"info-key \"><strong>Nazwa \u015brodka spo\u017cywczego<\/strong>:<\/span> Marmolada z gorzkich pomara\u0144czy<\/p>\n<p><span class=\"info-key \"><strong>Nazwa podmiotu gospodarczego<\/strong>:<\/span> \u00c1ngel Camacho Alimentaci\u00f3n, S.L.<\/p>\n<p><span class=\"info-key \"><strong>Adres operatora<\/strong>:<\/span> Avda. del Pilar, 6 - 41530 Mor\u00f3n de la Frontera (Sevilla)<\/p>\n<p><span class=\"info-key \"><strong>Miejsce pochodzenia \u015brodka spo\u017cywczego<\/strong>:<\/span> Produkt Hiszpanii<\/p>\n<p><span class=\"info-key \"><strong>Ilo\u015b\u0107 netto<\/strong>:<\/span> 365 g<\/p>\n<p><span class=\"info-key \"><strong>Inne obowi\u0105zkowe informacje na etykiecie<\/strong>:<\/span> wyprodukowano z 40 g pomara\u0144czy na 100 g.<\/p>\n<p><strong>Ca\u0142kowita zawarto\u015b\u0107 cukru<\/strong> 65 g na 100 g.<\/p>\n","protected":false},"excerpt":{"rendered":"<p>Marmolada z gorzkich pomara\u0144czy La Vieja F\u00e1brica to tradycyjny hiszpa\u0144ski produkt, kt\u00f3ry wyr\u00f3\u017cnia si\u0119 autentycznym i pysznym smakiem. Produkowana z najlepszych gorzkich pomara\u0144czy i wed\u0142ug tradycyjnych receptur, oferuje idealn\u0105 r\u00f3wnowag\u0119 mi\u0119dzy s\u0142odycz\u0105 i goryczk\u0105. Idealna jako dodatek do \u015bniada\u0144, przek\u0105sek lub deser\u00f3w, ta marmolada to rozkosz, kt\u00f3ra wniesie na Pa\u0144stwa st\u00f3\u0142 bogactwo tradycyjnych smak\u00f3w Hiszpanii. [&hellip;]<\/p>\n","protected":false},"featured_media":14215,"template":"","meta":{"_et_pb_use_builder":"","_et_pb_old_content":"","_et_gb_content_width":""},"product_brand":[1460],"product_cat":[1969],"product_tag":[],"class_list":{"0":"post-42450","1":"product","2":"type-product","3":"status-publish","4":"has-post-thumbnail","6":"product_brand-la-vieja-fabrica","7":"product_cat-konserwy","9":"first","10":"outofstock","11":"taxable","12":"shipping-taxable","13":"product-type-variable"},"_links":{"self":[{"href":"https:\/\/myspainfood.com\/pl\/wp-json\/wp\/v2\/product\/42450","targetHints":{"allow":["GET"]}}],"collection":[{"href":"https:\/\/myspainfood.com\/pl\/wp-json\/wp\/v2\/product"}],"about":[{"href":"https:\/\/myspainfood.com\/pl\/wp-json\/wp\/v2\/types\/product"}],"wp:featuredmedia":[{"embeddable":true,"href":"https:\/\/myspainfood.com\/pl\/wp-json\/wp\/v2\/media\/14215"}],"wp:attachment":[{"href":"https:\/\/myspainfood.com\/pl\/wp-json\/wp\/v2\/media?parent=42450"}],"wp:term":[{"taxonomy":"product_brand","embeddable":true,"href":"https:\/\/myspainfood.com\/pl\/wp-json\/wp\/v2\/product_brand?post=42450"},{"taxonomy":"product_cat","embeddable":true,"href":"https:\/\/myspainfood.com\/pl\/wp-json\/wp\/v2\/product_cat?post=42450"},{"taxonomy":"product_tag","embeddable":true,"href":"https:\/\/myspainfood.com\/pl\/wp-json\/wp\/v2\/product_tag?post=42450"}],"curies":[{"name":"wp","href":"https:\/\/api.w.org\/{rel}","templated":true}]}}