{"id":42828,"date":"2025-04-10T12:11:37","date_gmt":"2025-04-10T10:11:37","guid":{"rendered":"https:\/\/myspainfood.com\/producto\/pluszowe-misie-rysujace-usmiechy-1-kg-damel\/"},"modified":"2025-04-10T12:11:37","modified_gmt":"2025-04-10T10:11:37","slug":"pluszowe-misie-rysujace-usmiechy-1-kg-damel","status":"publish","type":"product","link":"https:\/\/myspainfood.com\/pl\/producto\/pluszowe-misie-rysujace-usmiechy-1-kg-damel\/","title":{"rendered":"Pluszowe misie rysuj\u0105ce u\u015bmiechy 1 kg DAMEL"},"content":{"rendered":"","protected":false},"excerpt":{"rendered":"<p>Damel to \u015bwiat zabawy, kt\u00f3ry sprawia, \u017ce czuj\u0105 si\u0119 Pa\u0144stwo dobrze. Za ka\u017cdym razem, gdy otwieraj\u0105 Pa\u0144stwo torebk\u0119 Damel, na Pa\u0144stwa twarzach pojawia si\u0119 u\u015bmiech zadowolenia i rado\u015bci.<\/p>\n<p>W Damel znajd\u0105 Pa\u0144stwo szerok\u0105 gam\u0119 wysokiej jako\u015bci produkt\u00f3w, pe\u0142nych smak\u00f3w, kolor\u00f3w i tekstur. Zaprojektowane dla Pa\u0144stwa w ka\u017cdej chwili i na ka\u017cd\u0105 okazj\u0119: od ma\u0142ych torebek, du\u017cych format\u00f3w, mieszanych smak\u00f3w lub smaku, kt\u00f3ry kochaj\u0105 Pa\u0144stwo najbardziej! <\/p>\n","protected":false},"featured_media":13846,"template":"","meta":{"_et_pb_use_builder":"","_et_pb_old_content":"","_et_gb_content_width":""},"product_brand":[1435],"product_cat":[1969,7722],"product_tag":[],"class_list":{"0":"post-42828","1":"product","2":"type-product","3":"status-publish","4":"has-post-thumbnail","6":"product_brand-damel","7":"product_cat-konserwy","8":"product_cat-swiateczny-program-specjalny","10":"first","11":"outofstock","12":"taxable","13":"shipping-taxable","14":"purchasable","15":"product-type-simple"},"_links":{"self":[{"href":"https:\/\/myspainfood.com\/pl\/wp-json\/wp\/v2\/product\/42828","targetHints":{"allow":["GET"]}}],"collection":[{"href":"https:\/\/myspainfood.com\/pl\/wp-json\/wp\/v2\/product"}],"about":[{"href":"https:\/\/myspainfood.com\/pl\/wp-json\/wp\/v2\/types\/product"}],"wp:featuredmedia":[{"embeddable":true,"href":"https:\/\/myspainfood.com\/pl\/wp-json\/wp\/v2\/media\/13846"}],"wp:attachment":[{"href":"https:\/\/myspainfood.com\/pl\/wp-json\/wp\/v2\/media?parent=42828"}],"wp:term":[{"taxonomy":"product_brand","embeddable":true,"href":"https:\/\/myspainfood.com\/pl\/wp-json\/wp\/v2\/product_brand?post=42828"},{"taxonomy":"product_cat","embeddable":true,"href":"https:\/\/myspainfood.com\/pl\/wp-json\/wp\/v2\/product_cat?post=42828"},{"taxonomy":"product_tag","embeddable":true,"href":"https:\/\/myspainfood.com\/pl\/wp-json\/wp\/v2\/product_tag?post=42828"}],"curies":[{"name":"wp","href":"https:\/\/api.w.org\/{rel}","templated":true}]}}