{"id":42840,"date":"2025-04-10T12:11:40","date_gmt":"2025-04-10T10:11:40","guid":{"rendered":"https:\/\/myspainfood.com\/producto\/sardynki-w-oleju-slonecznikowym-12-14-sztuk-111-g\/"},"modified":"2025-04-10T12:11:40","modified_gmt":"2025-04-10T10:11:40","slug":"sardynki-w-oleju-slonecznikowym-12-14-sztuk-111-g","status":"publish","type":"product","link":"https:\/\/myspainfood.com\/pl\/producto\/sardynki-w-oleju-slonecznikowym-12-14-sztuk-111-g\/","title":{"rendered":"Sardynki w oleju s\u0142onecznikowym 12\/14 sztuk 111 g"},"content":{"rendered":"<p>Odkryj pyszny smak morza z naszymi sardynkami premium w oleju s\u0142onecznikowym! Ka\u017cdy k\u0119s to eksplozja \u015bwie\u017co\u015bci i jako\u015bci, kt\u00f3ra zachwyci Pa\u0144stwa podniebienie i przeniesie na najbardziej egzotyczne wybrze\u017ca. <\/p>\n<p>Nasze sardynki s\u0105 starannie po\u0142awiane z najczystszych w\u00f3d i selekcjonowane, aby zagwarantowa\u0107 ich niezr\u00f3wnan\u0105 \u015bwie\u017co\u015b\u0107 i smak. Moczone w wysokiej jako\u015bci oleju s\u0142onecznikowym, zachowuj\u0105 delikatn\u0105 konsystencj\u0119 i naturalny smak, dzi\u0119ki czemu ka\u017cdy k\u0119s jest niezapomnianym prze\u017cyciem. <\/p>\n<p>Bogate w kwasy t\u0142uszczowe omega-3, niezb\u0119dne witaminy i minera\u0142y, nasze sardynki w oleju s\u0142onecznikowym s\u0105 nie tylko pyszne, ale tak\u017ce stanowi\u0105 po\u017cywny wyb\u00f3r w codziennej diecie. Prosz\u0119 u\u017cywa\u0107 ich jako g\u0142\u00f3wnego sk\u0142adnika \u015bwie\u017cych sa\u0142atek, przek\u0105sek dla smakoszy lub po prostu delektowa\u0107 si\u0119 nimi prosto z puszki. <\/p>\n<p>Niezale\u017cnie od tego, czy przygotowuj\u0105 Pa\u0144stwo wykwintn\u0105 kolacj\u0119, czy szukaj\u0105 zdrowej przek\u0105ski na wynos, nasze sardynki w oleju s\u0142onecznikowym to doskona\u0142y wyb\u00f3r. Prosz\u0119 odwa\u017cy\u0107 si\u0119 ich spr\u00f3bowa\u0107 i odkry\u0107, dlaczego s\u0105 najlepiej strze\u017conym sekretem wszystkich smakoszy! <\/p>\n<p>Prosz\u0119 zaopatrzy\u0107 si\u0119 w puszk\u0119 sardynek w oleju s\u0142onecznikowym ju\u017c dzi\u015b i doda\u0107 odrobin\u0119 smaku owoc\u00f3w morza do swoich ulubionych potraw!<\/p>\n","protected":false},"excerpt":{"rendered":"<p>Odkryj pyszny smak morza z naszymi sardynkami premium w oleju s\u0142onecznikowym! Ka\u017cdy k\u0119s to eksplozja \u015bwie\u017co\u015bci i jako\u015bci, kt\u00f3ra zachwyci Pa\u0144stwa podniebienie i przeniesie na najbardziej egzotyczne wybrze\u017ca. <\/p>\n","protected":false},"featured_media":14134,"template":"","meta":{"_et_pb_use_builder":"","_et_pb_old_content":"","_et_gb_content_width":""},"product_brand":[1358],"product_cat":[1969,3766],"product_tag":[],"class_list":{"0":"post-42840","1":"product","2":"type-product","3":"status-publish","4":"has-post-thumbnail","6":"product_brand-areoso","7":"product_cat-konserwy","8":"product_cat-sardinillas-pl","10":"first","11":"outofstock","12":"taxable","13":"shipping-taxable","14":"product-type-simple"},"_links":{"self":[{"href":"https:\/\/myspainfood.com\/pl\/wp-json\/wp\/v2\/product\/42840","targetHints":{"allow":["GET"]}}],"collection":[{"href":"https:\/\/myspainfood.com\/pl\/wp-json\/wp\/v2\/product"}],"about":[{"href":"https:\/\/myspainfood.com\/pl\/wp-json\/wp\/v2\/types\/product"}],"wp:featuredmedia":[{"embeddable":true,"href":"https:\/\/myspainfood.com\/pl\/wp-json\/wp\/v2\/media\/14134"}],"wp:attachment":[{"href":"https:\/\/myspainfood.com\/pl\/wp-json\/wp\/v2\/media?parent=42840"}],"wp:term":[{"taxonomy":"product_brand","embeddable":true,"href":"https:\/\/myspainfood.com\/pl\/wp-json\/wp\/v2\/product_brand?post=42840"},{"taxonomy":"product_cat","embeddable":true,"href":"https:\/\/myspainfood.com\/pl\/wp-json\/wp\/v2\/product_cat?post=42840"},{"taxonomy":"product_tag","embeddable":true,"href":"https:\/\/myspainfood.com\/pl\/wp-json\/wp\/v2\/product_tag?post=42840"}],"curies":[{"name":"wp","href":"https:\/\/api.w.org\/{rel}","templated":true}]}}