{"id":43014,"date":"2025-04-10T12:12:05","date_gmt":"2025-04-10T10:12:05","guid":{"rendered":"https:\/\/myspainfood.com\/producto\/santos-sodupe-rioja-rose-polslodka-pekadora-rioja\/"},"modified":"2026-01-29T12:39:42","modified_gmt":"2026-01-29T11:39:42","slug":"santos-sodupe-rioja-rose-polslodka-pekadora-rioja","status":"publish","type":"product","link":"https:\/\/myspainfood.com\/pl\/producto\/santos-sodupe-rioja-rose-polslodka-pekadora-rioja\/","title":{"rendered":"Santos Sodupe Rioja Ros\u00e9 p\u00f3\u0142s\u0142odka PEKADORA Rioja"},"content":{"rendered":"<p>Zbi\u00f3r w nocy<\/p>\n<p>Maceracja na zimno<\/p>\n<p>T\u0142oczenie niskoci\u015bnieniowe, sok z wolnego biegu<\/p>\n<p>Czyszczenie flotacyjne<\/p>\n<p>Fermentacja w kontrolowanej temperaturze<\/p>\n<p>Specyfikacje techniczne<\/p>\n<p>  P\u00f3\u0142s\u0142odkie r\u00f3\u017cowe<\/p>\n<p>  100% czerwonego grenache<\/p>\n<p>  Bodegas Santos Sodupe<\/p>\n<p>  San Asensio, La Rioja<\/p>\n<p>  D.O.C. Rioja<\/p>\n<p>  75 cl \/ 12,5% obj.<\/p>\n<p>  Zawiera siarczyny<\/p>\n<p>degustacja<\/p>\n<p>Blady, czysty r\u00f3\u017c z \u0142ososiowymi refleksami<\/p>\n<p>Kompot z bia\u0142ych owoc\u00f3w i nut cytrusowych<\/p>\n<p>Wibruj\u0105ce uczucie r\u00f3wnowagi mi\u0119dzy s\u0142odycz\u0105 a kwasowo\u015bci\u0105<\/p>\n","protected":false},"excerpt":{"rendered":"<p>Zbi\u00f3r w nocy Maceracja na zimno T\u0142oczenie niskoci\u015bnieniowe, sok z wolnego biegu Czyszczenie flotacyjne Fermentacja w kontrolowanej temperaturze Specyfikacje techniczne P\u00f3\u0142s\u0142odkie r\u00f3\u017cowe 100% czerwonego grenache Bodegas Santos Sodupe San Asensio, La Rioja D.O.C. Rioja 75 cl \/ 12,5% obj. Zawiera siarczyny degustacja Blady, czysty r\u00f3\u017c z \u0142ososiowymi refleksami Kompot z bia\u0142ych owoc\u00f3w i nut cytrusowych [&hellip;]<\/p>\n","protected":false},"featured_media":14251,"template":"","meta":{"_et_pb_use_builder":"","_et_pb_old_content":"","_et_gb_content_width":""},"product_brand":[1459],"product_cat":[4877,4879],"product_tag":[],"class_list":{"0":"post-43014","1":"product","2":"type-product","3":"status-publish","4":"has-post-thumbnail","6":"product_brand-santos-sodupe","7":"product_cat-napoje-pl","8":"product_cat-wino","10":"first","11":"outofstock","12":"taxable","13":"shipping-taxable","14":"product-type-variable"},"_links":{"self":[{"href":"https:\/\/myspainfood.com\/pl\/wp-json\/wp\/v2\/product\/43014","targetHints":{"allow":["GET"]}}],"collection":[{"href":"https:\/\/myspainfood.com\/pl\/wp-json\/wp\/v2\/product"}],"about":[{"href":"https:\/\/myspainfood.com\/pl\/wp-json\/wp\/v2\/types\/product"}],"wp:featuredmedia":[{"embeddable":true,"href":"https:\/\/myspainfood.com\/pl\/wp-json\/wp\/v2\/media\/14251"}],"wp:attachment":[{"href":"https:\/\/myspainfood.com\/pl\/wp-json\/wp\/v2\/media?parent=43014"}],"wp:term":[{"taxonomy":"product_brand","embeddable":true,"href":"https:\/\/myspainfood.com\/pl\/wp-json\/wp\/v2\/product_brand?post=43014"},{"taxonomy":"product_cat","embeddable":true,"href":"https:\/\/myspainfood.com\/pl\/wp-json\/wp\/v2\/product_cat?post=43014"},{"taxonomy":"product_tag","embeddable":true,"href":"https:\/\/myspainfood.com\/pl\/wp-json\/wp\/v2\/product_tag?post=43014"}],"curies":[{"name":"wp","href":"https:\/\/api.w.org\/{rel}","templated":true}]}}