{"id":43024,"date":"2025-04-10T12:12:29","date_gmt":"2025-04-10T10:12:29","guid":{"rendered":"https:\/\/myspainfood.com\/producto\/santos-sodupe-rioja-young-red-descuido\/"},"modified":"2026-01-29T12:48:29","modified_gmt":"2026-01-29T11:48:29","slug":"santos-sodupe-rioja-young-red-descuido","status":"publish","type":"product","link":"https:\/\/myspainfood.com\/pl\/producto\/santos-sodupe-rioja-young-red-descuido\/","title":{"rendered":"Santos Sodupe Rioja Young Red DESCUIDO"},"content":{"rendered":"<p>Tradycyjna maceracja w\u0119glowa<\/p>\n<p>Maceracja na zimno<\/p>\n<p>T\u0142oczenie niskoci\u015bnieniowe, sok z wolnego biegu<\/p>\n<p>Czyszczenie przez dekantacj\u0119 (odmulanie)<\/p>\n<p>Fermentacja w kontrolowanej temperaturze<\/p>\n<p>Zbiory wyselekcjonowane na winoro\u015bli<\/p>\n<p>Specyfikacje techniczne<\/p>\n<p>Young Red<\/p>\n<p>85% tempranillo, 10% viura, 5% graciano<\/p>\n<p>Bodegas Santos Sodupe<\/p>\n<p>San Asensio, La Rioja<\/p>\n<p>D.O.C. Rioja<\/p>\n<p>75 cl \/ 12,5% obj.<\/p>\n<p>Zawiera siarczyny<\/p>\n","protected":false},"excerpt":{"rendered":"<p>Tradycyjna maceracja w\u0119glowa Maceracja na zimno T\u0142oczenie niskoci\u015bnieniowe, sok z wolnego biegu Czyszczenie przez dekantacj\u0119 (odmulanie) Fermentacja w kontrolowanej temperaturze Zbiory wyselekcjonowane na winoro\u015bli Specyfikacje techniczne Young Red 85% tempranillo, 10% viura, 5% graciano Bodegas Santos Sodupe San Asensio, La Rioja D.O.C. Rioja 75 cl \/ 12,5% obj. Zawiera siarczyny<\/p>\n","protected":false},"featured_media":14314,"template":"","meta":{"_et_pb_use_builder":"","_et_pb_old_content":"","_et_gb_content_width":""},"product_brand":[1459],"product_cat":[4877,6267],"product_tag":[],"class_list":{"0":"post-43024","1":"product","2":"type-product","3":"status-publish","4":"has-post-thumbnail","6":"product_brand-santos-sodupe","7":"product_cat-napoje-pl","8":"product_cat-wino-pl-2","10":"first","11":"outofstock","12":"taxable","13":"shipping-taxable","14":"product-type-variable"},"_links":{"self":[{"href":"https:\/\/myspainfood.com\/pl\/wp-json\/wp\/v2\/product\/43024","targetHints":{"allow":["GET"]}}],"collection":[{"href":"https:\/\/myspainfood.com\/pl\/wp-json\/wp\/v2\/product"}],"about":[{"href":"https:\/\/myspainfood.com\/pl\/wp-json\/wp\/v2\/types\/product"}],"wp:featuredmedia":[{"embeddable":true,"href":"https:\/\/myspainfood.com\/pl\/wp-json\/wp\/v2\/media\/14314"}],"wp:attachment":[{"href":"https:\/\/myspainfood.com\/pl\/wp-json\/wp\/v2\/media?parent=43024"}],"wp:term":[{"taxonomy":"product_brand","embeddable":true,"href":"https:\/\/myspainfood.com\/pl\/wp-json\/wp\/v2\/product_brand?post=43024"},{"taxonomy":"product_cat","embeddable":true,"href":"https:\/\/myspainfood.com\/pl\/wp-json\/wp\/v2\/product_cat?post=43024"},{"taxonomy":"product_tag","embeddable":true,"href":"https:\/\/myspainfood.com\/pl\/wp-json\/wp\/v2\/product_tag?post=43024"}],"curies":[{"name":"wp","href":"https:\/\/api.w.org\/{rel}","templated":true}]}}