{"id":43646,"date":"2025-04-10T12:05:33","date_gmt":"2025-04-10T10:05:33","guid":{"rendered":"https:\/\/myspainfood.com\/producto\/olive-machacamoya\/"},"modified":"2025-04-10T12:05:33","modified_gmt":"2025-04-10T10:05:33","slug":"olive-machacamoya","status":"publish","type":"product","link":"https:\/\/myspainfood.com\/pl\/producto\/olive-machacamoya\/","title":{"rendered":"Olive Machacamoya"},"content":{"rendered":"<p>Oliwka Machacamoya wyr\u00f3\u017cnia si\u0119 typowym gorzkim smakiem. Dla najbardziej wybrednych podniebie\u0144 jest to owalna oliwka, przyprawiona czosnkiem i papryk\u0105, aromatycznymi zio\u0142ami i octem. Jest to bardzo popularna oliwka w barach. Idealna w po\u0142\u0105czeniu z hiszpa\u0144skim winem lub kuflem piwa.   <\/p>\n","protected":false},"excerpt":{"rendered":"<p>Oliwka Machacamoya wyr\u00f3\u017cnia si\u0119 typowym gorzkim smakiem. Dla najbardziej wybrednych podniebie\u0144 jest to owalna oliwka, przyprawiona czosnkiem i papryk\u0105, aromatycznymi zio\u0142ami i octem. Jest to bardzo popularna oliwka w barach. Idealna w po\u0142\u0105czeniu z hiszpa\u0144skim winem lub kuflem piwa.<\/p>\n","protected":false},"featured_media":7672,"template":"","meta":{"_et_pb_use_builder":"","_et_pb_old_content":"","_et_gb_content_width":""},"product_brand":[1057],"product_cat":[1567,1566],"product_tag":[8938],"class_list":{"0":"post-43646","1":"product","2":"type-product","3":"status-publish","4":"has-post-thumbnail","6":"product_brand-la-encajera","7":"product_cat-oliwki","8":"product_cat-pikle","9":"product_tag-machacamoya-pl","11":"first","12":"outofstock","13":"taxable","14":"shipping-taxable","15":"product-type-variable"},"_links":{"self":[{"href":"https:\/\/myspainfood.com\/pl\/wp-json\/wp\/v2\/product\/43646","targetHints":{"allow":["GET"]}}],"collection":[{"href":"https:\/\/myspainfood.com\/pl\/wp-json\/wp\/v2\/product"}],"about":[{"href":"https:\/\/myspainfood.com\/pl\/wp-json\/wp\/v2\/types\/product"}],"wp:featuredmedia":[{"embeddable":true,"href":"https:\/\/myspainfood.com\/pl\/wp-json\/wp\/v2\/media\/7672"}],"wp:attachment":[{"href":"https:\/\/myspainfood.com\/pl\/wp-json\/wp\/v2\/media?parent=43646"}],"wp:term":[{"taxonomy":"product_brand","embeddable":true,"href":"https:\/\/myspainfood.com\/pl\/wp-json\/wp\/v2\/product_brand?post=43646"},{"taxonomy":"product_cat","embeddable":true,"href":"https:\/\/myspainfood.com\/pl\/wp-json\/wp\/v2\/product_cat?post=43646"},{"taxonomy":"product_tag","embeddable":true,"href":"https:\/\/myspainfood.com\/pl\/wp-json\/wp\/v2\/product_tag?post=43646"}],"curies":[{"name":"wp","href":"https:\/\/api.w.org\/{rel}","templated":true}]}}