{"id":43673,"date":"2025-04-10T12:05:33","date_gmt":"2025-04-10T10:05:33","guid":{"rendered":"https:\/\/myspainfood.com\/producto\/oliwka-o-smaku-baklazana\/"},"modified":"2025-04-10T12:05:33","modified_gmt":"2025-04-10T10:05:33","slug":"oliwka-o-smaku-baklazana","status":"publish","type":"product","link":"https:\/\/myspainfood.com\/pl\/producto\/oliwka-o-smaku-baklazana\/","title":{"rendered":"Oliwka o smaku bak\u0142a\u017cana"},"content":{"rendered":"<p>Oliwka o smaku bak\u0142a\u017cana jest bardzo \u0142agodna w smaku, dzi\u0119ki czemu jest odwa\u017cn\u0105 <a href=\"https:\/\/www.laencajera.es\/aceitunas\" target=\"_blank\" rel=\"noopener noreferrer nofollow\">przystawk\u0105<\/a>, kt\u00f3ra zawsze jest apetyczna.<\/p>\n<p>Stanowi\u0105 r\u00f3wnie\u017c idealny dodatek do da\u0144 z \u0142y\u017cki. Mo\u017cna si\u0119 nimi delektowa\u0107 przy lampce wina. <\/p>\n<p>Sk\u0142adniki: Oliwki, woda, pieprz, s\u00f3l, ocet, naturalne przyprawy (czosnek, kminek, papryka i oliwa), wzmacniacz smaku (E-631, E-627, E-621), zakwaszacz (E-330), konserwanty (E-270, E-202, E-211), przeciwutleniacz (E-330) i naturalne aromaty. Mo\u017ce zawiera\u0107 siarczyny. <\/p>\n<p>Przechowywa\u0107 w ch\u0142odnym i suchym miejscu, w temperaturze od 3\u00baC do 10\u00baC. Przechowywa\u0107 z dala od \u015bwiat\u0142a s\u0142onecznego i silnych zapach\u00f3w. <\/p>\n<p>Oliwk\u0119 Eggplant Flavour Olive po otwarciu przechowywa\u0107 w lod\u00f3wce i spo\u017cy\u0107 w ci\u0105gu 30 dni.<\/p>\n<p>Je\u015bli chc\u0105 Pa\u0144stwo kupi\u0107 oliwki lub inny rodzaj <a href=\"https:\/\/latiendadesami.com\/categoria-producto\/encurtidos\/\" rel=\"noopener noreferrer nofollow\" target=\"_blank\">pikli<\/a>, zapraszamy do zapoznania si\u0119 z naszym katalogiem online, w kt\u00f3rym znajd\u0105 Pa\u0144stwo szeroki wyb\u00f3r <a href=\"https:\/\/latiendadesami.com\/categoria-producto\/encurtidos\/berenjenas\/\" target=\"_blank\" rel=\"noopener noreferrer nofollow\">bak\u0142a\u017can\u00f3w<\/a>.<\/p>\n<p>Marka La Encajonera to rodzinna firma za\u0142o\u017cona w 1990 roku, zlokalizowana w samym sercu La Manchy, w mie\u015bcie ALMAGRO, w prowincji Ciudad Real.<\/p>\n<p>Proces wytwarzania produkt\u00f3w rozpoczyna si\u0119 na tym samym obszarze upraw, wybieraj\u0105c produkt najlepszej jako\u015bci.<\/p>\n<p>Fabryka jest wyposa\u017cona w najbardziej zaawansowan\u0105 technologi\u0119, zachowuj\u0105c jednocze\u015bnie tradycj\u0119 i know-how swoich rzemie\u015blnik\u00f3w.<\/p>\n","protected":false},"excerpt":{"rendered":"<p>Oliwka o smaku bak\u0142a\u017cana jest bardzo \u0142agodna w smaku, dzi\u0119ki czemu jest odwa\u017cn\u0105 przystawk\u0105, kt\u00f3ra zawsze jest apetyczna. Stanowi\u0105 r\u00f3wnie\u017c idealny dodatek do da\u0144 z \u0142y\u017cki. Mo\u017cna si\u0119 nimi delektowa\u0107 przy lampce wina. Sk\u0142adniki: Oliwki, woda, pieprz, s\u00f3l, ocet, naturalne przyprawy (czosnek, kminek, papryka i oliwa), wzmacniacz smaku (E-631, E-627, E-621), zakwaszacz (E-330), konserwanty (E-270, [&hellip;]<\/p>\n","protected":false},"featured_media":7620,"template":"","meta":{"_et_pb_use_builder":"","_et_pb_old_content":"","_et_gb_content_width":""},"product_brand":[1057],"product_cat":[1567,1566],"product_tag":[2170],"class_list":{"0":"post-43673","1":"product","2":"type-product","3":"status-publish","4":"has-post-thumbnail","6":"product_brand-la-encajera","7":"product_cat-oliwki","8":"product_cat-pikle","9":"product_tag-baklazan","11":"first","12":"outofstock","13":"taxable","14":"shipping-taxable","15":"product-type-variable"},"_links":{"self":[{"href":"https:\/\/myspainfood.com\/pl\/wp-json\/wp\/v2\/product\/43673","targetHints":{"allow":["GET"]}}],"collection":[{"href":"https:\/\/myspainfood.com\/pl\/wp-json\/wp\/v2\/product"}],"about":[{"href":"https:\/\/myspainfood.com\/pl\/wp-json\/wp\/v2\/types\/product"}],"wp:featuredmedia":[{"embeddable":true,"href":"https:\/\/myspainfood.com\/pl\/wp-json\/wp\/v2\/media\/7620"}],"wp:attachment":[{"href":"https:\/\/myspainfood.com\/pl\/wp-json\/wp\/v2\/media?parent=43673"}],"wp:term":[{"taxonomy":"product_brand","embeddable":true,"href":"https:\/\/myspainfood.com\/pl\/wp-json\/wp\/v2\/product_brand?post=43673"},{"taxonomy":"product_cat","embeddable":true,"href":"https:\/\/myspainfood.com\/pl\/wp-json\/wp\/v2\/product_cat?post=43673"},{"taxonomy":"product_tag","embeddable":true,"href":"https:\/\/myspainfood.com\/pl\/wp-json\/wp\/v2\/product_tag?post=43673"}],"curies":[{"name":"wp","href":"https:\/\/api.w.org\/{rel}","templated":true}]}}