{"id":43828,"date":"2025-04-10T12:10:50","date_gmt":"2025-04-10T10:10:50","guid":{"rendered":"https:\/\/myspainfood.com\/producto\/wedzona-sardela-i-duszony-karczoch-35-sztuk\/"},"modified":"2025-06-24T13:16:49","modified_gmt":"2025-06-24T11:16:49","slug":"wedzona-sardela-i-duszony-karczoch-35-sztuk","status":"publish","type":"product","link":"https:\/\/myspainfood.com\/pl\/producto\/wedzona-sardela-i-duszony-karczoch-35-sztuk\/","title":{"rendered":"W\u0119dzona sardela i duszony karczoch 35 sztuk"},"content":{"rendered":"<p>Oliwa (85% s\u0142onecznikowa, 15% oliwkowa), duszony karczoch, w\u0119dzone anchois, oliwki nadziewane anchois i czerwona papryka.<\/p>\n","protected":false},"excerpt":{"rendered":"<p>Oliwa (85% s\u0142onecznikowa, 15% oliwkowa), duszony karczoch, w\u0119dzone anchois, oliwki nadziewane anchois i czerwona papryka.<\/p>\n","protected":false},"featured_media":13189,"template":"","meta":{"_et_pb_use_builder":"","_et_pb_old_content":"","_et_gb_content_width":""},"product_brand":[1277],"product_cat":[1567,1566,1840,2811,1838,1836],"product_tag":[],"class_list":{"0":"post-43828","1":"product","2":"type-product","3":"status-publish","4":"has-post-thumbnail","6":"product_brand-bokeo","7":"product_cat-oliwki","8":"product_cat-pikle","9":"product_cat-pintxos-pl","10":"product_cat-sardele-pl-3","11":"product_cat-sardele-pl","12":"product_cat-zimno","13":"product_shipping_class-wysylka-na-zimno","15":"first","16":"outofstock","17":"taxable","18":"shipping-taxable","19":"purchasable","20":"product-type-simple"},"_links":{"self":[{"href":"https:\/\/myspainfood.com\/pl\/wp-json\/wp\/v2\/product\/43828","targetHints":{"allow":["GET"]}}],"collection":[{"href":"https:\/\/myspainfood.com\/pl\/wp-json\/wp\/v2\/product"}],"about":[{"href":"https:\/\/myspainfood.com\/pl\/wp-json\/wp\/v2\/types\/product"}],"wp:featuredmedia":[{"embeddable":true,"href":"https:\/\/myspainfood.com\/pl\/wp-json\/wp\/v2\/media\/13189"}],"wp:attachment":[{"href":"https:\/\/myspainfood.com\/pl\/wp-json\/wp\/v2\/media?parent=43828"}],"wp:term":[{"taxonomy":"product_brand","embeddable":true,"href":"https:\/\/myspainfood.com\/pl\/wp-json\/wp\/v2\/product_brand?post=43828"},{"taxonomy":"product_cat","embeddable":true,"href":"https:\/\/myspainfood.com\/pl\/wp-json\/wp\/v2\/product_cat?post=43828"},{"taxonomy":"product_tag","embeddable":true,"href":"https:\/\/myspainfood.com\/pl\/wp-json\/wp\/v2\/product_tag?post=43828"}],"curies":[{"name":"wp","href":"https:\/\/api.w.org\/{rel}","templated":true}]}}