{"id":44469,"date":"2025-04-10T12:11:27","date_gmt":"2025-04-10T10:11:27","guid":{"rendered":"https:\/\/myspainfood.com\/producto\/roscos-de-vino-y-almenda-worek-300-gramow-la-ponderosa\/"},"modified":"2025-04-10T12:11:27","modified_gmt":"2025-04-10T10:11:27","slug":"roscos-de-vino-y-almenda-worek-300-gramow-la-ponderosa","status":"publish","type":"product","link":"https:\/\/myspainfood.com\/pl\/producto\/roscos-de-vino-y-almenda-worek-300-gramow-la-ponderosa\/","title":{"rendered":"Roscos de vino y almenda worek 300 gram\u00f3w La Ponderosa"},"content":{"rendered":"<p>P\u0105czki z winem i migda\u0142ami to po\u0142\u0105czenie produktu, kt\u00f3rego smak i g\u0142adka konsystencja sprawiaj\u0105, \u017ce jest to tradycyjny produkt, kt\u00f3ry zadowoli nawet najbardziej wymagaj\u0105ce podniebienia.<\/p>\n<p>Sk\u0142adniki<\/p>\n<p>M\u0105ka pszenna, smalec iberyjski (przeciwutleniacz: E-320), cukier, wino (zawiera siarczyny) (12%), migda\u0142y (5%), any\u017c, cynamon, nasiona sezamu, aromat any\u017cu i aromat cytrynowy. Mo\u017ce zawiera\u0107 \u015bladowe ilo\u015bci orzeszk\u00f3w ziemnych. <\/p>\n<p>Alergeny<\/p>\n<p>Zawiera gluten, orzechy, sezam i siarczyny. Mo\u017ce zawiera\u0107 \u015bladowe ilo\u015bci orzeszk\u00f3w ziemnych. <\/p>\n","protected":false},"excerpt":{"rendered":"<p>P\u0105czki z winem i migda\u0142ami to po\u0142\u0105czenie produktu, kt\u00f3rego smak i g\u0142adka konsystencja sprawiaj\u0105, \u017ce jest to tradycyjny produkt, kt\u00f3ry zadowoli nawet najbardziej wymagaj\u0105ce podniebienia. Sk\u0142adniki M\u0105ka pszenna, smalec iberyjski (przeciwutleniacz: E-320), cukier, wino (zawiera siarczyny) (12%), migda\u0142y (5%), any\u017c, cynamon, nasiona sezamu, aromat any\u017cu i aromat cytrynowy. Mo\u017ce zawiera\u0107 \u015bladowe ilo\u015bci orzeszk\u00f3w ziemnych. Alergeny [&hellip;]<\/p>\n","protected":false},"featured_media":13711,"template":"","meta":{"_et_pb_use_builder":"","_et_pb_old_content":"","_et_gb_content_width":""},"product_brand":[1417],"product_cat":[1969,7722],"product_tag":[],"class_list":{"0":"post-44469","1":"product","2":"type-product","3":"status-publish","4":"has-post-thumbnail","6":"product_brand-la-ponderosa","7":"product_cat-konserwy","8":"product_cat-swiateczny-program-specjalny","10":"first","11":"outofstock","12":"taxable","13":"shipping-taxable","14":"product-type-variable"},"_links":{"self":[{"href":"https:\/\/myspainfood.com\/pl\/wp-json\/wp\/v2\/product\/44469","targetHints":{"allow":["GET"]}}],"collection":[{"href":"https:\/\/myspainfood.com\/pl\/wp-json\/wp\/v2\/product"}],"about":[{"href":"https:\/\/myspainfood.com\/pl\/wp-json\/wp\/v2\/types\/product"}],"wp:featuredmedia":[{"embeddable":true,"href":"https:\/\/myspainfood.com\/pl\/wp-json\/wp\/v2\/media\/13711"}],"wp:attachment":[{"href":"https:\/\/myspainfood.com\/pl\/wp-json\/wp\/v2\/media?parent=44469"}],"wp:term":[{"taxonomy":"product_brand","embeddable":true,"href":"https:\/\/myspainfood.com\/pl\/wp-json\/wp\/v2\/product_brand?post=44469"},{"taxonomy":"product_cat","embeddable":true,"href":"https:\/\/myspainfood.com\/pl\/wp-json\/wp\/v2\/product_cat?post=44469"},{"taxonomy":"product_tag","embeddable":true,"href":"https:\/\/myspainfood.com\/pl\/wp-json\/wp\/v2\/product_tag?post=44469"}],"curies":[{"name":"wp","href":"https:\/\/api.w.org\/{rel}","templated":true}]}}