{"id":44514,"date":"2025-04-10T12:11:39","date_gmt":"2025-04-10T10:11:39","guid":{"rendered":"https:\/\/myspainfood.com\/producto\/malze-nowozelandzkie-smazone-w-sosie-marynowanym-7-10-sztuk-portonovo\/"},"modified":"2025-04-10T12:11:39","modified_gmt":"2025-04-10T10:11:39","slug":"malze-nowozelandzkie-smazone-w-sosie-marynowanym-7-10-sztuk-portonovo","status":"publish","type":"product","link":"https:\/\/myspainfood.com\/pl\/producto\/malze-nowozelandzkie-smazone-w-sosie-marynowanym-7-10-sztuk-portonovo\/","title":{"rendered":"Ma\u0142\u017ce nowozelandzkie sma\u017cone w sosie marynowanym 7-10 sztuk Portonovo"},"content":{"rendered":"<p>Gotowane i sma\u017cone w oleju s\u0142onecznikowym. Bisior jest usuwany r\u0119cznie i pakowany pojedynczo. W towarzystwie unikalnej marynaty wykonanej z ca\u0142kowicie naturalnych sk\u0142adnik\u00f3w. Sk\u0142adniki: Ma\u0142\u017ce nowozelandzkie, escabeche (olej s\u0142onecznikowy, ocet z czerwonego wina, woda, naturalne aromaty, przyprawy i s\u00f3l).   <\/p>\n","protected":false},"excerpt":{"rendered":"<p>Gotowane i sma\u017cone w oleju s\u0142onecznikowym. Bisior jest usuwany r\u0119cznie i pakowany pojedynczo. W towarzystwie unikalnej marynaty wykonanej z ca\u0142kowicie naturalnych sk\u0142adnik\u00f3w. Sk\u0142adniki: Ma\u0142\u017ce nowozelandzkie, escabeche (olej s\u0142onecznikowy, ocet z czerwonego wina, woda, naturalne aromaty, przyprawy i s\u00f3l).<\/p>\n","protected":false},"featured_media":14017,"template":"","meta":{"_et_pb_use_builder":"","_et_pb_old_content":"","_et_gb_content_width":""},"product_brand":[1428],"product_cat":[1969,3889],"product_tag":[],"class_list":{"0":"post-44514","1":"product","2":"type-product","3":"status-publish","4":"has-post-thumbnail","6":"product_brand-portonovo","7":"product_cat-konserwy","8":"product_cat-malze-pl","10":"first","11":"instock","12":"taxable","13":"shipping-taxable","14":"purchasable","15":"product-type-variable"},"_links":{"self":[{"href":"https:\/\/myspainfood.com\/pl\/wp-json\/wp\/v2\/product\/44514","targetHints":{"allow":["GET"]}}],"collection":[{"href":"https:\/\/myspainfood.com\/pl\/wp-json\/wp\/v2\/product"}],"about":[{"href":"https:\/\/myspainfood.com\/pl\/wp-json\/wp\/v2\/types\/product"}],"wp:featuredmedia":[{"embeddable":true,"href":"https:\/\/myspainfood.com\/pl\/wp-json\/wp\/v2\/media\/14017"}],"wp:attachment":[{"href":"https:\/\/myspainfood.com\/pl\/wp-json\/wp\/v2\/media?parent=44514"}],"wp:term":[{"taxonomy":"product_brand","embeddable":true,"href":"https:\/\/myspainfood.com\/pl\/wp-json\/wp\/v2\/product_brand?post=44514"},{"taxonomy":"product_cat","embeddable":true,"href":"https:\/\/myspainfood.com\/pl\/wp-json\/wp\/v2\/product_cat?post=44514"},{"taxonomy":"product_tag","embeddable":true,"href":"https:\/\/myspainfood.com\/pl\/wp-json\/wp\/v2\/product_tag?post=44514"}],"curies":[{"name":"wp","href":"https:\/\/api.w.org\/{rel}","templated":true}]}}