{"id":44613,"date":"2025-04-10T12:11:40","date_gmt":"2025-04-10T10:11:40","guid":{"rendered":"https:\/\/myspainfood.com\/producto\/nieva-cojonudos-biale-szparagi-extra-13-16-bardzo-grube\/"},"modified":"2025-04-10T12:11:40","modified_gmt":"2025-04-10T10:11:40","slug":"nieva-cojonudos-biale-szparagi-extra-13-16-bardzo-grube","status":"publish","type":"product","link":"https:\/\/myspainfood.com\/pl\/producto\/nieva-cojonudos-biale-szparagi-extra-13-16-bardzo-grube\/","title":{"rendered":"Nieva &#8221;Cojonudos&#8221; Bia\u0142e Szparagi Extra 13\/16 Bardzo Grube"},"content":{"rendered":"<p>Prosz\u0119 zanurzy\u0107 si\u0119 w wykwintno\u015bci bardzo grubych bia\u0142ych szparag\u00f3w Nieva i odkry\u0107 wyj\u0105tkowe doznania kulinarne! Ka\u017cdy szparag jest starannie wyselekcjonowany i uprawiany na najbardziej \u017cyznych ziemiach, gwarantuj\u0105c najwy\u017csz\u0105 jako\u015b\u0107 i \u015bwie\u017co\u015b\u0107 w ka\u017cdym k\u0119sie. <\/p>\n<p>Bia\u0142e szparagi marki Nieva wyr\u00f3\u017cniaj\u0105 si\u0119 du\u017cym rozmiarem i j\u0119drn\u0105, soczyst\u0105 konsystencj\u0105. Dzi\u0119ki wyj\u0105tkowo du\u017cej \u015brednicy szparagi te s\u0105 idealnym wyborem dla os\u00f3b poszukuj\u0105cych intensywnego smaku i pysznej konsystencji w ka\u017cdej porcji. <\/p>\n<p>Pochodz\u0105ce z najstaranniej uprawianych p\u00f3l i zbierane w optymalnym okresie dojrza\u0142o\u015bci, nasze bia\u0142e szparagi to skarb natury, kt\u00f3ry zachwyci Pa\u0144stwa podniebienia i wzniesie potrawy na nowe wy\u017cyny kulinarne.<\/p>\n<p>Ciesz si\u0119 ich \u0142agodnym, lekko gorzkim smakiem i delikatn\u0105, ale tward\u0105 tekstur\u0105. Niezale\u017cnie od tego, czy lubi\u0105 je Pa\u0144stwo jako dodatek do da\u0144 g\u0142\u00f3wnych, dodaj\u0105 je Pa\u0144stwo do \u015bwie\u017cych sa\u0142atek, czy te\u017c w\u0142\u0105czaj\u0105 je Pa\u0144stwo do przepis\u00f3w dla smakoszy, bardzo grube bia\u0142e szparagi Nieva s\u0105 idealnym wyborem dla mi\u0142o\u015bnik\u00f3w wy\u015bmienitej kuchni. <\/p>\n<p>Zaskocz swoich go\u015bci gastronomiczn\u0105 doskona\u0142o\u015bci\u0105 naszych bia\u0142ych szparag\u00f3w i zamie\u0144 ka\u017cdy posi\u0142ek w niezapomniane prze\u017cycie. Kup je teraz i odkryj, dlaczego Nieva jest synonimem wyj\u0105tkowej jako\u015bci i smaku w ka\u017cdym k\u0119sie! <\/p>\n","protected":false},"excerpt":{"rendered":"<p>Prosz\u0119 zanurzy\u0107 si\u0119 w wykwintno\u015bci bardzo grubych bia\u0142ych szparag\u00f3w Nieva i odkry\u0107 wyj\u0105tkowe doznania kulinarne! Ka\u017cdy szparag jest starannie wyselekcjonowany i uprawiany na najbardziej \u017cyznych ziemiach, gwarantuj\u0105c najwy\u017csz\u0105 jako\u015b\u0107 i \u015bwie\u017co\u015b\u0107 w ka\u017cdym k\u0119sie. <\/p>\n","protected":false},"featured_media":14116,"template":"","meta":{"_et_pb_use_builder":"","_et_pb_old_content":"","_et_gb_content_width":""},"product_brand":[1458],"product_cat":[1969,6353],"product_tag":[],"class_list":{"0":"post-44613","1":"product","2":"type-product","3":"status-publish","4":"has-post-thumbnail","6":"product_brand-nieva-cojonudos","7":"product_cat-konserwy","8":"product_cat-szparagi","10":"first","11":"outofstock","12":"taxable","13":"shipping-taxable","14":"product-type-variable"},"_links":{"self":[{"href":"https:\/\/myspainfood.com\/pl\/wp-json\/wp\/v2\/product\/44613","targetHints":{"allow":["GET"]}}],"collection":[{"href":"https:\/\/myspainfood.com\/pl\/wp-json\/wp\/v2\/product"}],"about":[{"href":"https:\/\/myspainfood.com\/pl\/wp-json\/wp\/v2\/types\/product"}],"wp:featuredmedia":[{"embeddable":true,"href":"https:\/\/myspainfood.com\/pl\/wp-json\/wp\/v2\/media\/14116"}],"wp:attachment":[{"href":"https:\/\/myspainfood.com\/pl\/wp-json\/wp\/v2\/media?parent=44613"}],"wp:term":[{"taxonomy":"product_brand","embeddable":true,"href":"https:\/\/myspainfood.com\/pl\/wp-json\/wp\/v2\/product_brand?post=44613"},{"taxonomy":"product_cat","embeddable":true,"href":"https:\/\/myspainfood.com\/pl\/wp-json\/wp\/v2\/product_cat?post=44613"},{"taxonomy":"product_tag","embeddable":true,"href":"https:\/\/myspainfood.com\/pl\/wp-json\/wp\/v2\/product_tag?post=44613"}],"curies":[{"name":"wp","href":"https:\/\/api.w.org\/{rel}","templated":true}]}}