{"id":44635,"date":"2025-04-10T12:11:40","date_gmt":"2025-04-10T10:11:40","guid":{"rendered":"https:\/\/myspainfood.com\/producto\/oliwa-z-oliwek-extra-virgin-salmorejo-cordobes-arteoliva-1-litr\/"},"modified":"2026-01-29T12:00:13","modified_gmt":"2026-01-29T11:00:13","slug":"oliwa-z-oliwek-extra-virgin-salmorejo-cordobes-arteoliva-1-litr","status":"publish","type":"product","link":"https:\/\/myspainfood.com\/pl\/producto\/oliwa-z-oliwek-extra-virgin-salmorejo-cordobes-arteoliva-1-litr\/","title":{"rendered":"Oliwa z oliwek Extra Virgin Salmorejo Cordob\u00e9s ArteOliva 1 litr"},"content":{"rendered":"<p>Typowy zimny krem z Kordoby, przygotowywany g\u0142\u00f3wnie ze \u015bwie\u017cych, wyselekcjonowanych pomidor\u00f3w, oliwy z oliwek z pierwszego t\u0142oczenia, chleba i czosnku.<\/p>\n","protected":false},"excerpt":{"rendered":"<p>Typowy zimny krem z Kordoby, przygotowywany g\u0142\u00f3wnie ze \u015bwie\u017cych, wyselekcjonowanych pomidor\u00f3w, oliwy z oliwek z pierwszego t\u0142oczenia, chleba i czosnku.<\/p>\n","protected":false},"featured_media":14062,"template":"","meta":{"_et_pb_use_builder":"","_et_pb_old_content":"","_et_gb_content_width":""},"product_brand":[1457],"product_cat":[1969,4877,2207,1836],"product_tag":[],"class_list":{"0":"post-44635","1":"product","2":"type-product","3":"status-publish","4":"has-post-thumbnail","6":"product_brand-arteoliva","7":"product_cat-konserwy","8":"product_cat-napoje-pl","9":"product_cat-oliwa-z-oliwek-extra-virgin","10":"product_cat-zimno","11":"product_shipping_class-wysylka-na-zimno","13":"first","14":"outofstock","15":"taxable","16":"shipping-taxable","17":"product-type-variable"},"_links":{"self":[{"href":"https:\/\/myspainfood.com\/pl\/wp-json\/wp\/v2\/product\/44635","targetHints":{"allow":["GET"]}}],"collection":[{"href":"https:\/\/myspainfood.com\/pl\/wp-json\/wp\/v2\/product"}],"about":[{"href":"https:\/\/myspainfood.com\/pl\/wp-json\/wp\/v2\/types\/product"}],"wp:featuredmedia":[{"embeddable":true,"href":"https:\/\/myspainfood.com\/pl\/wp-json\/wp\/v2\/media\/14062"}],"wp:attachment":[{"href":"https:\/\/myspainfood.com\/pl\/wp-json\/wp\/v2\/media?parent=44635"}],"wp:term":[{"taxonomy":"product_brand","embeddable":true,"href":"https:\/\/myspainfood.com\/pl\/wp-json\/wp\/v2\/product_brand?post=44635"},{"taxonomy":"product_cat","embeddable":true,"href":"https:\/\/myspainfood.com\/pl\/wp-json\/wp\/v2\/product_cat?post=44635"},{"taxonomy":"product_tag","embeddable":true,"href":"https:\/\/myspainfood.com\/pl\/wp-json\/wp\/v2\/product_tag?post=44635"}],"curies":[{"name":"wp","href":"https:\/\/api.w.org\/{rel}","templated":true}]}}