{"id":44654,"date":"2025-04-10T12:11:42","date_gmt":"2025-04-10T10:11:42","guid":{"rendered":"https:\/\/myspainfood.com\/producto\/nabeel-nafisah-sweets-sweet-damascus-baklava-syria-150-g\/"},"modified":"2025-04-10T12:11:42","modified_gmt":"2025-04-10T10:11:42","slug":"nabeel-nafisah-sweets-sweet-damascus-baklava-syria-150-g","status":"publish","type":"product","link":"https:\/\/myspainfood.com\/pl\/producto\/nabeel-nafisah-sweets-sweet-damascus-baklava-syria-150-g\/","title":{"rendered":"Nabeel Nafisah Sweets Sweet Damascus Baklava Syria 150 g"},"content":{"rendered":"","protected":false},"excerpt":{"rendered":"<p>Baklava to warstwowe ciasto filo, wype\u0142nione posiekanymi orzechami i pokryte ghee i syropem cukrowym. Jest to chrupi\u0105ca s\u0142odycz, najbardziej popularna w\u015br\u00f3d ludno\u015bci arabskiej i \u015br\u00f3dziemnomorskiej. Jest to po\u0142\u0105czenie r\u00f3\u017cnych odmian baklavy u\u0142o\u017conych i zorganizowanych w specjalny orientalny wz\u00f3r.  <\/p>\n","protected":false},"featured_media":13900,"template":"","meta":{"_et_pb_use_builder":"","_et_pb_old_content":"","_et_gb_content_width":""},"product_brand":[1453],"product_cat":[1969,7722],"product_tag":[],"class_list":{"0":"post-44654","1":"product","2":"type-product","3":"status-publish","4":"has-post-thumbnail","6":"product_brand-nabeel-nafisah","7":"product_cat-konserwy","8":"product_cat-swiateczny-program-specjalny","10":"first","11":"outofstock","12":"taxable","13":"shipping-taxable","14":"purchasable","15":"product-type-simple"},"_links":{"self":[{"href":"https:\/\/myspainfood.com\/pl\/wp-json\/wp\/v2\/product\/44654","targetHints":{"allow":["GET"]}}],"collection":[{"href":"https:\/\/myspainfood.com\/pl\/wp-json\/wp\/v2\/product"}],"about":[{"href":"https:\/\/myspainfood.com\/pl\/wp-json\/wp\/v2\/types\/product"}],"wp:featuredmedia":[{"embeddable":true,"href":"https:\/\/myspainfood.com\/pl\/wp-json\/wp\/v2\/media\/13900"}],"wp:attachment":[{"href":"https:\/\/myspainfood.com\/pl\/wp-json\/wp\/v2\/media?parent=44654"}],"wp:term":[{"taxonomy":"product_brand","embeddable":true,"href":"https:\/\/myspainfood.com\/pl\/wp-json\/wp\/v2\/product_brand?post=44654"},{"taxonomy":"product_cat","embeddable":true,"href":"https:\/\/myspainfood.com\/pl\/wp-json\/wp\/v2\/product_cat?post=44654"},{"taxonomy":"product_tag","embeddable":true,"href":"https:\/\/myspainfood.com\/pl\/wp-json\/wp\/v2\/product_tag?post=44654"}],"curies":[{"name":"wp","href":"https:\/\/api.w.org\/{rel}","templated":true}]}}