{"id":44831,"date":"2025-04-10T12:11:50","date_gmt":"2025-04-10T10:11:50","guid":{"rendered":"https:\/\/myspainfood.com\/producto\/arlequin-tunczyk-zoltopletwy-naturalny-opakowanie-3-szt\/"},"modified":"2025-04-10T12:11:50","modified_gmt":"2025-04-10T10:11:50","slug":"arlequin-tunczyk-zoltopletwy-naturalny-opakowanie-3-szt","status":"publish","type":"product","link":"https:\/\/myspainfood.com\/pl\/producto\/arlequin-tunczyk-zoltopletwy-naturalny-opakowanie-3-szt\/","title":{"rendered":"Arlequin Tu\u0144czyk \u017c\u00f3\u0142top\u0142etwy naturalny Opakowanie 3 szt."},"content":{"rendered":"<p>Naturalny tu\u0144czyk \u017c\u00f3\u0142top\u0142etwy <a href=\"https:\/\/conservasarlequin.com\/arlequin\/\" target=\"_blank\" rel=\"noopener noreferrer nofollow\">Arlequ\u00edn<\/a> to produkt w puszce wytwarzany w tradycyjny spos\u00f3b.<\/p>\n<p><strong>Waga netto\/po ods\u0105czeniu:<\/strong> 77 g\/52 g \/ na puszk\u0119<\/p>\n<p><strong>Okres trwa\u0142o\u015bci:<\/strong> 5 lat<\/p>\n<p><strong>Ochrona:<\/strong> \u015arodowisko<\/p>\n<p>Misj\u0105 Conservas <a href=\"https:\/\/latiendadesami.com\/marca\/arlequin\/\" target=\"_blank\" rel=\"noopener noreferrer nofollow\">Arlequ\u00edn<\/a> jest oferowanie doskona\u0142ego produktu, najlepszej obs\u0142ugi i szerokiej gamy konserw rybnych w najlepszej cenie.<\/p>\n<p>Specjalizuj\u0105 si\u0119 r\u00f3wnie\u017c w sardelach, sardelach, sardelach, bonito, tu\u0144czyku \u017c\u00f3\u0142top\u0142etwym, tu\u0144czyku w oliwie z oliwek, ma\u0142\u017cach, makreli i sardynkach.<\/p>\n<p>Na przyk\u0142ad Comidista w gazecie El Pa\u00eds powiedzia\u0142 o ventresca: &#8222;Jest tak delikatny, prawie kremowy, \u017ce sprawia, \u017ce chcesz go po\u015blubi\u0107 i \u017cy\u0107 szcz\u0119\u015bliwie, dop\u00f3ki Pan ci\u0119 nie zabierze&#8221;.<\/p>\n<h4>G\u0142\u00f3wne zalety \u017cywno\u015bci w puszkach<\/h4>\n<ol>\n<li>Zachowuj\u0105 one wszystkie w\u0142a\u015bciwo\u015bci od\u017cywcze samej \u017cywno\u015bci. \u017bywno\u015b\u0107 zachowuje swoj\u0105 \u015bwie\u017co\u015b\u0107. <\/li>\n<li>Stosowana \u017cywno\u015b\u0107 jest zdrowa i dlatego nadaje si\u0119 do optymalnej diety ze wzgl\u0119du na wysok\u0105 zawarto\u015b\u0107 witamin i bia\u0142ka.<\/li>\n<li>Produkty te maj\u0105 d\u0142u\u017csz\u0105 \u017cywotno\u015b\u0107 (typowo 2-5 lat).<\/li>\n<li>Przetwory s\u0105 bardzo \u0142atwe w przechowywaniu, poniewa\u017c ich opakowanie jest \u0142atwe do na\u0142o\u017cenia.<\/li>\n<\/ol>\n<p>Je\u015bli chc\u0105 Pa\u0144stwo kupi\u0107 tu\u0144czyka lub jakikolwiek inny rodzaj <a href=\"https:\/\/latiendadesami.com\/categoria-producto\/conservas\/\" rel=\"noopener noreferrer nofollow\" target=\"_blank\">\u017cywno\u015bci w puszkach<\/a>, prosz\u0119 nie waha\u0107 si\u0119 i zajrze\u0107 do naszego katalogu online, aby zapozna\u0107 si\u0119 z szerok\u0105 gam\u0105 oferowanych przez nas <a href=\"https:\/\/latiendadesami.com\/categoria-producto\/conservas\/atun-y-bonito\/\" target=\"_blank\" rel=\"noopener noreferrer nofollow\">tu\u0144czyk\u00f3w<\/a>.<\/p>\n<p>Prosz\u0119 napisa\u0107 do nas, aby uzyska\u0107 wi\u0119cej informacji.<\/p>\n","protected":false},"excerpt":{"rendered":"<p>Tu\u0144czyk \u017c\u00f3\u0142top\u0142etwy naturalny 77 gr \/ puszka<\/p>\n","protected":false},"featured_media":13999,"template":"","meta":{"_et_pb_use_builder":"","_et_pb_old_content":"","_et_gb_content_width":""},"product_brand":[1162],"product_cat":[4219],"product_tag":[],"class_list":{"0":"post-44831","1":"product","2":"type-product","3":"status-publish","4":"has-post-thumbnail","6":"product_brand-arlequin","7":"product_cat-tunczyk-i-bonito","9":"first","10":"outofstock","11":"sale","12":"taxable","13":"shipping-taxable","14":"purchasable","15":"product-type-simple"},"_links":{"self":[{"href":"https:\/\/myspainfood.com\/pl\/wp-json\/wp\/v2\/product\/44831","targetHints":{"allow":["GET"]}}],"collection":[{"href":"https:\/\/myspainfood.com\/pl\/wp-json\/wp\/v2\/product"}],"about":[{"href":"https:\/\/myspainfood.com\/pl\/wp-json\/wp\/v2\/types\/product"}],"wp:featuredmedia":[{"embeddable":true,"href":"https:\/\/myspainfood.com\/pl\/wp-json\/wp\/v2\/media\/13999"}],"wp:attachment":[{"href":"https:\/\/myspainfood.com\/pl\/wp-json\/wp\/v2\/media?parent=44831"}],"wp:term":[{"taxonomy":"product_brand","embeddable":true,"href":"https:\/\/myspainfood.com\/pl\/wp-json\/wp\/v2\/product_brand?post=44831"},{"taxonomy":"product_cat","embeddable":true,"href":"https:\/\/myspainfood.com\/pl\/wp-json\/wp\/v2\/product_cat?post=44831"},{"taxonomy":"product_tag","embeddable":true,"href":"https:\/\/myspainfood.com\/pl\/wp-json\/wp\/v2\/product_tag?post=44831"}],"curies":[{"name":"wp","href":"https:\/\/api.w.org\/{rel}","templated":true}]}}