{"id":45238,"date":"2025-04-10T12:10:00","date_gmt":"2025-04-10T10:10:00","guid":{"rendered":"https:\/\/myspainfood.com\/producto\/chicon-grandmas-party-900-gr-opakowanie-6-sztuk\/"},"modified":"2025-07-10T09:19:27","modified_gmt":"2025-07-10T07:19:27","slug":"chicon-grandmas-party-900-gr-opakowanie-6-sztuk","status":"publish","type":"product","link":"https:\/\/myspainfood.com\/pl\/producto\/chicon-grandmas-party-900-gr-opakowanie-6-sztuk\/","title":{"rendered":"Chicon Grandma&#8217;s Party 900 gr opakowanie 6 sztuk"},"content":{"rendered":"<p>Korzy\u015bci p\u0142yn\u0105ce ze stosowania oliwek dzielonych babci<\/p>\n<p>Korzy\u015bci z babcinych oliwek s\u0105 liczne, a opr\u00f3cz ich wspania\u0142ego smaku, ich w\u0142a\u015bciwo\u015bci s\u0105 r\u00f3wnie\u017c bardzo korzystne dla zdrowia.<\/p>\n<p>Obni\u017caj\u0105 poziom cholesterolu. Dzi\u0119ki zawarto\u015bci kwasu oleinowego, oliwki babci pomagaj\u0105 utrzyma\u0107 cholesterol na dystans. <\/p>\n<p>Wspomagaj\u0105 trawienie. Ze wzgl\u0119du na wysok\u0105 zawarto\u015b\u0107 b\u0142onnika, oliwki te pomagaj\u0105 eliminowa\u0107 toksyny i poprawiaj\u0105 og\u00f3lne trawienie. <\/p>\n<p>Korzy\u015bci dla sk\u00f3ry. Witaminy A i E s\u0105 korzystne dla sk\u00f3ry i dzia\u0142aj\u0105 przeciwstarzeniowo. <\/p>\n<p>Dostarczaj\u0105 energii. S\u0105 bogate w \u017celazo, kt\u00f3re pomaga w syntezie karnityny i produkcji energii. <\/p>\n<p>Kup oliwki na przyj\u0119ciu u babci<\/p>\n<p>Oliwki Babuni wyr\u00f3\u017cniaj\u0105 si\u0119 s\u0142odkim, ale intensywnym smakiem, a tak\u017ce charakterystyczn\u0105 przypraw\u0105, kt\u00f3ra jest tworzona przy u\u017cyciu naturalnych przypraw.<\/p>\n<p>Po 5 latach przechowywania owoce drzewa oliwnego s\u0105 macerowane, a\u017c osi\u0105gn\u0105 przyjemn\u0105 konsystencj\u0119 naszych <a href=\"https:\/\/latiendadesami.com\/categoria-producto\/encurtidos\/\" target=\"_blank\" rel=\"noopener noreferrer nofollow\">&#8222;Encurtidos Aceitunas de la Abuela&#8221; ( Pikle<\/a> z oliwek babci).<\/p>\n<p>Te ca\u0142e oliwki o twardym mi\u0105\u017cszu, lekko rozgniecione i <a href=\"https:\/\/es.wikipedia.org\/wiki\/Aceitunas_ali%C3%B1adas\" target=\"_blank\" rel=\"noopener noreferrer nofollow\">przyprawione<\/a> zgodnie z przepisem babci, s\u0105 wynikiem d\u0142ugiej tradycji rodzinnej, pochodz\u0105cej z Antequery w Maladze.<\/p>\n","protected":false},"excerpt":{"rendered":"<p>Korzy\u015bci p\u0142yn\u0105ce ze stosowania oliwek dzielonych babci Korzy\u015bci z babcinych oliwek s\u0105 liczne, a opr\u00f3cz ich wspania\u0142ego smaku, ich w\u0142a\u015bciwo\u015bci s\u0105 r\u00f3wnie\u017c bardzo korzystne dla zdrowia. Obni\u017caj\u0105 poziom cholesterolu. Dzi\u0119ki zawarto\u015bci kwasu oleinowego, oliwki babci pomagaj\u0105 utrzyma\u0107 cholesterol na dystans. Wspomagaj\u0105 trawienie. Ze wzgl\u0119du na wysok\u0105 zawarto\u015b\u0107 b\u0142onnika, oliwki te pomagaj\u0105 eliminowa\u0107 toksyny i poprawiaj\u0105 [&hellip;]<\/p>\n","protected":false},"featured_media":7861,"template":"","meta":{"_et_pb_use_builder":"","_et_pb_old_content":"","_et_gb_content_width":""},"product_brand":[1036],"product_cat":[3110,2921],"product_tag":[1631,1632],"class_list":{"0":"post-45238","1":"product","2":"type-product","3":"status-publish","4":"has-post-thumbnail","6":"product_brand-chicon","7":"product_cat-pikle-pl","8":"product_cat-sprzedaz-hurtowa","9":"product_tag-babcia","10":"product_tag-pozycja","12":"first","13":"instock","14":"featured","15":"taxable","16":"shipping-taxable","17":"purchasable","18":"product-type-variable"},"_links":{"self":[{"href":"https:\/\/myspainfood.com\/pl\/wp-json\/wp\/v2\/product\/45238","targetHints":{"allow":["GET"]}}],"collection":[{"href":"https:\/\/myspainfood.com\/pl\/wp-json\/wp\/v2\/product"}],"about":[{"href":"https:\/\/myspainfood.com\/pl\/wp-json\/wp\/v2\/types\/product"}],"wp:featuredmedia":[{"embeddable":true,"href":"https:\/\/myspainfood.com\/pl\/wp-json\/wp\/v2\/media\/7861"}],"wp:attachment":[{"href":"https:\/\/myspainfood.com\/pl\/wp-json\/wp\/v2\/media?parent=45238"}],"wp:term":[{"taxonomy":"product_brand","embeddable":true,"href":"https:\/\/myspainfood.com\/pl\/wp-json\/wp\/v2\/product_brand?post=45238"},{"taxonomy":"product_cat","embeddable":true,"href":"https:\/\/myspainfood.com\/pl\/wp-json\/wp\/v2\/product_cat?post=45238"},{"taxonomy":"product_tag","embeddable":true,"href":"https:\/\/myspainfood.com\/pl\/wp-json\/wp\/v2\/product_tag?post=45238"}],"curies":[{"name":"wp","href":"https:\/\/api.w.org\/{rel}","templated":true}]}}