{"id":45300,"date":"2025-04-10T12:10:02","date_gmt":"2025-04-10T10:10:02","guid":{"rendered":"https:\/\/myspainfood.com\/producto\/lizaki-oliwkowe-chicon-900-gramow-opakowanie-6-sztuk\/"},"modified":"2026-03-30T09:24:35","modified_gmt":"2026-03-30T07:24:35","slug":"lizaki-oliwkowe-chicon-900-gramow-opakowanie-6-sztuk","status":"publish","type":"product","link":"https:\/\/myspainfood.com\/pl\/producto\/lizaki-oliwkowe-chicon-900-gramow-opakowanie-6-sztuk\/","title":{"rendered":"Lizaki oliwkowe Chic\u00f3n 900 gram\u00f3w opakowanie 6 sztuk"},"content":{"rendered":"<h3>Zalety oliwek <a href=\"https:\/\/aceitunaschiconlebron.com\/\" target=\"_blank\" rel=\"noopener noreferrer nofollow\">Chicon<\/a> Chupadedos Ali\u00f1o<\/h3>\n<p>Czy znaj\u0105 Pa\u0144stwo liczne zalety oliwek do ssania Chicon Ali\u00f1o? Maj\u0105 one du\u017c\u0105 moc zapobiegania chorobom serca i og\u00f3lnie chorobom uk\u0142adu kr\u0105\u017cenia. <\/p>\n<p>Wynika to z wysokiej zawarto\u015bci t\u0142uszcz\u00f3w nienasyconych. Ponadto jest to \u017cywno\u015b\u0107, kt\u00f3ra zawiera du\u017co \u017celaza i b\u0142onnika i jest bardzo syc\u0105ca, co czyni j\u0105 idealn\u0105 przek\u0105sk\u0105. <\/p>\n<p>Zaleca si\u0119 przechowywanie ca\u0142ych oliwek w ch\u0142odnym, suchym miejscu, z dala od \u015bwiat\u0142a s\u0142onecznego.<\/p>\n<p>Je\u015bli chcesz kupi\u0107 oliwki lub inny rodzaj <a href=\"https:\/\/latiendadesami.com\/categoria-producto\/encurtidos\/\" rel=\"noopener noreferrer nofollow\" target=\"_blank\">marynowanej<\/a> \u017cywno\u015bci, nie wahaj si\u0119 zajrze\u0107 do naszego katalogu online, aby zobaczy\u0107 szerok\u0105 gam\u0119 <a href=\"https:\/\/latiendadesami.com\/categoria-producto\/encurtidos\/aceitunas\/\" target=\"_blank\" rel=\"noopener noreferrer nofollow\">oliwek<\/a>, kt\u00f3re mamy.<\/p>\n","protected":false},"excerpt":{"rendered":"<p>Zalety oliwek Chicon Chupadedos Ali\u00f1o Czy znaj\u0105 Pa\u0144stwo liczne zalety oliwek do ssania Chicon Ali\u00f1o? Maj\u0105 one du\u017c\u0105 moc zapobiegania chorobom serca i og\u00f3lnie chorobom uk\u0142adu kr\u0105\u017cenia. Wynika to z wysokiej zawarto\u015bci t\u0142uszcz\u00f3w nienasyconych. Ponadto jest to \u017cywno\u015b\u0107, kt\u00f3ra zawiera du\u017co \u017celaza i b\u0142onnika i jest bardzo syc\u0105ca, co czyni j\u0105 idealn\u0105 przek\u0105sk\u0105. Zaleca si\u0119 [&hellip;]<\/p>\n","protected":false},"featured_media":12352,"template":"","meta":{"_et_pb_use_builder":"","_et_pb_old_content":"","_et_gb_content_width":""},"product_brand":[1036],"product_cat":[3110,2921],"product_tag":[4089],"class_list":{"0":"post-45300","1":"product","2":"type-product","3":"status-publish","4":"has-post-thumbnail","6":"product_brand-chicon","7":"product_cat-pikle-pl","8":"product_cat-sprzedaz-hurtowa","9":"product_tag-frajerzy","11":"first","12":"instock","13":"taxable","14":"shipping-taxable","15":"purchasable","16":"product-type-variable"},"_links":{"self":[{"href":"https:\/\/myspainfood.com\/pl\/wp-json\/wp\/v2\/product\/45300","targetHints":{"allow":["GET"]}}],"collection":[{"href":"https:\/\/myspainfood.com\/pl\/wp-json\/wp\/v2\/product"}],"about":[{"href":"https:\/\/myspainfood.com\/pl\/wp-json\/wp\/v2\/types\/product"}],"wp:featuredmedia":[{"embeddable":true,"href":"https:\/\/myspainfood.com\/pl\/wp-json\/wp\/v2\/media\/12352"}],"wp:attachment":[{"href":"https:\/\/myspainfood.com\/pl\/wp-json\/wp\/v2\/media?parent=45300"}],"wp:term":[{"taxonomy":"product_brand","embeddable":true,"href":"https:\/\/myspainfood.com\/pl\/wp-json\/wp\/v2\/product_brand?post=45300"},{"taxonomy":"product_cat","embeddable":true,"href":"https:\/\/myspainfood.com\/pl\/wp-json\/wp\/v2\/product_cat?post=45300"},{"taxonomy":"product_tag","embeddable":true,"href":"https:\/\/myspainfood.com\/pl\/wp-json\/wp\/v2\/product_tag?post=45300"}],"curies":[{"name":"wp","href":"https:\/\/api.w.org\/{rel}","templated":true}]}}