{"id":45395,"date":"2025-04-10T12:10:12","date_gmt":"2025-04-10T10:10:12","guid":{"rendered":"https:\/\/myspainfood.com\/producto\/80-szt-cusumano-przybrzezne-swieze-bonito-18-kg\/"},"modified":"2026-01-13T13:48:38","modified_gmt":"2026-01-13T12:48:38","slug":"80-szt-cusumano-przybrzezne-swieze-bonito-18-kg","status":"publish","type":"product","link":"https:\/\/myspainfood.com\/pl\/producto\/80-szt-cusumano-przybrzezne-swieze-bonito-18-kg\/","title":{"rendered":"80 szt. Cusumano coastal \u015bwie\u017ce bonito 1&#8217;8 kg"},"content":{"rendered":"<div id=\"product-description-short-5\" class=\"rte-content\">\n<p style=\"text-align: left;\">\u015awie\u017cy tu\u0144czyk przybrze\u017cny Cusumano to bia\u0142y tu\u0144czyk po\u0142awiany pojedynczo w Morzu Kantabryjskim i <a href=\"https:\/\/es.wikipedia.org\/wiki\/Thunnus\" target=\"_blank\" rel=\"noopener noreferrer nofollow\">przetwarzany<\/a> NA \u015aWIE\u017bO.<\/p>\n<p>Jedzenie to ma autentyczny smak i wyj\u0105tkow\u0105 konsystencj\u0119.<\/p>\n<p>Wreszcie mog\u0105 Pa\u0144stwo mie\u0107 na stole tradycyjn\u0105 konfitur\u0119.<\/p>\n<p>Fresco de Costera.<\/p>\n<p>Poniewa\u017c jest to po\u0142\u00f3w sezonowy, kt\u00f3ry trwa od czerwca do pa\u017adziernika, Cusumano gwarantuje, \u017ce ten tu\u0144czyk bia\u0142y nie zosta\u0142 poddany \u017cadnemu procesowi zamra\u017cania od momentu z\u0142owienia do produkcji.<\/p>\n<p>Tu\u0144czyk ten zachowuje wszystkie swoje w\u0142a\u015bciwo\u015bci organoleptyczne, takie jak kolor, smak i konsystencja.<\/p>\n<p>Conservas Cusumano posiada nowe i nowoczesne obiekty o powierzchni prawie 6000 m\u00b2 zlokalizowane w Mundaka.<\/p>\n<p>Conservas Cusumano to firma, kt\u00f3ra od ponad 60 lat utrzymuje zami\u0142owanie do tradycji i know-how w jednej z najstarszych i najbardziej tradycyjnych bran\u017c na \u015bwiecie: rybo\u0142\u00f3wstwie i puszkowaniu \u015bwie\u017cego bia\u0142ego tu\u0144czyka z wybrze\u017ca.<\/p>\n<p>W niezr\u00f3wnanym rezerwacie biosfery Urdaibai, kt\u00f3ry pozwala im mie\u0107 naj\u015bwie\u017csze ryby ze wzgl\u0119du na po\u0142o\u017cenie tak blisko morza, kt\u00f3re przenika nasz\u0105 istot\u0119.<\/p>\n<p>Je\u015bli chc\u0105 Pa\u0144stwo kupi\u0107 \u015bwie\u017cego tu\u0144czyka Cusumano Coastal lub jakikolwiek inny rodzaj <a href=\"https:\/\/latiendadesami.com\/categoria-producto\/conservas\/\" rel=\"noopener noreferrer nofollow\" target=\"_blank\">tu\u0144czyka w puszce<\/a>, prosz\u0119 nie waha\u0107 si\u0119 i zapozna\u0107 si\u0119 z naszym katalogiem online, aby zobaczy\u0107 szeroki wyb\u00f3r <a href=\"https:\/\/latiendadesami.com\/categoria-producto\/conservas\/atun-y-bonito\/\" target=\"_blank\" rel=\"noopener noreferrer nofollow\">tu\u0144czyka<\/a>, kt\u00f3ry mamy.<\/p>\n<p>Prosz\u0119 napisa\u0107 do nas, aby uzyska\u0107 wi\u0119cej informacji.<\/p>\n<p>&nbsp;<\/p>\n<\/div>\n","protected":false},"excerpt":{"rendered":"<p>\u015awie\u017cy tu\u0144czyk przybrze\u017cny Cusumano to bia\u0142y tu\u0144czyk po\u0142awiany pojedynczo w Morzu Kantabryjskim i przetwarzany NA \u015aWIE\u017bO. Jedzenie to ma autentyczny smak i wyj\u0105tkow\u0105 konsystencj\u0119. Wreszcie mog\u0105 Pa\u0144stwo mie\u0107 na stole tradycyjn\u0105 konfitur\u0119. Fresco de Costera. Poniewa\u017c jest to po\u0142\u00f3w sezonowy, kt\u00f3ry trwa od czerwca do pa\u017adziernika, Cusumano gwarantuje, \u017ce ten tu\u0144czyk bia\u0142y nie zosta\u0142 poddany [&hellip;]<\/p>\n","protected":false},"featured_media":12622,"template":"","meta":{"_et_pb_use_builder":"","_et_pb_old_content":"","_et_gb_content_width":""},"product_brand":[1272],"product_cat":[1969,4219],"product_tag":[],"class_list":{"0":"post-45395","1":"product","2":"type-product","3":"status-publish","4":"has-post-thumbnail","6":"product_brand-cusumano","7":"product_cat-konserwy","8":"product_cat-tunczyk-i-bonito","10":"first","11":"outofstock","12":"taxable","13":"shipping-taxable","14":"purchasable","15":"product-type-simple"},"_links":{"self":[{"href":"https:\/\/myspainfood.com\/pl\/wp-json\/wp\/v2\/product\/45395","targetHints":{"allow":["GET"]}}],"collection":[{"href":"https:\/\/myspainfood.com\/pl\/wp-json\/wp\/v2\/product"}],"about":[{"href":"https:\/\/myspainfood.com\/pl\/wp-json\/wp\/v2\/types\/product"}],"wp:featuredmedia":[{"embeddable":true,"href":"https:\/\/myspainfood.com\/pl\/wp-json\/wp\/v2\/media\/12622"}],"wp:attachment":[{"href":"https:\/\/myspainfood.com\/pl\/wp-json\/wp\/v2\/media?parent=45395"}],"wp:term":[{"taxonomy":"product_brand","embeddable":true,"href":"https:\/\/myspainfood.com\/pl\/wp-json\/wp\/v2\/product_brand?post=45395"},{"taxonomy":"product_cat","embeddable":true,"href":"https:\/\/myspainfood.com\/pl\/wp-json\/wp\/v2\/product_cat?post=45395"},{"taxonomy":"product_tag","embeddable":true,"href":"https:\/\/myspainfood.com\/pl\/wp-json\/wp\/v2\/product_tag?post=45395"}],"curies":[{"name":"wp","href":"https:\/\/api.w.org\/{rel}","templated":true}]}}