{"id":45396,"date":"2025-04-10T12:10:38","date_gmt":"2025-04-10T10:10:38","guid":{"rendered":"https:\/\/myspainfood.com\/producto\/cogollos-de-alinada-de-almagro-serca-z-salaty-z-almagro\/"},"modified":"2025-04-10T12:10:38","modified_gmt":"2025-04-10T10:10:38","slug":"cogollos-de-alinada-de-almagro-serca-z-salaty-z-almagro","status":"publish","type":"product","link":"https:\/\/myspainfood.com\/pl\/producto\/cogollos-de-alinada-de-almagro-serca-z-salaty-z-almagro\/","title":{"rendered":"&#8222;Cogollos de Ali\u00f1ada de Almagro&#8221; (serca z sa\u0142aty) z Almagro"},"content":{"rendered":"<p>Bak\u0142a\u017can z sosem Almagro to tradycyjny produkt z regionu Campo de Calatrava, w samym sercu La <a href=\"https:\/\/www.laencajera.es\/berenjenas-de-almagro\" target=\"_blank\" rel=\"noopener noreferrer nofollow\">Manchy<\/a>.<\/p>\n<p>Produkt z chronionym oznaczeniem geograficznym, kt\u00f3ry sta\u0142 si\u0119 gastronomicznym punktem odniesienia, czy to jako aperitif, w daniach na ciep\u0142o czy na zimno.<\/p>\n<p>Sk\u0142adniki: Bak\u0142a\u017can &#8222;De Almagro&#8221;, woda, s\u00f3l, ocet winny, pieprz, koper w\u0142oski, naturalne przyprawy (czosnek, kminek, papryka, oliwa z oliwek), wzmacniacz smaku (E-621), zakwaszacze (E-330), konserwanty (E-270, E-211, E-202E-223), przeciwutleniacz (E-300) i naturalne aromaty.<\/p>\n<p>Przechowywa\u0107 w ch\u0142odnym, suchym miejscu, w temperaturze od 3\u00baC do 10\u00baC.<\/p>\n<p>Chroni\u0107 przed \u015bwiat\u0142em s\u0142onecznym i silnymi zapachami.<\/p>\n<p>Bak\u0142a\u017can Almagro po otwarciu opakowania nale\u017cy przechowywa\u0107 w lod\u00f3wce i spo\u017cy\u0107 w ci\u0105gu 30 dni.<\/p>\n<p>Je\u015bli chc\u0105 Pa\u0144stwo kupi\u0107 oliwki lub inny rodzaj <a href=\"https:\/\/latiendadesami.com\/categoria-producto\/encurtidos\/\" rel=\"noopener noreferrer nofollow\" target=\"_blank\">pikli<\/a>, zapraszamy do zapoznania si\u0119 z naszym katalogiem online, w kt\u00f3rym znajd\u0105 Pa\u0144stwo szeroki wyb\u00f3r <a href=\"https:\/\/latiendadesami.com\/categoria-producto\/encurtidos\/berenjenas\/\" target=\"_blank\" rel=\"noopener noreferrer nofollow\">bak\u0142a\u017can\u00f3w<\/a>.<\/p>\n<p>Marka La Encajonera to rodzinna firma za\u0142o\u017cona w 1990 roku, zlokalizowana w samym sercu La Manchy, w mie\u015bcie ALMAGRO, w prowincji Ciudad Real.<\/p>\n<p>Proces wytwarzania produkt\u00f3w rozpoczyna si\u0119 na tym samym obszarze upraw, wybieraj\u0105c produkt najlepszej jako\u015bci.<\/p>\n<p>Fabryka jest wyposa\u017cona w najbardziej zaawansowan\u0105 technologi\u0119, zachowuj\u0105c jednocze\u015bnie tradycj\u0119 i know-how swoich rzemie\u015blnik\u00f3w.<\/p>\n","protected":false},"excerpt":{"rendered":"<p>Bak\u0142a\u017can z sosem Almagro to tradycyjny produkt z regionu Campo de Calatrava, w samym sercu La Manchy. Produkt z chronionym oznaczeniem geograficznym, kt\u00f3ry sta\u0142 si\u0119 gastronomicznym punktem odniesienia, czy to jako aperitif, w daniach na ciep\u0142o czy na zimno. Sk\u0142adniki: Bak\u0142a\u017can &#8222;De Almagro&#8221;, woda, s\u00f3l, ocet winny, pieprz, koper w\u0142oski, naturalne przyprawy (czosnek, kminek, papryka, [&hellip;]<\/p>\n","protected":false},"featured_media":12991,"template":"","meta":{"_et_pb_use_builder":"","_et_pb_old_content":"","_et_gb_content_width":""},"product_brand":[],"product_cat":[2130,1566],"product_tag":[2133],"class_list":{"0":"post-45396","1":"product","2":"type-product","3":"status-publish","4":"has-post-thumbnail","6":"product_cat-baklazany","7":"product_cat-pikle","8":"product_tag-alinada-pl","10":"first","11":"instock","12":"taxable","13":"shipping-taxable","14":"purchasable","15":"product-type-simple"},"_links":{"self":[{"href":"https:\/\/myspainfood.com\/pl\/wp-json\/wp\/v2\/product\/45396","targetHints":{"allow":["GET"]}}],"collection":[{"href":"https:\/\/myspainfood.com\/pl\/wp-json\/wp\/v2\/product"}],"about":[{"href":"https:\/\/myspainfood.com\/pl\/wp-json\/wp\/v2\/types\/product"}],"wp:featuredmedia":[{"embeddable":true,"href":"https:\/\/myspainfood.com\/pl\/wp-json\/wp\/v2\/media\/12991"}],"wp:attachment":[{"href":"https:\/\/myspainfood.com\/pl\/wp-json\/wp\/v2\/media?parent=45396"}],"wp:term":[{"taxonomy":"product_brand","embeddable":true,"href":"https:\/\/myspainfood.com\/pl\/wp-json\/wp\/v2\/product_brand?post=45396"},{"taxonomy":"product_cat","embeddable":true,"href":"https:\/\/myspainfood.com\/pl\/wp-json\/wp\/v2\/product_cat?post=45396"},{"taxonomy":"product_tag","embeddable":true,"href":"https:\/\/myspainfood.com\/pl\/wp-json\/wp\/v2\/product_tag?post=45396"}],"curies":[{"name":"wp","href":"https:\/\/api.w.org\/{rel}","templated":true}]}}