{"id":45407,"date":"2025-04-10T12:10:40","date_gmt":"2025-04-10T10:10:40","guid":{"rendered":"https:\/\/myspainfood.com\/producto\/filet-1500-2000-z-solonego-dorsza-gadus-morhua-10-kg\/"},"modified":"2026-04-24T07:33:33","modified_gmt":"2026-04-24T05:33:33","slug":"filet-1500-2000-z-solonego-dorsza-gadus-morhua-10-kg","status":"publish","type":"product","link":"https:\/\/myspainfood.com\/pl\/producto\/filet-1500-2000-z-solonego-dorsza-gadus-morhua-10-kg\/","title":{"rendered":"Filet +1500\/2000 z solonego dorsza Gadus morhua 10 kg"},"content":{"rendered":"<p>&#8222;Dorsz&#8221; to potoczna nazwa kilku gatunk\u00f3w ryb z rodzaju Gadus, chocia\u017c niekt\u00f3re z tego samego rodzaju mog\u0105 mie\u0107 inne nazwy. Najpopularniejszym gatunkiem jest dorsz atlantycki (Gadus morhua lub dorsz pospolity). Jest to jedna z najbardziej znanych ryb na \u015bwiecie, ceniona za sw\u00f3j wspania\u0142y smak.<\/p>\n<p>WARTO\u015a\u0106 OD\u017bYWCZA<\/p>\n<p>Z \u017cywieniowego punktu widzenia dorsz jest pokarmem bogatym w bia\u0142ko o wysokiej warto\u015bci biologicznej i strawno\u015bci, o niskiej zawarto\u015bci t\u0142uszczu i kalorii. Jego zawarto\u015b\u0107 wody wynosi oko\u0142o 80% (w \u015bwie\u017cym dorszu) i jest dobrym \u017ar\u00f3d\u0142em witamin (g\u0142\u00f3wnie z grupy B) i soli mineralnych niezb\u0119dnych dla organizmu. \u015awie\u017cy lub odsolony dorsz mo\u017ce by\u0107 spo\u017cywany przez osoby z wysokim ci\u015bnieniem krwi, poniewa\u017c ma nisk\u0105 zawarto\u015b\u0107 sodu i jest bogaty w potas.<\/p>\n","protected":false},"excerpt":{"rendered":"<p>&#8222;Dorsz&#8221; to potoczna nazwa kilku gatunk\u00f3w ryb z rodzaju Gadus, chocia\u017c niekt\u00f3re z tego samego rodzaju mog\u0105 mie\u0107 inne nazwy. Najpopularniejszym gatunkiem jest dorsz atlantycki (Gadus morhua lub dorsz pospolity). Jest to jedna z najbardziej znanych ryb na \u015bwiecie, ceniona za sw\u00f3j wspania\u0142y smak. WARTO\u015a\u0106 OD\u017bYWCZA Z \u017cywieniowego punktu widzenia dorsz jest pokarmem bogatym w [&hellip;]<\/p>\n","protected":false},"featured_media":13036,"template":"","meta":{"_et_pb_use_builder":"","_et_pb_old_content":"","_et_gb_content_width":""},"product_brand":[],"product_cat":[3558,1836],"product_tag":[],"class_list":{"0":"post-45407","1":"product","2":"type-product","3":"status-publish","4":"has-post-thumbnail","6":"product_cat-dorsz","7":"product_cat-zimno","8":"product_shipping_class-wysylka-na-zimno","10":"first","11":"outofstock","12":"taxable","13":"shipping-taxable","14":"purchasable","15":"product-type-simple"},"_links":{"self":[{"href":"https:\/\/myspainfood.com\/pl\/wp-json\/wp\/v2\/product\/45407","targetHints":{"allow":["GET"]}}],"collection":[{"href":"https:\/\/myspainfood.com\/pl\/wp-json\/wp\/v2\/product"}],"about":[{"href":"https:\/\/myspainfood.com\/pl\/wp-json\/wp\/v2\/types\/product"}],"wp:featuredmedia":[{"embeddable":true,"href":"https:\/\/myspainfood.com\/pl\/wp-json\/wp\/v2\/media\/13036"}],"wp:attachment":[{"href":"https:\/\/myspainfood.com\/pl\/wp-json\/wp\/v2\/media?parent=45407"}],"wp:term":[{"taxonomy":"product_brand","embeddable":true,"href":"https:\/\/myspainfood.com\/pl\/wp-json\/wp\/v2\/product_brand?post=45407"},{"taxonomy":"product_cat","embeddable":true,"href":"https:\/\/myspainfood.com\/pl\/wp-json\/wp\/v2\/product_cat?post=45407"},{"taxonomy":"product_tag","embeddable":true,"href":"https:\/\/myspainfood.com\/pl\/wp-json\/wp\/v2\/product_tag?post=45407"}],"curies":[{"name":"wp","href":"https:\/\/api.w.org\/{rel}","templated":true}]}}