{"id":45774,"date":"2025-04-10T12:11:14","date_gmt":"2025-04-10T10:11:14","guid":{"rendered":"https:\/\/myspainfood.com\/producto\/wermut-koktajlowy-los-cantabros-025-lata-jairo-cuetao-butelkowany-przez-bodegas-igarmi\/"},"modified":"2026-01-29T12:55:24","modified_gmt":"2026-01-29T11:55:24","slug":"wermut-koktajlowy-los-cantabros-025-lata-jairo-cuetao-butelkowany-przez-bodegas-igarmi","status":"publish","type":"product","link":"https:\/\/myspainfood.com\/pl\/producto\/wermut-koktajlowy-los-cantabros-025-lata-jairo-cuetao-butelkowany-przez-bodegas-igarmi\/","title":{"rendered":"Wermut koktajlowy los C\u00e1ntabros 0,25 Lata Jairo Cuetao butelkowany przez bodegas Igarmi"},"content":{"rendered":"<p>Verm\u00fa los C\u00e1ntabros to ho\u0142d dla wszystkich tych m\u0119\u017cczyzn i kobiet, kt\u00f3rzy wiedzieli, jak zachowa\u0107 i rozpowszechnia\u0107 nasz\u0105 kultur\u0119.<\/p>\n<p>R\u00f3wnie\u017c nasze korzenie i tradycje, kt\u00f3rym towarzysz\u0105 targi, festiwale, gry i gastronomia, od morza po g\u00f3ry naszej ukochanej Kantabrii.<\/p>\n<p>Ten produkt jest butelkowany przez Bodegas Igarmi.  <\/p>\n<p>Bodegas Igarmi to tera\u017aniejszo\u015b\u0107 tradycji, kt\u00f3ra od 1890 roku charakteryzuje si\u0119 jako\u015bci\u0105 i obs\u0142ug\u0105 klienta.<\/p>\n<p>Rodzinna firma, kt\u00f3rej pasja i oddanie winu pozwoli\u0142y butelkowa\u0107 i sprzedawa\u0107 wina o bezkonkurencyjnym stosunku jako\u015bci do ceny, kt\u00f3re s\u0105 wysoko cenione na rynku i przez konsument\u00f3w.<\/p>\n<p>Bodegas Igarmi posiada obiekty o powierzchni 3000 m\u00b2 w mie\u015bcie Heras o pojemno\u015bci magazynowej oko\u0142o miliona litr\u00f3w.<\/p>\n<p>Jest to r\u00f3wnie\u017c najwi\u0119ksza winiarnia w Kantabrii.<\/p>\n<p>Jest to wspania\u0142y zesp\u00f3\u0142 ponad 30 os\u00f3b zaanga\u017cowanych w dostarczanie klientom najlepszych produkt\u00f3w i us\u0142ug, za kt\u00f3re si\u0119 wyr\u00f3\u017cniamy.<\/p>\n<p>Dysponuj\u0105 flot\u0105 20 pojazd\u00f3w do dostarczania i dystrybucji produkt\u00f3w w ca\u0142ej Kantabrii i s\u0105siednich spo\u0142eczno\u015bciach.<\/p>\n<p>Je\u015bli chc\u0105 Pa\u0144stwo kupi\u0107 Vermouth Los C\u00e1ntabros 5 litr\u00f3w Bag in Box lub jakikolwiek inny nap\u00f3j, prosz\u0119 nie waha\u0107 si\u0119 i zajrze\u0107 do naszego katalogu online, aby zapozna\u0107 si\u0119 z szerok\u0105 gam\u0105 napoj\u00f3w, kt\u00f3re oferujemy.<\/p>\n<p>Prosz\u0119 napisa\u0107 do nas, aby uzyska\u0107 wi\u0119cej informacji.<\/p>\n","protected":false},"excerpt":{"rendered":"<p>Verm\u00fa los C\u00e1ntabros to ho\u0142d dla wszystkich tych m\u0119\u017cczyzn i kobiet, kt\u00f3rzy wiedzieli, jak zachowa\u0107 i rozpowszechnia\u0107 nasz\u0105 kultur\u0119. R\u00f3wnie\u017c nasze korzenie i tradycje, kt\u00f3rym towarzysz\u0105 targi, festiwale, gry i gastronomia, od morza po g\u00f3ry naszej ukochanej Kantabrii. Ten produkt jest butelkowany przez Bodegas Igarmi. Bodegas Igarmi to tera\u017aniejszo\u015b\u0107 tradycji, kt\u00f3ra od 1890 roku charakteryzuje [&hellip;]<\/p>\n","protected":false},"featured_media":13603,"template":"","meta":{"_et_pb_use_builder":"","_et_pb_old_content":"","_et_gb_content_width":""},"product_brand":[1244,1245],"product_cat":[4877,5769],"product_tag":[5770],"class_list":{"0":"post-45774","1":"product","2":"type-product","3":"status-publish","4":"has-post-thumbnail","6":"product_brand-igarmi","7":"product_brand-los-cantabros","8":"product_cat-napoje-pl","9":"product_cat-wermut","10":"product_tag-igarmi-pl","12":"first","13":"outofstock","14":"featured","15":"taxable","16":"shipping-taxable","17":"product-type-variable"},"_links":{"self":[{"href":"https:\/\/myspainfood.com\/pl\/wp-json\/wp\/v2\/product\/45774","targetHints":{"allow":["GET"]}}],"collection":[{"href":"https:\/\/myspainfood.com\/pl\/wp-json\/wp\/v2\/product"}],"about":[{"href":"https:\/\/myspainfood.com\/pl\/wp-json\/wp\/v2\/types\/product"}],"wp:featuredmedia":[{"embeddable":true,"href":"https:\/\/myspainfood.com\/pl\/wp-json\/wp\/v2\/media\/13603"}],"wp:attachment":[{"href":"https:\/\/myspainfood.com\/pl\/wp-json\/wp\/v2\/media?parent=45774"}],"wp:term":[{"taxonomy":"product_brand","embeddable":true,"href":"https:\/\/myspainfood.com\/pl\/wp-json\/wp\/v2\/product_brand?post=45774"},{"taxonomy":"product_cat","embeddable":true,"href":"https:\/\/myspainfood.com\/pl\/wp-json\/wp\/v2\/product_cat?post=45774"},{"taxonomy":"product_tag","embeddable":true,"href":"https:\/\/myspainfood.com\/pl\/wp-json\/wp\/v2\/product_tag?post=45774"}],"curies":[{"name":"wp","href":"https:\/\/api.w.org\/{rel}","templated":true}]}}