{"id":46150,"date":"2025-04-10T12:12:05","date_gmt":"2025-04-10T10:12:05","guid":{"rendered":"https:\/\/myspainfood.com\/producto\/santos-sodupe-rioja-young-titis-rose\/"},"modified":"2026-01-29T13:01:31","modified_gmt":"2026-01-29T12:01:31","slug":"santos-sodupe-rioja-young-titis-rose","status":"publish","type":"product","link":"https:\/\/myspainfood.com\/pl\/producto\/santos-sodupe-rioja-young-titis-rose\/","title":{"rendered":"Santos Sodupe Rioja young TITIS ROS\u00c9"},"content":{"rendered":"<p>R\u00f3\u017cowy<\/p>\n<p>Maceracja na zimno<\/p>\n<p>T\u0142oczenie niskoci\u015bnieniowe, sok z wolnego biegu<\/p>\n<p>Czyszczenie flotacyjne<\/p>\n<p>Fermentacja w kontrolowanej temperaturze<\/p>\n<p>Specyfikacje techniczne<\/p>\n<p>  Young Ros\u00e9<\/p>\n<p>  100% czerwonego grenache<\/p>\n<p>  Bodegas Santos Sodupe<\/p>\n<p>  San Asensio, La Rioja<\/p>\n<p>  D.O.C. Rioja<\/p>\n<p>  75 cl \/ 12,5% obj.<\/p>\n<p>  Zawiera siarczyny<\/p>\n<p>degustacja<\/p>\n<p>Blady, czysty r\u00f3\u017c z \u0142ososiowymi refleksami<\/p>\n<p>Otulaj\u0105cy i elegancki, bia\u0142e owoce i cytrusy<\/p>\n<p>D\u0142ugi i \u0142agodny, elegancka i utrzymuj\u0105ca si\u0119 kwasowo\u015b\u0107<\/p>\n","protected":false},"excerpt":{"rendered":"<p>R\u00f3\u017cowy Maceracja na zimno T\u0142oczenie niskoci\u015bnieniowe, sok z wolnego biegu Czyszczenie flotacyjne Fermentacja w kontrolowanej temperaturze Specyfikacje techniczne Young Ros\u00e9 100% czerwonego grenache Bodegas Santos Sodupe San Asensio, La Rioja D.O.C. Rioja 75 cl \/ 12,5% obj. Zawiera siarczyny degustacja Blady, czysty r\u00f3\u017c z \u0142ososiowymi refleksami Otulaj\u0105cy i elegancki, bia\u0142e owoce i cytrusy D\u0142ugi i [&hellip;]<\/p>\n","protected":false},"featured_media":14287,"template":"","meta":{"_et_pb_use_builder":"","_et_pb_old_content":"","_et_gb_content_width":""},"product_brand":[1459],"product_cat":[4877,4879],"product_tag":[],"class_list":{"0":"post-46150","1":"product","2":"type-product","3":"status-publish","4":"has-post-thumbnail","6":"product_brand-santos-sodupe","7":"product_cat-napoje-pl","8":"product_cat-wino","10":"first","11":"outofstock","12":"taxable","13":"shipping-taxable","14":"product-type-variable"},"_links":{"self":[{"href":"https:\/\/myspainfood.com\/pl\/wp-json\/wp\/v2\/product\/46150","targetHints":{"allow":["GET"]}}],"collection":[{"href":"https:\/\/myspainfood.com\/pl\/wp-json\/wp\/v2\/product"}],"about":[{"href":"https:\/\/myspainfood.com\/pl\/wp-json\/wp\/v2\/types\/product"}],"wp:featuredmedia":[{"embeddable":true,"href":"https:\/\/myspainfood.com\/pl\/wp-json\/wp\/v2\/media\/14287"}],"wp:attachment":[{"href":"https:\/\/myspainfood.com\/pl\/wp-json\/wp\/v2\/media?parent=46150"}],"wp:term":[{"taxonomy":"product_brand","embeddable":true,"href":"https:\/\/myspainfood.com\/pl\/wp-json\/wp\/v2\/product_brand?post=46150"},{"taxonomy":"product_cat","embeddable":true,"href":"https:\/\/myspainfood.com\/pl\/wp-json\/wp\/v2\/product_cat?post=46150"},{"taxonomy":"product_tag","embeddable":true,"href":"https:\/\/myspainfood.com\/pl\/wp-json\/wp\/v2\/product_tag?post=46150"}],"curies":[{"name":"wp","href":"https:\/\/api.w.org\/{rel}","templated":true}]}}