{"id":46158,"date":"2025-04-10T12:12:05","date_gmt":"2025-04-10T10:12:05","guid":{"rendered":"https:\/\/myspainfood.com\/producto\/santos-sodupe-rioja-czerwone-wino-sygnowane-graciano-rioja\/"},"modified":"2026-01-29T12:27:12","modified_gmt":"2026-01-29T11:27:12","slug":"santos-sodupe-rioja-czerwone-wino-sygnowane-graciano-rioja","status":"publish","type":"product","link":"https:\/\/myspainfood.com\/pl\/producto\/santos-sodupe-rioja-czerwone-wino-sygnowane-graciano-rioja\/","title":{"rendered":"Santos Sodupe Rioja czerwone wino sygnowane GRACIANO Rioja"},"content":{"rendered":"<p>100% Graciano<\/p>\n<p>16 miesi\u0119cy w d\u0119bowych beczkach<\/p>\n<p>Francuski<\/p>\n<p>Stare winoro\u015ble<\/p>\n<p>Zbiory wyselekcjonowane na winoro\u015bli<\/p>\n<p>Z\u0142oty Medal Top Wine 2021<\/p>\n<p>Z\u0142oty medal Civas 2023<\/p>\n<p>Specyfikacje techniczne<\/p>\n<p>Czerwone wino sygnowane<\/p>\n<p>100% graciano<\/p>\n<p>Bodegas Santos Sodupe<\/p>\n<p>San Asensio, La Rioja<\/p>\n<p>D.O.C. Rioja<\/p>\n<p>75 cl \/ 12,5% obj.<\/p>\n<p>Zawiera siarczyny<\/p>\n<p>degustacja<\/p>\n<p>Wi\u015bniowa czerwie\u0144 z odcieniami ochry<\/p>\n<p>Pikantne i drzewne nuty z dojrza\u0142ymi czerwonymi owocami<\/p>\n<p>Mi\u0119siste i d\u0142ugie, szlachetna tanina, pe\u0142nia i struktura.<\/p>\n","protected":false},"excerpt":{"rendered":"<p>100% Graciano 16 miesi\u0119cy w d\u0119bowych beczkach Francuski Stare winoro\u015ble Zbiory wyselekcjonowane na winoro\u015bli Z\u0142oty Medal Top Wine 2021 Z\u0142oty medal Civas 2023 Specyfikacje techniczne Czerwone wino sygnowane 100% graciano Bodegas Santos Sodupe San Asensio, La Rioja D.O.C. Rioja 75 cl \/ 12,5% obj. Zawiera siarczyny degustacja Wi\u015bniowa czerwie\u0144 z odcieniami ochry Pikantne i drzewne [&hellip;]<\/p>\n","protected":false},"featured_media":14242,"template":"","meta":{"_et_pb_use_builder":"","_et_pb_old_content":"","_et_gb_content_width":""},"product_brand":[1459],"product_cat":[4877,4879],"product_tag":[],"class_list":{"0":"post-46158","1":"product","2":"type-product","3":"status-publish","4":"has-post-thumbnail","6":"product_brand-santos-sodupe","7":"product_cat-napoje-pl","8":"product_cat-wino","10":"first","11":"outofstock","12":"taxable","13":"shipping-taxable","14":"product-type-variable"},"_links":{"self":[{"href":"https:\/\/myspainfood.com\/pl\/wp-json\/wp\/v2\/product\/46158","targetHints":{"allow":["GET"]}}],"collection":[{"href":"https:\/\/myspainfood.com\/pl\/wp-json\/wp\/v2\/product"}],"about":[{"href":"https:\/\/myspainfood.com\/pl\/wp-json\/wp\/v2\/types\/product"}],"wp:featuredmedia":[{"embeddable":true,"href":"https:\/\/myspainfood.com\/pl\/wp-json\/wp\/v2\/media\/14242"}],"wp:attachment":[{"href":"https:\/\/myspainfood.com\/pl\/wp-json\/wp\/v2\/media?parent=46158"}],"wp:term":[{"taxonomy":"product_brand","embeddable":true,"href":"https:\/\/myspainfood.com\/pl\/wp-json\/wp\/v2\/product_brand?post=46158"},{"taxonomy":"product_cat","embeddable":true,"href":"https:\/\/myspainfood.com\/pl\/wp-json\/wp\/v2\/product_cat?post=46158"},{"taxonomy":"product_tag","embeddable":true,"href":"https:\/\/myspainfood.com\/pl\/wp-json\/wp\/v2\/product_tag?post=46158"}],"curies":[{"name":"wp","href":"https:\/\/api.w.org\/{rel}","templated":true}]}}