{"id":46476,"date":"2025-04-10T12:07:16","date_gmt":"2025-04-10T10:07:16","guid":{"rendered":"https:\/\/myspainfood.com\/producto\/miod-kwiatowy-1-kg-la-celda-real\/"},"modified":"2025-09-10T17:05:58","modified_gmt":"2025-09-10T15:05:58","slug":"miod-kwiatowy-1-kg-la-celda-real","status":"publish","type":"product","link":"https:\/\/myspainfood.com\/pl\/producto\/miod-kwiatowy-1-kg-la-celda-real\/","title":{"rendered":"Mi\u00f3d kwiatowy 1 kg La Celda Real"},"content":{"rendered":"<p style=\"text-align: left\">Miel de Flores 1 kg to produkt wytwarzany dzi\u0119ki rozbudowanemu zapleczu wyposa\u017conemu w zautomatyzowane linie <a href=\"https:\/\/es.wikipedia.org\/wiki\/Miel\" target=\"_blank\" rel=\"noopener noreferrer nofollow\">produkcyjne<\/a> i zintegrowany system jako\u015bci.<\/p>\n<p style=\"text-align: left\">Po zebraniu przez do\u015bwiadczonych pszczelarzy, produkt jest pakowany w procesie, kt\u00f3ry zapewnia maksymalne zachowanie jego naturalnych w\u0142a\u015bciwo\u015bci.<\/p>\n<p style=\"text-align: left\">Produkt ten rozwija si\u0119 dzi\u0119ki do\u015bwiadczeniu, wiedzy i entuzjazmowi wszystkich, kt\u00f3rzy go tworz\u0105, z wywa\u017conym zaanga\u017cowaniem w najlepsz\u0105 tradycj\u0119, zachowuj\u0105c dobr\u0105 prac\u0119 z przesz\u0142o\u015bci i poprzez procesy produkcyjne, kt\u00f3re zapewniaj\u0105 <strong>jako\u015b\u0107 produktu ko\u0144cowego.<\/strong><\/p>\n<p style=\"text-align: left\">Mi\u00f3d jest pe\u0142nowarto\u015bciowym pokarmem produkowanym przez pszczo\u0142y z nektaru pozyskiwanego z kwiat\u00f3w.<\/p>\n<p style=\"text-align: left\">Jest to z\u0142ocisty, lepki, s\u0142odki i pyszny p\u0142yn, kt\u00f3ry pszczo\u0142y przechowuj\u0105, aby karmi\u0107 si\u0119 nim w sezonie letnim.<\/p>\n<p style=\"text-align: left\">Ma on wiele zalet, takich jak<\/p>\n<ul style=\"text-align: left\">\n<li>Jest to substytut cukru. Naturalny i pyszny. <\/li>\n<li>Wzmacnia Pa\u0144stwa mechanizmy obronne. Chroni Pa\u0144stwa organicznie. <\/li>\n<li>Zapobiega infekcjom. Dba o Pa\u0144stwa zdrowie. <\/li>\n<li>Daje to Pa\u0144stwu dodatkow\u0105 energi\u0119 na co dzie\u0144.<\/li>\n<li>  Wspomaga trawienie<\/li>\n<\/ul>\n<p style=\"text-align: left\">Je\u015bli chc\u0105 Pa\u0144stwo kupi\u0107 Miel de Flores 1 kg lub inny rodzaj <a href=\"https:\/\/latiendadesami.com\/categoria-producto\/conservas\/\" rel=\"noopener noreferrer nofollow\" target=\"_blank\">\u017cywno\u015bci w puszkach<\/a>, prosimy o zapoznanie si\u0119 z naszym katalogiem online, aby zobaczy\u0107 szerok\u0105 gam\u0119 naszych produkt\u00f3w.<\/p>\n<p style=\"text-align: left\">Prosz\u0119 napisa\u0107 do nas, aby uzyska\u0107 wi\u0119cej informacji.<\/p>\n","protected":false},"excerpt":{"rendered":"<p>Mi\u00f3d kwiatowy 1 kg<\/p>\n","protected":false},"featured_media":9598,"template":"","meta":{"_et_pb_use_builder":"","_et_pb_old_content":"","_et_gb_content_width":""},"product_brand":[1210],"product_cat":[1969,2918],"product_tag":[],"class_list":{"0":"post-46476","1":"product","2":"type-product","3":"status-publish","4":"has-post-thumbnail","6":"product_brand-la-celda-real","7":"product_cat-konserwy","8":"product_cat-miod","10":"first","11":"instock","12":"taxable","13":"shipping-taxable","14":"purchasable","15":"product-type-variable"},"_links":{"self":[{"href":"https:\/\/myspainfood.com\/pl\/wp-json\/wp\/v2\/product\/46476","targetHints":{"allow":["GET"]}}],"collection":[{"href":"https:\/\/myspainfood.com\/pl\/wp-json\/wp\/v2\/product"}],"about":[{"href":"https:\/\/myspainfood.com\/pl\/wp-json\/wp\/v2\/types\/product"}],"wp:featuredmedia":[{"embeddable":true,"href":"https:\/\/myspainfood.com\/pl\/wp-json\/wp\/v2\/media\/9598"}],"wp:attachment":[{"href":"https:\/\/myspainfood.com\/pl\/wp-json\/wp\/v2\/media?parent=46476"}],"wp:term":[{"taxonomy":"product_brand","embeddable":true,"href":"https:\/\/myspainfood.com\/pl\/wp-json\/wp\/v2\/product_brand?post=46476"},{"taxonomy":"product_cat","embeddable":true,"href":"https:\/\/myspainfood.com\/pl\/wp-json\/wp\/v2\/product_cat?post=46476"},{"taxonomy":"product_tag","embeddable":true,"href":"https:\/\/myspainfood.com\/pl\/wp-json\/wp\/v2\/product_tag?post=46476"}],"curies":[{"name":"wp","href":"https:\/\/api.w.org\/{rel}","templated":true}]}}