{"id":47707,"date":"2025-04-10T12:06:06","date_gmt":"2025-04-10T10:06:06","guid":{"rendered":"https:\/\/myspainfood.com\/producto\/kawalki-ventresca-900gr\/"},"modified":"2025-04-10T12:06:06","modified_gmt":"2025-04-10T10:06:06","slug":"kawalki-ventresca-900gr","status":"publish","type":"product","link":"https:\/\/myspainfood.com\/pl\/producto\/kawalki-ventresca-900gr\/","title":{"rendered":"Kawa\u0142ki Ventresca 900gr"},"content":{"rendered":"<p>Kawa\u0142ki Ventresca 900gr to naturalny produkt opracowany w <a href=\"http:\/\/www.conservasoti.es\/paginas\/historia.html\" target=\"_blank\" rel=\"noopener noreferrer nofollow\">tradycyjny<\/a> spos\u00f3b.<\/p>\n<p>Przechowywa\u0107 w ch\u0142odnym, suchym miejscu.<\/p>\n<p>Po otwarciu prosz\u0119 przenie\u015b\u0107 do odpowiedniego pojemnika i przechowywa\u0107 w lod\u00f3wce pod przykryciem przez maksymalnie 48 godzin.<\/p>\n<p>Conservas Oti to firma z rodzinn\u0105 tradycj\u0105, kt\u00f3rej dobra praca jest przekazywana z pokolenia na pokolenie.<\/p>\n<p>Ci\u0119\u017cka praca i wysi\u0142ek rodziny w du\u017cej mierze umo\u017cliwi\u0142y <span class=\"negrita\">Conservas Oti<\/span> rozw\u00f3j i ekspansj\u0119.<\/p>\n<p>G\u0142\u00f3wne obszary dzia\u0142alno\u015bci to From the Sea, From the Land i From the Farm.<\/p>\n<p>Z morza: Ma\u0142\u017ce, Ventresca, Sardinillas, Melva&#8230; Kawa\u0142ki Ventresca 900gr<\/p>\n<p>Lokalne produkty obejmuj\u0105: ciecierzyc\u0119 mleczn\u0105, bia\u0142\u0105 fasol\u0119 Kidney, fasol\u0119 Pinto, soczewic\u0119 Pardina&#8230;<\/p>\n<p>Z gospodarstwa: Czysty ser owczy, Szynka Ib\u00e9rico z \u017co\u0142\u0119dzi, Salchich\u00f3n Ib\u00e9rico z \u017co\u0142\u0119dzi, Chorizo Ib\u00e9rico z \u017co\u0142\u0119dzi,&#8230;<\/p>\n<h4>G\u0142\u00f3wne zalety \u017cywno\u015bci w puszkach<\/h4>\n<ol>\n<li>Zachowuj\u0105 one wszystkie w\u0142a\u015bciwo\u015bci od\u017cywcze samej \u017cywno\u015bci. \u017bywno\u015b\u0107 zachowuje swoj\u0105 \u015bwie\u017co\u015b\u0107. <\/li>\n<li>Stosowana \u017cywno\u015b\u0107 jest zdrowa i dlatego nadaje si\u0119 do optymalnej diety ze wzgl\u0119du na wysok\u0105 zawarto\u015b\u0107 witamin i bia\u0142ka.<\/li>\n<li>Produkty te maj\u0105 d\u0142u\u017csz\u0105 \u017cywotno\u015b\u0107 (typowo 2-5 lat).<\/li>\n<li>Przetwory s\u0105 bardzo \u0142atwe w przechowywaniu, poniewa\u017c ich opakowanie jest \u0142atwe do na\u0142o\u017cenia.<\/li>\n<\/ol>\n<p>Je\u015bli chc\u0105 Pa\u0144stwo kupi\u0107 tu\u0144czyka lub jakikolwiek inny rodzaj <a href=\"https:\/\/latiendadesami.com\/categoria-producto\/conservas\/\" rel=\"noopener noreferrer nofollow\" target=\"_blank\">\u017cywno\u015bci w puszkach<\/a>, prosz\u0119 nie waha\u0107 si\u0119 i zajrze\u0107 do naszego katalogu online, aby zapozna\u0107 si\u0119 z szerok\u0105 gam\u0105 oferowanych przez nas <a href=\"https:\/\/latiendadesami.com\/categoria-producto\/conservas\/atun-y-bonito\/\" target=\"_blank\" rel=\"noopener noreferrer nofollow\">tu\u0144czyk\u00f3w<\/a>.<\/p>\n<p>Prosz\u0119 napisa\u0107 do nas, aby uzyska\u0107 wi\u0119cej informacji.<\/p>\n","protected":false},"excerpt":{"rendered":"<p>Kawa\u0142ki Ventresca 900gr to naturalny produkt opracowany w tradycyjny spos\u00f3b. Przechowywa\u0107 w ch\u0142odnym, suchym miejscu. Po otwarciu prosz\u0119 przenie\u015b\u0107 do odpowiedniego pojemnika i przechowywa\u0107 w lod\u00f3wce pod przykryciem przez maksymalnie 48 godzin. Conservas Oti to firma z rodzinn\u0105 tradycj\u0105, kt\u00f3rej dobra praca jest przekazywana z pokolenia na pokolenie. Ci\u0119\u017cka praca i wysi\u0142ek rodziny w du\u017cej [&hellip;]<\/p>\n","protected":false},"featured_media":8176,"template":"","meta":{"_et_pb_use_builder":"","_et_pb_old_content":"","_et_gb_content_width":""},"product_brand":[1075],"product_cat":[1969,4219,3314],"product_tag":[],"class_list":{"0":"post-47707","1":"product","2":"type-product","3":"status-publish","4":"has-post-thumbnail","6":"product_brand-oti","7":"product_cat-konserwy","8":"product_cat-tunczyk-i-bonito","9":"product_cat-ventresca-pl","11":"first","12":"outofstock","13":"taxable","14":"shipping-taxable","15":"purchasable","16":"product-type-simple"},"_links":{"self":[{"href":"https:\/\/myspainfood.com\/pl\/wp-json\/wp\/v2\/product\/47707","targetHints":{"allow":["GET"]}}],"collection":[{"href":"https:\/\/myspainfood.com\/pl\/wp-json\/wp\/v2\/product"}],"about":[{"href":"https:\/\/myspainfood.com\/pl\/wp-json\/wp\/v2\/types\/product"}],"wp:featuredmedia":[{"embeddable":true,"href":"https:\/\/myspainfood.com\/pl\/wp-json\/wp\/v2\/media\/8176"}],"wp:attachment":[{"href":"https:\/\/myspainfood.com\/pl\/wp-json\/wp\/v2\/media?parent=47707"}],"wp:term":[{"taxonomy":"product_brand","embeddable":true,"href":"https:\/\/myspainfood.com\/pl\/wp-json\/wp\/v2\/product_brand?post=47707"},{"taxonomy":"product_cat","embeddable":true,"href":"https:\/\/myspainfood.com\/pl\/wp-json\/wp\/v2\/product_cat?post=47707"},{"taxonomy":"product_tag","embeddable":true,"href":"https:\/\/myspainfood.com\/pl\/wp-json\/wp\/v2\/product_tag?post=47707"}],"curies":[{"name":"wp","href":"https:\/\/api.w.org\/{rel}","templated":true}]}}