{"id":47860,"date":"2025-04-10T12:06:14","date_gmt":"2025-04-10T10:06:14","guid":{"rendered":"https:\/\/myspainfood.com\/producto\/sardele-kantabryjskie-120-gr\/"},"modified":"2025-06-24T10:55:35","modified_gmt":"2025-06-24T08:55:35","slug":"sardele-kantabryjskie-120-gr","status":"publish","type":"product","link":"https:\/\/myspainfood.com\/pl\/producto\/sardele-kantabryjskie-120-gr\/","title":{"rendered":"Sardele kantabryjskie 120 gr"},"content":{"rendered":"<p>Sardele kantabryjskie s\u0105 najbardziej doceniane i cenione na rynku, wyr\u00f3\u017cniaj\u0105c si\u0119 delikatn\u0105 konsystencj\u0105 i intensywnym smakiem. Sardele kantabryjskie Arroyabe s\u0105 najwy\u017cszej jako\u015bci, po\u0142awiane wy\u0142\u0105cznie w Morzu Kantabryjskim, z gatunku &#8222;Engraulis Encrasicholus&#8221; i produkowane tradycyjnymi metodami. <\/p>\n<p>Istniej\u0105 dwa rodzaje cz\u0119\u015bciowo konserwowanych sardeli: filety sardeli w oleju i sardele solone. Solone sardele s\u0105 pakowane w puszki z sol\u0105 podczas wiosennego sezonu przybrze\u017cnego, a nast\u0119pnie pozostawione do dojrzewania przez 9 miesi\u0119cy. S\u0105 one najlepszym rozwi\u0105zaniem dla tych, kt\u00f3rzy chc\u0105 przygotowa\u0107 sardele wed\u0142ug w\u0142asnego gustu, a solone sardele mo\u017cna kupi\u0107 w puszkach o pojemno\u015bci 2,5, 5 i 10 kg.  <\/p>\n<p>Filety sardeli w oliwie z oliwek maj\u0105 t\u0119 dodatkow\u0105 zalet\u0119, \u017ce po dojrzewaniu s\u0105 czyszczone i filetowane r\u0119cznie, zgodnie z tradycyjnymi technikami przetwarzania sardeli.<\/p>\n","protected":false},"excerpt":{"rendered":"<p>Sardele kantabryjskie s\u0105 najbardziej doceniane i cenione na rynku, wyr\u00f3\u017cniaj\u0105c si\u0119 delikatn\u0105 konsystencj\u0105 i intensywnym smakiem. Sardele kantabryjskie Arroyabe s\u0105 najwy\u017cszej jako\u015bci, po\u0142awiane wy\u0142\u0105cznie w Morzu Kantabryjskim, z gatunku &#8222;Engraulis Encrasicholus&#8221; i produkowane tradycyjnymi metodami. Istniej\u0105 dwa rodzaje cz\u0119\u015bciowo konserwowanych sardeli: filety sardeli w oleju i sardele solone. Solone sardele s\u0105 pakowane w puszki z [&hellip;]<\/p>\n","protected":false},"featured_media":8473,"template":"","meta":{"_et_pb_use_builder":"","_et_pb_old_content":"","_et_gb_content_width":""},"product_brand":[1127],"product_cat":[1838,1836],"product_tag":[],"class_list":{"0":"post-47860","1":"product","2":"type-product","3":"status-publish","4":"has-post-thumbnail","6":"product_brand-picarpicar","7":"product_cat-sardele-pl","8":"product_cat-zimno","9":"product_shipping_class-wysylka-na-zimno","11":"first","12":"instock","13":"featured","14":"taxable","15":"shipping-taxable","16":"purchasable","17":"product-type-variable"},"_links":{"self":[{"href":"https:\/\/myspainfood.com\/pl\/wp-json\/wp\/v2\/product\/47860","targetHints":{"allow":["GET"]}}],"collection":[{"href":"https:\/\/myspainfood.com\/pl\/wp-json\/wp\/v2\/product"}],"about":[{"href":"https:\/\/myspainfood.com\/pl\/wp-json\/wp\/v2\/types\/product"}],"wp:featuredmedia":[{"embeddable":true,"href":"https:\/\/myspainfood.com\/pl\/wp-json\/wp\/v2\/media\/8473"}],"wp:attachment":[{"href":"https:\/\/myspainfood.com\/pl\/wp-json\/wp\/v2\/media?parent=47860"}],"wp:term":[{"taxonomy":"product_brand","embeddable":true,"href":"https:\/\/myspainfood.com\/pl\/wp-json\/wp\/v2\/product_brand?post=47860"},{"taxonomy":"product_cat","embeddable":true,"href":"https:\/\/myspainfood.com\/pl\/wp-json\/wp\/v2\/product_cat?post=47860"},{"taxonomy":"product_tag","embeddable":true,"href":"https:\/\/myspainfood.com\/pl\/wp-json\/wp\/v2\/product_tag?post=47860"}],"curies":[{"name":"wp","href":"https:\/\/api.w.org\/{rel}","templated":true}]}}