{"id":47946,"date":"2025-04-10T12:06:14","date_gmt":"2025-04-10T10:06:14","guid":{"rendered":"https:\/\/myspainfood.com\/producto\/anchois-chop-chop-2-kg\/"},"modified":"2025-06-24T16:17:30","modified_gmt":"2025-06-24T14:17:30","slug":"anchois-chop-chop-2-kg","status":"publish","type":"product","link":"https:\/\/myspainfood.com\/pl\/producto\/anchois-chop-chop-2-kg\/","title":{"rendered":"Anchois Chop &amp; Chop 2 kg"},"content":{"rendered":"<p>Boquer\u00f3n Picar&amp;Picar 2 kg GOLD SERIES to anchois z czosnkiem i pietruszk\u0105 GOLD SERIES.<\/p>\n<p>Jest to wykwintna i bardzo du\u017ca ryba prezentowana na tacce o wadze 200 g.<\/p>\n<p>Ten <a href=\"https:\/\/picaripicar.com\/presentacion\/\" target=\"_blank\" rel=\"noopener noreferrer nofollow\">produkt<\/a> jest konserwowany olejem s\u0142onecznikowym, octem i czosnkiem.<\/p>\n<p>Taca powinna by\u0107 przechowywana w temperaturze od 0 do 4\u00baC.<\/p>\n<p>Do jego przygotowania u\u017cywamy oczyszczonych pol\u0119dwic sardeli, kt\u00f3re pocz\u0105tkowo maj\u0105 br\u0105zowawy mi\u0105\u017csz.<\/p>\n<p>Podkre\u015blaj\u0105 srebrzyste refleksy ich zewn\u0119trznej sk\u00f3ry i s\u0105 zanurzane w tacy (szklanej, nigdy metalowej, poniewa\u017c mog\u0142aby zosta\u0107 zaatakowana przez kwas octowy w occie) z sol\u0105, wod\u0105 i octem na 3 godziny w wodzie i oko\u0142o 6 godzin w occie w ch\u0142odnym miejscu.<\/p>\n<p>Pol\u0119dwiczki sardeli, wcze\u015bniej br\u0105zowe, stan\u0105 si\u0119 bia\u0142e, gdy ocet zacznie dzia\u0142a\u0107.<\/p>\n<p>Po odcedzeniu p\u0142ynu, udekorowa\u0107 du\u017c\u0105 ilo\u015bci\u0105 posiekanego czosnku, oliwy z oliwek i pietruszki.<\/p>\n<p>Potrawa ta jest zwykle spo\u017cywana na zimno z piwem (wino nie jest zalecane, poniewa\u017c ocet \u017ale oddzia\u0142uje z winem).<\/p>\n<p>Jest to bardzo typowy aperitif w Hiszpanii, szczeg\u00f3lnie w cieplejszych miesi\u0105cach.<\/p>\n<p>W Hiszpanii mo\u017cna je zobaczy\u0107 na tacach w wielu barach i restauracjach.<\/p>\n<p>Porcja jest cz\u0119sto przyozdobiona piklami: kaparami lub oliwkami i podawana z chipsami ziemniaczanymi na du\u017cym talerzu.<\/p>\n<p>W Hiszpanii produkt ten jest sprzedawany w du\u017cych supermarketach w plastikowych pojemnikach o r\u00f3\u017cnych rozmiarach, do kt\u00f3rych nale\u017cy doda\u0107 tylko czosnek i pietruszk\u0119.<\/p>\n<h2>Boquer\u00f3n Picar&amp;Picar 2 kg GOLD SERIES<\/h2>\n<p>Je\u015bli chc\u0105 Pa\u0144stwo kupi\u0107 Boquer\u00f3n Picar&amp;Picar 2 kg SERIE ORO lub inny rodzaj <a href=\"https:\/\/latiendadesami.com\/categoria-producto\/frio\/\" rel=\"noopener noreferrer nofollow\" target=\"_blank\">zimnej<\/a> \u017cywno\u015bci, prosz\u0119 nie waha\u0107 si\u0119 i zajrze\u0107 do naszego katalogu online.<\/p>\n<p>Mamy najwy\u017csz\u0105 jako\u015b\u0107 w najlepszej cenie.<\/p>\n<p>Prosz\u0119 napisa\u0107 do nas, aby uzyska\u0107 wi\u0119cej informacji lub je\u015bli maj\u0105 Pa\u0144stwo jakiekolwiek pytania dotycz\u0105ce tego lub innego produktu.<\/p>\n","protected":false},"excerpt":{"rendered":"<p>Boquer\u00f3n Picar&amp;Picar 2 kg GOLD SERIES to anchois z czosnkiem i pietruszk\u0105 GOLD SERIES. Jest to wykwintna i bardzo du\u017ca ryba prezentowana na tacce o wadze 200 g. Ten produkt jest konserwowany olejem s\u0142onecznikowym, octem i czosnkiem. Taca powinna by\u0107 przechowywana w temperaturze od 0 do 4\u00baC. Do jego przygotowania u\u017cywamy oczyszczonych pol\u0119dwic sardeli, kt\u00f3re [&hellip;]<\/p>\n","protected":false},"featured_media":8410,"template":"","meta":{"_et_pb_use_builder":"","_et_pb_old_content":"","_et_gb_content_width":""},"product_brand":[1127],"product_cat":[1908,1836],"product_tag":[],"class_list":{"0":"post-47946","1":"product","2":"type-product","3":"status-publish","4":"has-post-thumbnail","6":"product_brand-picarpicar","7":"product_cat-sardele-pl-2","8":"product_cat-zimno","9":"product_shipping_class-wysylka-na-zimno","11":"first","12":"instock","13":"taxable","14":"shipping-taxable","15":"purchasable","16":"product-type-variable"},"_links":{"self":[{"href":"https:\/\/myspainfood.com\/pl\/wp-json\/wp\/v2\/product\/47946","targetHints":{"allow":["GET"]}}],"collection":[{"href":"https:\/\/myspainfood.com\/pl\/wp-json\/wp\/v2\/product"}],"about":[{"href":"https:\/\/myspainfood.com\/pl\/wp-json\/wp\/v2\/types\/product"}],"wp:featuredmedia":[{"embeddable":true,"href":"https:\/\/myspainfood.com\/pl\/wp-json\/wp\/v2\/media\/8410"}],"wp:attachment":[{"href":"https:\/\/myspainfood.com\/pl\/wp-json\/wp\/v2\/media?parent=47946"}],"wp:term":[{"taxonomy":"product_brand","embeddable":true,"href":"https:\/\/myspainfood.com\/pl\/wp-json\/wp\/v2\/product_brand?post=47946"},{"taxonomy":"product_cat","embeddable":true,"href":"https:\/\/myspainfood.com\/pl\/wp-json\/wp\/v2\/product_cat?post=47946"},{"taxonomy":"product_tag","embeddable":true,"href":"https:\/\/myspainfood.com\/pl\/wp-json\/wp\/v2\/product_tag?post=47946"}],"curies":[{"name":"wp","href":"https:\/\/api.w.org\/{rel}","templated":true}]}}