{"id":48084,"date":"2025-04-10T12:09:50","date_gmt":"2025-04-10T10:09:50","guid":{"rendered":"https:\/\/myspainfood.com\/producto\/salatka-paprykowa-z-tunczykiem-alsur-120-szt\/"},"modified":"2025-04-10T12:09:50","modified_gmt":"2025-04-10T10:09:50","slug":"salatka-paprykowa-z-tunczykiem-alsur-120-szt","status":"publish","type":"product","link":"https:\/\/myspainfood.com\/pl\/producto\/salatka-paprykowa-z-tunczykiem-alsur-120-szt\/","title":{"rendered":"Sa\u0142atka paprykowa z tu\u0144czykiem Alsur 120 szt."},"content":{"rendered":"<p>Sukces sa\u0142atki paprykowej z tu\u0144czykiem <a href=\"https:\/\/www.alsurvegetales.com\/producto\/id\/26\/ensalada-de-pimiento-asado-con-atun\" target=\"_blank\" rel=\"noopener noreferrer nofollow\">Alsur<\/a> polega na jej zr\u00f3\u017cnicowanym kolorze od bladego do ciemnoczerwonego, smaku i g\u0142adkiej konsystencji.<\/p>\n<p>Te pieczone papryki, wraz z cebul\u0105, tworz\u0105 pyszne danie, kt\u00f3re jest bardzo \u0142atwe w przygotowaniu.<\/p>\n<p>Szklany s\u0142oik wa\u017cy 340 gram\u00f3w.<\/p>\n<p>Przechowywa\u0107 w ch\u0142odnym i suchym miejscu. Po otwarciu przechowywa\u0107 w lod\u00f3wce i spo\u017cy\u0107 w ci\u0105gu 7 dni. <\/p>\n<p>Sk\u0142adniki: Papryka Piquillo, cebula, woda, cukier, tu\u0144czyk (5%), ocet, s\u00f3l, kwasek cytrynowy.<\/p>\n<p>Alsur to firma rodzinna, w kt\u00f3rej g\u0142\u00f3wnym bohaterem jest esencja jedzenia.<\/p>\n<h4>G\u0142\u00f3wne zalety \u017cywno\u015bci w puszkach<\/h4>\n<ol>\n<li>Zachowuj\u0105 one wszystkie w\u0142a\u015bciwo\u015bci od\u017cywcze samej \u017cywno\u015bci. \u017bywno\u015b\u0107 zachowuje swoj\u0105 \u015bwie\u017co\u015b\u0107. <\/li>\n<li>Stosowana \u017cywno\u015b\u0107 jest zdrowa i dlatego nadaje si\u0119 do optymalnej diety ze wzgl\u0119du na wysok\u0105 zawarto\u015b\u0107 witamin i bia\u0142ka.<\/li>\n<li>Produkty te maj\u0105 d\u0142u\u017csz\u0105 \u017cywotno\u015b\u0107 (typowo 2-5 lat).<\/li>\n<li>Przetwory s\u0105 bardzo \u0142atwe w przechowywaniu, poniewa\u017c ich opakowanie jest \u0142atwe do na\u0142o\u017cenia.<\/li>\n<\/ol>\n<p>Je\u015bli chc\u0105 Pa\u0144stwo kupi\u0107 sa\u0142atk\u0119 paprykow\u0105 z tu\u0144czykiem lub inny rodzaj <a href=\"https:\/\/latiendadesami.com\/categoria-producto\/conservas\/\" rel=\"noopener noreferrer nofollow\" target=\"_blank\">\u017cywno\u015bci w puszkach<\/a>, prosz\u0119 nie waha\u0107 si\u0119 i zajrze\u0107 do naszego katalogu online, aby zapozna\u0107 si\u0119 z szerokim wyborem <a href=\"https:\/\/latiendadesami.com\/categoria-producto\/conservas\/atun-y-bonito\/\" target=\"_blank\" rel=\"noopener noreferrer nofollow\">tu\u0144czyka<\/a>, kt\u00f3ry posiadamy.<\/p>\n<p>Prosz\u0119 napisa\u0107 do nas, aby uzyska\u0107 wi\u0119cej informacji.<\/p>\n","protected":false},"excerpt":{"rendered":"<p>Sukces sa\u0142atki paprykowej z tu\u0144czykiem Alsur polega na jej zr\u00f3\u017cnicowanym kolorze od bladego do ciemnoczerwonego, smaku i g\u0142adkiej konsystencji. Te pieczone papryki, wraz z cebul\u0105, tworz\u0105 pyszne danie, kt\u00f3re jest bardzo \u0142atwe w przygotowaniu. Szklany s\u0142oik wa\u017cy 340 gram\u00f3w. Przechowywa\u0107 w ch\u0142odnym i suchym miejscu. Po otwarciu przechowywa\u0107 w lod\u00f3wce i spo\u017cy\u0107 w ci\u0105gu 7 [&hellip;]<\/p>\n","protected":false},"featured_media":12172,"template":"","meta":{"_et_pb_use_builder":"","_et_pb_old_content":"","_et_gb_content_width":""},"product_brand":[1196],"product_cat":[1969,2311,2921,4219],"product_tag":[],"class_list":{"0":"post-48084","1":"product","2":"type-product","3":"status-publish","4":"has-post-thumbnail","6":"product_brand-alsur","7":"product_cat-konserwy","8":"product_cat-papryka","9":"product_cat-sprzedaz-hurtowa","10":"product_cat-tunczyk-i-bonito","12":"first","13":"outofstock","14":"taxable","15":"shipping-taxable","16":"purchasable","17":"product-type-simple"},"_links":{"self":[{"href":"https:\/\/myspainfood.com\/pl\/wp-json\/wp\/v2\/product\/48084","targetHints":{"allow":["GET"]}}],"collection":[{"href":"https:\/\/myspainfood.com\/pl\/wp-json\/wp\/v2\/product"}],"about":[{"href":"https:\/\/myspainfood.com\/pl\/wp-json\/wp\/v2\/types\/product"}],"wp:featuredmedia":[{"embeddable":true,"href":"https:\/\/myspainfood.com\/pl\/wp-json\/wp\/v2\/media\/12172"}],"wp:attachment":[{"href":"https:\/\/myspainfood.com\/pl\/wp-json\/wp\/v2\/media?parent=48084"}],"wp:term":[{"taxonomy":"product_brand","embeddable":true,"href":"https:\/\/myspainfood.com\/pl\/wp-json\/wp\/v2\/product_brand?post=48084"},{"taxonomy":"product_cat","embeddable":true,"href":"https:\/\/myspainfood.com\/pl\/wp-json\/wp\/v2\/product_cat?post=48084"},{"taxonomy":"product_tag","embeddable":true,"href":"https:\/\/myspainfood.com\/pl\/wp-json\/wp\/v2\/product_tag?post=48084"}],"curies":[{"name":"wp","href":"https:\/\/api.w.org\/{rel}","templated":true}]}}