{"id":48500,"date":"2025-04-10T12:09:51","date_gmt":"2025-04-10T10:09:51","guid":{"rendered":"https:\/\/myspainfood.com\/producto\/60-szt-cruceiro-de-ferreiros-albarino\/"},"modified":"2025-04-10T12:09:51","modified_gmt":"2025-04-10T10:09:51","slug":"60-szt-cruceiro-de-ferreiros-albarino","status":"publish","type":"product","link":"https:\/\/myspainfood.com\/pl\/producto\/60-szt-cruceiro-de-ferreiros-albarino\/","title":{"rendered":"60 szt. Cruceiro de Ferreiros Albari\u00f1o"},"content":{"rendered":"<p>To klasyczne galicyjskie wino jest czyste i jasne, o prawie zielonym kolorze. Aromaty grejpfruta \u015bpiewaj\u0105 na kwiatowym tle z nutami mineralno\u015bci. Ma cia\u0142o, dobr\u0105 struktur\u0119 i mocny finisz, \u015bwietne wino do lekkich da\u0144 rybnych lub \u015bwie\u017cych ser\u00f3w.  <\/p>\n<div>wino wyprodukowane z winogron Albari\u00f1o, Godello i Loureiro, zosta\u0142o nagrodzone srebrnym medalem International Wine Awards 2017 w kategorii win bia\u0142ych.<\/div>\n<p>Nazwa\/obszar: Ixp Do Mi\u00f1o<\/p>\n","protected":false},"excerpt":{"rendered":"<p>To klasyczne galicyjskie wino jest czyste i jasne, o prawie zielonym kolorze. Aromaty grejpfruta \u015bpiewaj\u0105 na kwiatowym tle z nutami mineralno\u015bci. Ma cia\u0142o, dobr\u0105 struktur\u0119 i mocny finisz, \u015bwietne wino do lekkich da\u0144 rybnych lub \u015bwie\u017cych ser\u00f3w. wino wyprodukowane z winogron Albari\u00f1o, Godello i Loureiro, zosta\u0142o nagrodzone srebrnym medalem International Wine Awards 2017 w kategorii [&hellip;]<\/p>\n","protected":false},"featured_media":11470,"template":"","meta":{"_et_pb_use_builder":"","_et_pb_old_content":"","_et_gb_content_width":""},"product_brand":[1302],"product_cat":[4877,2921,4879],"product_tag":[7012],"class_list":{"0":"post-48500","1":"product","2":"type-product","3":"status-publish","4":"has-post-thumbnail","6":"product_brand-galiciano","7":"product_cat-napoje-pl","8":"product_cat-sprzedaz-hurtowa","9":"product_cat-wino","10":"product_tag-albarino-pl","12":"first","13":"outofstock","14":"taxable","15":"shipping-taxable","16":"purchasable","17":"product-type-simple"},"_links":{"self":[{"href":"https:\/\/myspainfood.com\/pl\/wp-json\/wp\/v2\/product\/48500","targetHints":{"allow":["GET"]}}],"collection":[{"href":"https:\/\/myspainfood.com\/pl\/wp-json\/wp\/v2\/product"}],"about":[{"href":"https:\/\/myspainfood.com\/pl\/wp-json\/wp\/v2\/types\/product"}],"wp:featuredmedia":[{"embeddable":true,"href":"https:\/\/myspainfood.com\/pl\/wp-json\/wp\/v2\/media\/11470"}],"wp:attachment":[{"href":"https:\/\/myspainfood.com\/pl\/wp-json\/wp\/v2\/media?parent=48500"}],"wp:term":[{"taxonomy":"product_brand","embeddable":true,"href":"https:\/\/myspainfood.com\/pl\/wp-json\/wp\/v2\/product_brand?post=48500"},{"taxonomy":"product_cat","embeddable":true,"href":"https:\/\/myspainfood.com\/pl\/wp-json\/wp\/v2\/product_cat?post=48500"},{"taxonomy":"product_tag","embeddable":true,"href":"https:\/\/myspainfood.com\/pl\/wp-json\/wp\/v2\/product_tag?post=48500"}],"curies":[{"name":"wp","href":"https:\/\/api.w.org\/{rel}","templated":true}]}}