{"id":48546,"date":"2025-04-10T12:10:00","date_gmt":"2025-04-10T10:10:00","guid":{"rendered":"https:\/\/myspainfood.com\/producto\/oliwki-alino-de-mi-pueblo-chicon-900-gramow-opakowanie-6-sztuk\/"},"modified":"2025-04-10T12:10:00","modified_gmt":"2025-04-10T10:10:00","slug":"oliwki-alino-de-mi-pueblo-chicon-900-gramow-opakowanie-6-sztuk","status":"publish","type":"product","link":"https:\/\/myspainfood.com\/pl\/producto\/oliwki-alino-de-mi-pueblo-chicon-900-gramow-opakowanie-6-sztuk\/","title":{"rendered":"Oliwki Ali\u00f1o de mi pueblo Chic\u00f3n 900 gram\u00f3w opakowanie 6 sztuk"},"content":{"rendered":"<p><strong>Oliwki<\/strong> &#8222;Ali\u00f1o de mi Pueblo&#8221; to <a href=\"https:\/\/aceitunaschiconlebron.com\/catalogo-productos\/comprar-aceitunas\/deshuesadas\/\" target=\"_blank\" rel=\"noopener noreferrer nofollow\">oliwki bez pestek<\/a> doprawione najlepszymi sk\u0142adnikami wed\u0142ug tradycyjnej receptury.<\/p>\n<p>Wykorzystanie naturalnych przypraw i kontrola temperatury to sekret uzyskania wyj\u0105tkowego smaku tych oliwek.<\/p>\n<p>Oliwki Ali\u00f1o de mi pueblo s\u0105 mi\u0119kkie, a ich soczysty mi\u0105\u017csz nadaje im niepowtarzalny smak.<\/p>\n<p>Namoczone w solance i poddane obr\u00f3bce w celu zmniejszenia ich kwasowo\u015bci, domowe <a href=\"https:\/\/latiendadesami.com\/categoria-producto\/encurtidos\/\" target=\"_blank\" rel=\"noopener noreferrer nofollow\">marynowane<\/a> oliwki s\u0105 cz\u0119stym widokiem na wielu tarasach i w restauracjach.<\/p>\n<h3>Zalety oliwek Ali\u00f1o de mi Pueblo<\/h3>\n<p>Czy wiedzieli Pa\u0144stwo o licznych zaletach tych <strong>oliwek<\/strong>? S\u0105 one bardzo skuteczne w zapobieganiu chorobom serca i uk\u0142adu kr\u0105\u017cenia. <\/p>\n<p>Wynika to z wysokiej zawarto\u015bci t\u0142uszcz\u00f3w nienasyconych. Ponadto jest to \u017cywno\u015b\u0107, kt\u00f3ra zawiera du\u017co \u017celaza i b\u0142onnika i jest bardzo syc\u0105ca, co czyni j\u0105 idealn\u0105 przek\u0105sk\u0105. <\/p>\n<p>Je\u015bli chcesz kupi\u0107 oliwki lub inny rodzaj <a href=\"https:\/\/latiendadesami.com\/categoria-producto\/encurtidos\/\" rel=\"noopener noreferrer nofollow\" target=\"_blank\">marynowanej<\/a> \u017cywno\u015bci, nie wahaj si\u0119 zajrze\u0107 do naszego katalogu online, aby zobaczy\u0107 szerok\u0105 gam\u0119 <a href=\"https:\/\/latiendadesami.com\/categoria-producto\/encurtidos\/aceitunas\/\" target=\"_blank\" rel=\"noopener noreferrer nofollow\">oliwek<\/a>, kt\u00f3re mamy.<\/p>\n","protected":false},"excerpt":{"rendered":"<p>Oliwki &#8222;Ali\u00f1o de mi Pueblo&#8221; to oliwki bez pestek doprawione najlepszymi sk\u0142adnikami wed\u0142ug tradycyjnej receptury. Wykorzystanie naturalnych przypraw i kontrola temperatury to sekret uzyskania wyj\u0105tkowego smaku tych oliwek. Oliwki Ali\u00f1o de mi pueblo s\u0105 mi\u0119kkie, a ich soczysty mi\u0105\u017csz nadaje im niepowtarzalny smak. Namoczone w solance i poddane obr\u00f3bce w celu zmniejszenia ich kwasowo\u015bci, domowe [&hellip;]<\/p>\n","protected":false},"featured_media":12316,"template":"","meta":{"_et_pb_use_builder":"","_et_pb_old_content":"","_et_gb_content_width":""},"product_brand":[1036],"product_cat":[3110,2921],"product_tag":[9867],"class_list":{"0":"post-48546","1":"product","2":"type-product","3":"status-publish","4":"has-post-thumbnail","6":"product_brand-chicon","7":"product_cat-pikle-pl","8":"product_cat-sprzedaz-hurtowa","9":"product_tag-wioska","11":"first","12":"instock","13":"taxable","14":"shipping-taxable","15":"purchasable","16":"product-type-variable"},"_links":{"self":[{"href":"https:\/\/myspainfood.com\/pl\/wp-json\/wp\/v2\/product\/48546","targetHints":{"allow":["GET"]}}],"collection":[{"href":"https:\/\/myspainfood.com\/pl\/wp-json\/wp\/v2\/product"}],"about":[{"href":"https:\/\/myspainfood.com\/pl\/wp-json\/wp\/v2\/types\/product"}],"wp:featuredmedia":[{"embeddable":true,"href":"https:\/\/myspainfood.com\/pl\/wp-json\/wp\/v2\/media\/12316"}],"wp:attachment":[{"href":"https:\/\/myspainfood.com\/pl\/wp-json\/wp\/v2\/media?parent=48546"}],"wp:term":[{"taxonomy":"product_brand","embeddable":true,"href":"https:\/\/myspainfood.com\/pl\/wp-json\/wp\/v2\/product_brand?post=48546"},{"taxonomy":"product_cat","embeddable":true,"href":"https:\/\/myspainfood.com\/pl\/wp-json\/wp\/v2\/product_cat?post=48546"},{"taxonomy":"product_tag","embeddable":true,"href":"https:\/\/myspainfood.com\/pl\/wp-json\/wp\/v2\/product_tag?post=48546"}],"curies":[{"name":"wp","href":"https:\/\/api.w.org\/{rel}","templated":true}]}}