{"id":49196,"date":"2025-04-10T12:07:42","date_gmt":"2025-04-10T10:07:42","guid":{"rendered":"https:\/\/myspainfood.com\/producto\/chili-15-kg-wagi-netto\/"},"modified":"2025-04-10T12:07:42","modified_gmt":"2025-04-10T10:07:42","slug":"chili-15-kg-wagi-netto","status":"publish","type":"product","link":"https:\/\/myspainfood.com\/pl\/producto\/chili-15-kg-wagi-netto\/","title":{"rendered":"Chili 1,5 kg wagi netto"},"content":{"rendered":"<p>Piparra o wadze netto 1,5 kg w occie nada naszym <a href=\"https:\/\/es.wikipedia.org\/wiki\/Guindilla_de_Ibarra\" target=\"_blank\" rel=\"noopener noreferrer nofollow\">potrawom<\/a> pikantnego charakteru, kt\u00f3ry je wyr\u00f3\u017cni.<\/p>\n<p>Produkt ten sprawi, \u017ce podniebienie b\u0119dzie wibrowa\u0142o, b\u0119d\u0105c wysoko cenionym dodatkiem do gulaszu lub sos\u00f3w pe\u0142nych smaku.<\/p>\n<p>W\u015br\u00f3d wielu tradycyjnych sk\u0142adnik\u00f3w kuchni baskijskiej znajduje si\u0119 papryczka chili piparra.<\/p>\n<p>Wyj\u0105tkowe chili, poniewa\u017c prawie w og\u00f3le nie szczypie.<\/p>\n<p>Bardzo dobrze pasuje do wszystkich rodzaj\u00f3w menu i jest bardzo dobrze przyjmowany przez tych, kt\u00f3rzy nie przepadaj\u0105 za tym smakiem.<\/p>\n<p>Piparra o wadze 1,5 kg netto z tego pojemnika s\u0105 \u015bredniej wielko\u015bci i s\u0105 przygotowywane z octem.<\/p>\n<p>Prawdziwy akcent, z jakim zwykle podaje si\u0119 piparras, kt\u00f3ry przy ka\u017cdym k\u0119sie wywo\u0142a w Pa\u0144stwa ciele dreszcz intensywnego smaku.<\/p>\n<p>Niekt\u00f3re w\u0142a\u015bciwo\u015bci perliczki:<\/p>\n<ul>\n<li>Obni\u017ca poziom cholesterolu.<\/li>\n<li>Stymuluje kr\u0105\u017cenie krwi i uk\u0142adu oddechowego.<\/li>\n<li>Uwa\u017ca si\u0119, \u017ce mo\u017ce pom\u00f3c w redukcji nadwagi poprzez przyspieszenie metabolizmu.<\/li>\n<li>Wed\u0142ug niekt\u00f3rych bada\u0144, chroni on \u017co\u0142\u0105dek, sprawiaj\u0105c, \u017ce produkuje on wi\u0119cej \u015bluzu.<\/li>\n<\/ul>\n<p>Je\u015bli chc\u0105 Pa\u0144stwo kupi\u0107 oliwki lub inny rodzaj <a href=\"https:\/\/latiendadesami.com\/categoria-producto\/encurtidos\/\" rel=\"noopener noreferrer nofollow\" target=\"_blank\">pikli<\/a>, zapraszamy do zapoznania si\u0119 z naszym katalogiem online, aby zobaczy\u0107 szerok\u0105 gam\u0119 oferowanych przez nas <a href=\"https:\/\/latiendadesami.com\/categoria-producto\/encurtidos\/pepinillos\/\" target=\"_blank\" rel=\"noopener noreferrer nofollow\">pikli<\/a>.<\/p>\n","protected":false},"excerpt":{"rendered":"<p>Piparra o wadze netto 1,5 kg w occie nada naszym potrawom pikantnego charakteru, kt\u00f3ry je wyr\u00f3\u017cni. Produkt ten sprawi, \u017ce podniebienie b\u0119dzie wibrowa\u0142o, b\u0119d\u0105c wysoko cenionym dodatkiem do gulaszu lub sos\u00f3w pe\u0142nych smaku. W\u015br\u00f3d wielu tradycyjnych sk\u0142adnik\u00f3w kuchni baskijskiej znajduje si\u0119 papryczka chili piparra. Wyj\u0105tkowe chili, poniewa\u017c prawie w og\u00f3le nie szczypie. Bardzo dobrze pasuje [&hellip;]<\/p>\n","protected":false},"featured_media":10021,"template":"","meta":{"_et_pb_use_builder":"","_et_pb_old_content":"","_et_gb_content_width":""},"product_brand":[1069],"product_cat":[4000,1566],"product_tag":[9940],"class_list":{"0":"post-49196","1":"product","2":"type-product","3":"status-publish","4":"has-post-thumbnail","6":"product_brand-sangar","7":"product_cat-papryczki-chili","8":"product_cat-pikle","9":"product_tag-piparra-pl","11":"first","12":"outofstock","13":"taxable","14":"shipping-taxable","15":"purchasable","16":"product-type-simple"},"_links":{"self":[{"href":"https:\/\/myspainfood.com\/pl\/wp-json\/wp\/v2\/product\/49196","targetHints":{"allow":["GET"]}}],"collection":[{"href":"https:\/\/myspainfood.com\/pl\/wp-json\/wp\/v2\/product"}],"about":[{"href":"https:\/\/myspainfood.com\/pl\/wp-json\/wp\/v2\/types\/product"}],"wp:featuredmedia":[{"embeddable":true,"href":"https:\/\/myspainfood.com\/pl\/wp-json\/wp\/v2\/media\/10021"}],"wp:attachment":[{"href":"https:\/\/myspainfood.com\/pl\/wp-json\/wp\/v2\/media?parent=49196"}],"wp:term":[{"taxonomy":"product_brand","embeddable":true,"href":"https:\/\/myspainfood.com\/pl\/wp-json\/wp\/v2\/product_brand?post=49196"},{"taxonomy":"product_cat","embeddable":true,"href":"https:\/\/myspainfood.com\/pl\/wp-json\/wp\/v2\/product_cat?post=49196"},{"taxonomy":"product_tag","embeddable":true,"href":"https:\/\/myspainfood.com\/pl\/wp-json\/wp\/v2\/product_tag?post=49196"}],"curies":[{"name":"wp","href":"https:\/\/api.w.org\/{rel}","templated":true}]}}