{"id":49265,"date":"2025-04-10T12:07:46","date_gmt":"2025-04-10T10:07:46","guid":{"rendered":"https:\/\/myspainfood.com\/producto\/manzanilla-4-kg-kaliber-180-200\/"},"modified":"2025-04-10T12:07:46","modified_gmt":"2025-04-10T10:07:46","slug":"manzanilla-4-kg-kaliber-180-200","status":"publish","type":"product","link":"https:\/\/myspainfood.com\/pl\/producto\/manzanilla-4-kg-kaliber-180-200\/","title":{"rendered":"Manzanilla 4 kg kaliber 180\/200"},"content":{"rendered":"<p>Oliwki Manzanilla kaliber 180\/200 4 kg zachowuj\u0105 sw\u00f3j <a href=\"https:\/\/www.google.com\/search?q=aceituna+manzanilla+calibre&amp;tbm=isch&amp;ved=2ahUKEwjzs-WOhPD1AhWHh1wKHXXjAgAQ2-cCegQIABAA&amp;oq=aceituna+manzanilla+calibre&amp;gs_lcp=CgNpbWcQA1CzBli4GGC8GWgAcAB4AIABbYgBzQySAQQxNy4ymAEAoAEBqgELZ3dzLXdpei1pbWfAAQE&amp;sclient=img&amp;ei=6FcCYvOfBoeP8gL1xgs&amp;bih=780&amp;biw=1577\" target=\"_blank\" rel=\"noopener noreferrer nofollow\">pierwotny<\/a> kszta\u0142t, utrzymuj\u0105c pestk\u0119 wewn\u0105trz owocu.<\/p>\n<p>R\u00f3\u017cne odmiany drzewa oliwnego (Olea europaea) znane s\u0105 jako rumianek.<\/p>\n<p>Nazwa ta jest r\u00f3wnie\u017c nadawana owocom lub oliwkom, kt\u00f3re produkuj\u0105.<\/p>\n<p>G\u0142\u00f3wne odmiany to manzanilla sevillana, manzanilla cacere\u00f1a i manzanilla alore\u00f1a.<\/p>\n<p>Zaleca si\u0119 przechowywanie ca\u0142ych oliwek w ch\u0142odnym, suchym miejscu, z dala od \u015bwiat\u0142a s\u0142onecznego.<\/p>\n<h3>Zalety rumianku 180\/200 kaliber 4 kg<\/h3>\n<p>Czy wiedzieli Pa\u0144stwo o licznych zaletach tych oliwek? S\u0105 one bardzo skuteczne w zapobieganiu chorobom serca i uk\u0142adu kr\u0105\u017cenia. <\/p>\n<p>Wynika to z wysokiej zawarto\u015bci t\u0142uszcz\u00f3w nienasyconych. Ponadto jest to \u017cywno\u015b\u0107, kt\u00f3ra zawiera du\u017co \u017celaza i b\u0142onnika i jest bardzo syc\u0105ca, co czyni j\u0105 idealn\u0105 przek\u0105sk\u0105. <\/p>\n<p>Je\u015bli chcesz kupi\u0107 oliwki lub inny rodzaj <a href=\"https:\/\/latiendadesami.com\/categoria-producto\/encurtidos\/\" rel=\"noopener noreferrer nofollow\" target=\"_blank\">marynowanej<\/a> \u017cywno\u015bci, nie wahaj si\u0119 zajrze\u0107 do naszego katalogu online, aby zobaczy\u0107 szerok\u0105 gam\u0119 <a href=\"https:\/\/latiendadesami.com\/categoria-producto\/encurtidos\/aceitunas\/\" target=\"_blank\" rel=\"noopener noreferrer nofollow\">oliwek<\/a>, kt\u00f3re mamy.<\/p>\n","protected":false},"excerpt":{"rendered":"<p>Oliwki Manzanilla kaliber 180\/200 4 kg zachowuj\u0105 sw\u00f3j pierwotny kszta\u0142t, utrzymuj\u0105c pestk\u0119 wewn\u0105trz owocu. R\u00f3\u017cne odmiany drzewa oliwnego (Olea europaea) znane s\u0105 jako rumianek. Nazwa ta jest r\u00f3wnie\u017c nadawana owocom lub oliwkom, kt\u00f3re produkuj\u0105. G\u0142\u00f3wne odmiany to manzanilla sevillana, manzanilla cacere\u00f1a i manzanilla alore\u00f1a. Zaleca si\u0119 przechowywanie ca\u0142ych oliwek w ch\u0142odnym, suchym miejscu, z dala [&hellip;]<\/p>\n","protected":false},"featured_media":10129,"template":"","meta":{"_et_pb_use_builder":"","_et_pb_old_content":"","_et_gb_content_width":""},"product_brand":[1069],"product_cat":[1567,1566],"product_tag":[2052],"class_list":{"0":"post-49265","1":"product","2":"type-product","3":"status-publish","4":"has-post-thumbnail","6":"product_brand-sangar","7":"product_cat-oliwki","8":"product_cat-pikle","9":"product_tag-rumianek","11":"first","12":"outofstock","13":"taxable","14":"shipping-taxable","15":"purchasable","16":"product-type-simple"},"_links":{"self":[{"href":"https:\/\/myspainfood.com\/pl\/wp-json\/wp\/v2\/product\/49265","targetHints":{"allow":["GET"]}}],"collection":[{"href":"https:\/\/myspainfood.com\/pl\/wp-json\/wp\/v2\/product"}],"about":[{"href":"https:\/\/myspainfood.com\/pl\/wp-json\/wp\/v2\/types\/product"}],"wp:featuredmedia":[{"embeddable":true,"href":"https:\/\/myspainfood.com\/pl\/wp-json\/wp\/v2\/media\/10129"}],"wp:attachment":[{"href":"https:\/\/myspainfood.com\/pl\/wp-json\/wp\/v2\/media?parent=49265"}],"wp:term":[{"taxonomy":"product_brand","embeddable":true,"href":"https:\/\/myspainfood.com\/pl\/wp-json\/wp\/v2\/product_brand?post=49265"},{"taxonomy":"product_cat","embeddable":true,"href":"https:\/\/myspainfood.com\/pl\/wp-json\/wp\/v2\/product_cat?post=49265"},{"taxonomy":"product_tag","embeddable":true,"href":"https:\/\/myspainfood.com\/pl\/wp-json\/wp\/v2\/product_tag?post=49265"}],"curies":[{"name":"wp","href":"https:\/\/api.w.org\/{rel}","templated":true}]}}