{"id":49284,"date":"2025-04-10T12:07:47","date_gmt":"2025-04-10T10:07:47","guid":{"rendered":"https:\/\/myspainfood.com\/producto\/manzanilla-4-kg-242-aperitif\/"},"modified":"2025-04-10T12:07:47","modified_gmt":"2025-04-10T10:07:47","slug":"manzanilla-4-kg-242-aperitif","status":"publish","type":"product","link":"https:\/\/myspainfood.com\/pl\/producto\/manzanilla-4-kg-242-aperitif\/","title":{"rendered":"Manzanilla 4 kg 242 aperitif"},"content":{"rendered":"<p>Nazwa &#8222;manzanilla&#8221; nadawana jest r\u00f3\u017cnym odmianom drzewa oliwnego (Olea europaea). Nazwa ta odnosi si\u0119 r\u00f3wnie\u017c do produkowanych przez nie owoc\u00f3w lub oliwek. G\u0142\u00f3wne odmiany to manzanilla sevillana, manzanilla cacere\u00f1a i manzanilla alore\u00f1a.    <\/p>\n","protected":false},"excerpt":{"rendered":"<p>Nazwa &#8222;manzanilla&#8221; nadawana jest r\u00f3\u017cnym odmianom drzewa oliwnego (Olea europaea). Nazwa ta odnosi si\u0119 r\u00f3wnie\u017c do produkowanych przez nie owoc\u00f3w lub oliwek. G\u0142\u00f3wne odmiany to manzanilla sevillana, manzanilla cacere\u00f1a i manzanilla alore\u00f1a.<\/p>\n","protected":false},"featured_media":10147,"template":"","meta":{"_et_pb_use_builder":"","_et_pb_old_content":"","_et_gb_content_width":""},"product_brand":[1069],"product_cat":[1567,1566],"product_tag":[2052],"class_list":{"0":"post-49284","1":"product","2":"type-product","3":"status-publish","4":"has-post-thumbnail","6":"product_brand-sangar","7":"product_cat-oliwki","8":"product_cat-pikle","9":"product_tag-rumianek","11":"first","12":"outofstock","13":"taxable","14":"shipping-taxable","15":"purchasable","16":"product-type-simple"},"_links":{"self":[{"href":"https:\/\/myspainfood.com\/pl\/wp-json\/wp\/v2\/product\/49284","targetHints":{"allow":["GET"]}}],"collection":[{"href":"https:\/\/myspainfood.com\/pl\/wp-json\/wp\/v2\/product"}],"about":[{"href":"https:\/\/myspainfood.com\/pl\/wp-json\/wp\/v2\/types\/product"}],"wp:featuredmedia":[{"embeddable":true,"href":"https:\/\/myspainfood.com\/pl\/wp-json\/wp\/v2\/media\/10147"}],"wp:attachment":[{"href":"https:\/\/myspainfood.com\/pl\/wp-json\/wp\/v2\/media?parent=49284"}],"wp:term":[{"taxonomy":"product_brand","embeddable":true,"href":"https:\/\/myspainfood.com\/pl\/wp-json\/wp\/v2\/product_brand?post=49284"},{"taxonomy":"product_cat","embeddable":true,"href":"https:\/\/myspainfood.com\/pl\/wp-json\/wp\/v2\/product_cat?post=49284"},{"taxonomy":"product_tag","embeddable":true,"href":"https:\/\/myspainfood.com\/pl\/wp-json\/wp\/v2\/product_tag?post=49284"}],"curies":[{"name":"wp","href":"https:\/\/api.w.org\/{rel}","templated":true}]}}