{"id":49335,"date":"2025-04-10T12:07:50","date_gmt":"2025-04-10T10:07:50","guid":{"rendered":"https:\/\/myspainfood.com\/producto\/brzoskwinia-w-syropie-oti-530-gr-12-jednostek\/"},"modified":"2025-04-10T12:07:50","modified_gmt":"2025-04-10T10:07:50","slug":"brzoskwinia-w-syropie-oti-530-gr-12-jednostek","status":"publish","type":"product","link":"https:\/\/myspainfood.com\/pl\/producto\/brzoskwinia-w-syropie-oti-530-gr-12-jednostek\/","title":{"rendered":"Brzoskwinia w syropie Oti 530 gr 12 JEDNOSTEK"},"content":{"rendered":"<p>Owoce w syropie to rodzaj d\u017cemu1, kt\u00f3ry jest otrzymywany z kawa\u0142k\u00f3w owoc\u00f3w (kawa\u0142ki mog\u0105 by\u0107 kwadratami, po\u0142\u00f3wkami, \u0107wiartkami, plasterkami, juliennes), kt\u00f3re s\u0105 gotowane w syropie lub syropie, a\u017c zg\u0119stnieje. W tym procesie nast\u0119puje wymiana lub przemieszczenie wody z o\u015brodka hipotonicznego (w kt\u00f3rym znajduje si\u0119 mniejsza ilo\u015b\u0107 substancji rozpuszczonych) do o\u015brodka hipertonicznego (w kt\u00f3rym znajduje si\u0119 wi\u0119ksza ilo\u015b\u0107 substancji rozpuszczonych), kt\u00f3ra jest zast\u0119powana substancjami rozpuszczonymi (rozpuszczalnymi substancjami sta\u0142ymi) znajduj\u0105cymi si\u0119 w o\u015brodku hipertonicznym, tj. woda zawarta w li\u015bciach owoc\u00f3w i cukry syropu lub syropu dostaj\u0105 si\u0119 do niego. Proces ten jest wykorzystywany do konserwacji owoc\u00f3w, kt\u00f3re maj\u0105 by\u0107 spo\u017cywane po d\u0142ugim okresie czasu.    <\/p>\n","protected":false},"excerpt":{"rendered":"<p>Owoce w syropie to rodzaj d\u017cemu1, kt\u00f3ry jest otrzymywany z kawa\u0142k\u00f3w owoc\u00f3w (kawa\u0142ki mog\u0105 by\u0107 kwadratami, po\u0142\u00f3wkami, \u0107wiartkami, plasterkami, juliennes), kt\u00f3re s\u0105 gotowane w syropie lub syropie, a\u017c zg\u0119stnieje. W tym procesie nast\u0119puje wymiana lub przemieszczenie wody z o\u015brodka hipotonicznego (w kt\u00f3rym znajduje si\u0119 mniejsza ilo\u015b\u0107 substancji rozpuszczonych) do o\u015brodka hipertonicznego (w kt\u00f3rym znajduje si\u0119 [&hellip;]<\/p>\n","protected":false},"featured_media":8329,"template":"","meta":{"_et_pb_use_builder":"","_et_pb_old_content":"","_et_gb_content_width":""},"product_brand":[1075],"product_cat":[5003,1969],"product_tag":[3191],"class_list":{"0":"post-49335","1":"product","2":"type-product","3":"status-publish","4":"has-post-thumbnail","6":"product_brand-oti","7":"product_cat-brzoskwinia","8":"product_cat-konserwy","9":"product_tag-syrop","11":"first","12":"outofstock","13":"sale","14":"taxable","15":"shipping-taxable","16":"purchasable","17":"product-type-simple"},"_links":{"self":[{"href":"https:\/\/myspainfood.com\/pl\/wp-json\/wp\/v2\/product\/49335","targetHints":{"allow":["GET"]}}],"collection":[{"href":"https:\/\/myspainfood.com\/pl\/wp-json\/wp\/v2\/product"}],"about":[{"href":"https:\/\/myspainfood.com\/pl\/wp-json\/wp\/v2\/types\/product"}],"wp:featuredmedia":[{"embeddable":true,"href":"https:\/\/myspainfood.com\/pl\/wp-json\/wp\/v2\/media\/8329"}],"wp:attachment":[{"href":"https:\/\/myspainfood.com\/pl\/wp-json\/wp\/v2\/media?parent=49335"}],"wp:term":[{"taxonomy":"product_brand","embeddable":true,"href":"https:\/\/myspainfood.com\/pl\/wp-json\/wp\/v2\/product_brand?post=49335"},{"taxonomy":"product_cat","embeddable":true,"href":"https:\/\/myspainfood.com\/pl\/wp-json\/wp\/v2\/product_cat?post=49335"},{"taxonomy":"product_tag","embeddable":true,"href":"https:\/\/myspainfood.com\/pl\/wp-json\/wp\/v2\/product_tag?post=49335"}],"curies":[{"name":"wp","href":"https:\/\/api.w.org\/{rel}","templated":true}]}}