{"id":49521,"date":"2025-04-10T12:08:45","date_gmt":"2025-04-10T10:08:45","guid":{"rendered":"https:\/\/myspainfood.com\/producto\/ser-riojana-75-sztuk\/"},"modified":"2025-07-28T10:35:01","modified_gmt":"2025-07-28T08:35:01","slug":"ser-riojana-75-sztuk","status":"publish","type":"product","link":"https:\/\/myspainfood.com\/pl\/producto\/ser-riojana-75-sztuk\/","title":{"rendered":"Ser Riojana 75 sztuk"},"content":{"rendered":"<p>Olej (85% s\u0142onecznikowy, 15% oliwkowy), oliwki nadziewane <strong>sardel\u0105<\/strong>, filet z<strong> sardeli<\/strong>, pikantny mi\u0119kki ser i czerwona papryka.<\/p>\n","protected":false},"excerpt":{"rendered":"<p>Olej (85% s\u0142onecznikowy, 15% oliwkowy), oliwki nadziewane sardel\u0105, filet z sardeli, pikantny mi\u0119kki ser i czerwona papryka.<\/p>\n","protected":false},"featured_media":11317,"template":"","meta":{"_et_pb_use_builder":"","_et_pb_old_content":"","_et_gb_content_width":""},"product_brand":[1277],"product_cat":[1567,2311,1566,1840,1838,2245,1836],"product_tag":[],"class_list":{"0":"post-49521","1":"product","2":"type-product","3":"status-publish","4":"has-post-thumbnail","6":"product_brand-bokeo","7":"product_cat-oliwki","8":"product_cat-papryka","9":"product_cat-pikle","10":"product_cat-pintxos-pl","11":"product_cat-sardele-pl","12":"product_cat-ser-i-kielbasa","13":"product_cat-zimno","14":"product_shipping_class-wysylka-na-zimno","16":"first","17":"outofstock","18":"taxable","19":"shipping-taxable","20":"purchasable","21":"product-type-simple"},"_links":{"self":[{"href":"https:\/\/myspainfood.com\/pl\/wp-json\/wp\/v2\/product\/49521","targetHints":{"allow":["GET"]}}],"collection":[{"href":"https:\/\/myspainfood.com\/pl\/wp-json\/wp\/v2\/product"}],"about":[{"href":"https:\/\/myspainfood.com\/pl\/wp-json\/wp\/v2\/types\/product"}],"wp:featuredmedia":[{"embeddable":true,"href":"https:\/\/myspainfood.com\/pl\/wp-json\/wp\/v2\/media\/11317"}],"wp:attachment":[{"href":"https:\/\/myspainfood.com\/pl\/wp-json\/wp\/v2\/media?parent=49521"}],"wp:term":[{"taxonomy":"product_brand","embeddable":true,"href":"https:\/\/myspainfood.com\/pl\/wp-json\/wp\/v2\/product_brand?post=49521"},{"taxonomy":"product_cat","embeddable":true,"href":"https:\/\/myspainfood.com\/pl\/wp-json\/wp\/v2\/product_cat?post=49521"},{"taxonomy":"product_tag","embeddable":true,"href":"https:\/\/myspainfood.com\/pl\/wp-json\/wp\/v2\/product_tag?post=49521"}],"curies":[{"name":"wp","href":"https:\/\/api.w.org\/{rel}","templated":true}]}}