{"id":50570,"date":"2025-05-21T08:44:03","date_gmt":"2025-05-21T06:44:03","guid":{"rendered":"https:\/\/myspainfood.com\/producto\/manzanilla-pitted-chamomile-900-gr-chicon\/"},"modified":"2026-01-29T12:59:07","modified_gmt":"2026-01-29T11:59:07","slug":"manzanilla-pitted-chamomile-900-gr-chicon","status":"publish","type":"product","link":"https:\/\/myspainfood.com\/pl\/producto\/manzanilla-pitted-chamomile-900-gr-chicon\/","title":{"rendered":"Manzanilla Pitted Chamomile 900 gr Chic\u00f3n"},"content":{"rendered":"<p>Pomimo usuni\u0119cia pestki, oliwki Manzanilla zachowuj\u0105 praktycznie sw\u00f3j pierwotny kszta\u0142t.<\/p>\n<h3>Zalety oliwek Manzanilla Pitted <a href=\"https:\/\/aceitunaschiconlebron.com\/catalogo-productos\/comprar-aceitunas\/deshuesadas\/\" target=\"_blank\" rel=\"noopener noreferrer nofollow\">Chic\u00f3n<\/a><\/h3>\n<p>Czy wiedzieli Pa\u0144stwo o licznych zaletach tych oliwek? S\u0105 one bardzo skuteczne w zapobieganiu chorobom serca i uk\u0142adu kr\u0105\u017cenia. <\/p>\n<p>Wynika to z wysokiej zawarto\u015bci t\u0142uszcz\u00f3w nienasyconych. Ponadto jest to \u017cywno\u015b\u0107, kt\u00f3ra zawiera du\u017co \u017celaza i b\u0142onnika i jest bardzo syc\u0105ca, co czyni j\u0105 idealn\u0105 przek\u0105sk\u0105. <\/p>\n<p>Je\u015bli chc\u0105 Pa\u0144stwo kupi\u0107 oliwki lub inne <a href=\"https:\/\/latiendadesami.com\/categoria-producto\/encurtidos\/\" rel=\"noopener noreferrer nofollow\" target=\"_blank\">marynowane<\/a> produkty spo\u017cywcze, zapraszamy do zapoznania si\u0119 z naszym katalogiem online, w kt\u00f3rym znajd\u0105 Pa\u0144stwo szeroki wyb\u00f3r <a href=\"https:\/\/latiendadesami.com\/categoria-producto\/encurtidos\/aceitunas\/\" target=\"_blank\" rel=\"noopener noreferrer nofollow\">oliwek<\/a>.<\/p>\n","protected":false},"excerpt":{"rendered":"<p>Pomimo usuni\u0119cia pestki, oliwki Manzanilla zachowuj\u0105 praktycznie sw\u00f3j pierwotny kszta\u0142t. Zalety oliwek Manzanilla Pitted Chic\u00f3n Czy wiedzieli Pa\u0144stwo o licznych zaletach tych oliwek? S\u0105 one bardzo skuteczne w zapobieganiu chorobom serca i uk\u0142adu kr\u0105\u017cenia. Wynika to z wysokiej zawarto\u015bci t\u0142uszcz\u00f3w nienasyconych. Ponadto jest to \u017cywno\u015b\u0107, kt\u00f3ra zawiera du\u017co \u017celaza i b\u0142onnika i jest bardzo syc\u0105ca, [&hellip;]<\/p>\n","protected":false},"featured_media":50279,"template":"","meta":{"_et_pb_use_builder":"","_et_pb_old_content":"","_et_gb_content_width":""},"product_brand":[1036],"product_cat":[1567,1566],"product_tag":[10014,2052],"class_list":{"0":"post-50570","1":"product","2":"type-product","3":"status-publish","4":"has-post-thumbnail","6":"product_brand-chicon","7":"product_cat-oliwki","8":"product_cat-pikle","9":"product_tag-bez-kosci-pl","10":"product_tag-rumianek","12":"first","13":"instock","14":"taxable","15":"shipping-taxable","16":"purchasable","17":"product-type-variable"},"_links":{"self":[{"href":"https:\/\/myspainfood.com\/pl\/wp-json\/wp\/v2\/product\/50570","targetHints":{"allow":["GET"]}}],"collection":[{"href":"https:\/\/myspainfood.com\/pl\/wp-json\/wp\/v2\/product"}],"about":[{"href":"https:\/\/myspainfood.com\/pl\/wp-json\/wp\/v2\/types\/product"}],"wp:featuredmedia":[{"embeddable":true,"href":"https:\/\/myspainfood.com\/pl\/wp-json\/wp\/v2\/media\/50279"}],"wp:attachment":[{"href":"https:\/\/myspainfood.com\/pl\/wp-json\/wp\/v2\/media?parent=50570"}],"wp:term":[{"taxonomy":"product_brand","embeddable":true,"href":"https:\/\/myspainfood.com\/pl\/wp-json\/wp\/v2\/product_brand?post=50570"},{"taxonomy":"product_cat","embeddable":true,"href":"https:\/\/myspainfood.com\/pl\/wp-json\/wp\/v2\/product_cat?post=50570"},{"taxonomy":"product_tag","embeddable":true,"href":"https:\/\/myspainfood.com\/pl\/wp-json\/wp\/v2\/product_tag?post=50570"}],"curies":[{"name":"wp","href":"https:\/\/api.w.org\/{rel}","templated":true}]}}