{"id":51036,"date":"2025-05-21T09:40:50","date_gmt":"2025-05-21T07:40:50","guid":{"rendered":"https:\/\/myspainfood.com\/producto\/kimbitos-oliwka-i-korniszon-900-gr-chicon\/"},"modified":"2026-01-29T13:06:10","modified_gmt":"2026-01-29T12:06:10","slug":"kimbitos-oliwka-i-korniszon-900-gr-chicon","status":"publish","type":"product","link":"https:\/\/myspainfood.com\/pl\/producto\/kimbitos-oliwka-i-korniszon-900-gr-chicon\/","title":{"rendered":"Kimbitos - oliwka i korniszon 900 gr Chic\u00f3n"},"content":{"rendered":"<p><a href=\"https:\/\/aceitunaschiconlebron.com\/catalogo\/manzanilla-rellena-de-pepinillo\/\" target=\"_blank\" rel=\"noopener noreferrer nofollow\">Kimbitos oliwkowo-korniszonowy<\/a> o \u0142agodnym s\u0142odko-kwa\u015bnym smaku.<\/p>\n<h3>W\u0142a\u015bciwo\u015bci oliwek Manzanilla lub Kimbitos<\/h3>\n<p>Oliwki Manzanilla, pochodz\u0105ce z Hiszpanii, oferuj\u0105 wiele korzy\u015bci, w\u015br\u00f3d kt\u00f3rych wyr\u00f3\u017cniaj\u0105 si\u0119 nast\u0119puj\u0105ce:<\/p>\n<p>Dostarczaj\u0105 one du\u017cych ilo\u015bci przeciwutleniaczy.<\/p>\n<p>Obni\u017caj\u0105 ci\u015bnienie krwi i poziom cholesterolu.<\/p>\n<p>zapobiega niekt\u00f3rym rodzajom raka.<\/p>\n<p>Dzia\u0142aj\u0105 one jak naturalny probiotyk.<\/p>\n<p>Poprawa zdrowia serca.<\/p>\n<p>Pomagaj\u0105 zwalcza\u0107 infekcje.<\/p>\n<p>Zapobiegaj\u0105 osteoporozie.<\/p>\n<p>Czy wiedzieli Pa\u0144stwo o licznych zaletach oliwek Kimbitos? Maj\u0105 one du\u017c\u0105 moc, je\u015bli chodzi o zapobieganie chorobom serca i uk\u0142adu kr\u0105\u017cenia. <\/p>\n<p>Je\u015bli chc\u0105 Pa\u0144stwo kupi\u0107 oliwki lub inne <a href=\"https:\/\/latiendadesami.com\/categoria-producto\/encurtidos\/\" rel=\"noopener noreferrer nofollow\" target=\"_blank\">marynowane<\/a> produkty spo\u017cywcze, zapraszamy do zapoznania si\u0119 z naszym katalogiem online, w kt\u00f3rym znajd\u0105 Pa\u0144stwo szeroki wyb\u00f3r <a href=\"https:\/\/latiendadesami.com\/categoria-producto\/encurtidos\/aceitunas\/\" target=\"_blank\" rel=\"noopener noreferrer nofollow\">oliwek<\/a>.<\/p>\n","protected":false},"excerpt":{"rendered":"<p>Kimbitos oliwkowo-korniszonowy o \u0142agodnym s\u0142odko-kwa\u015bnym smaku. W\u0142a\u015bciwo\u015bci oliwek Manzanilla lub Kimbitos Oliwki Manzanilla, pochodz\u0105ce z Hiszpanii, oferuj\u0105 wiele korzy\u015bci, w\u015br\u00f3d kt\u00f3rych wyr\u00f3\u017cniaj\u0105 si\u0119 nast\u0119puj\u0105ce: Dostarczaj\u0105 one du\u017cych ilo\u015bci przeciwutleniaczy. Obni\u017caj\u0105 ci\u015bnienie krwi i poziom cholesterolu. zapobiega niekt\u00f3rym rodzajom raka. Dzia\u0142aj\u0105 one jak naturalny probiotyk. Poprawa zdrowia serca. Pomagaj\u0105 zwalcza\u0107 infekcje. Zapobiegaj\u0105 osteoporozie. Czy wiedzieli Pa\u0144stwo [&hellip;]<\/p>\n","protected":false},"featured_media":7132,"template":"","meta":{"_et_pb_use_builder":"","_et_pb_old_content":"","_et_gb_content_width":""},"product_brand":[1036],"product_cat":[2003,1567,1566],"product_tag":[1612,2031,2052],"class_list":{"0":"post-51036","1":"product","2":"type-product","3":"status-publish","4":"has-post-thumbnail","6":"product_brand-chicon","7":"product_cat-korniszony","8":"product_cat-oliwki","9":"product_cat-pikle","10":"product_tag-kimbo-pl","11":"product_tag-korniszon","12":"product_tag-rumianek","14":"first","15":"instock","16":"taxable","17":"shipping-taxable","18":"purchasable","19":"product-type-variable"},"_links":{"self":[{"href":"https:\/\/myspainfood.com\/pl\/wp-json\/wp\/v2\/product\/51036","targetHints":{"allow":["GET"]}}],"collection":[{"href":"https:\/\/myspainfood.com\/pl\/wp-json\/wp\/v2\/product"}],"about":[{"href":"https:\/\/myspainfood.com\/pl\/wp-json\/wp\/v2\/types\/product"}],"wp:featuredmedia":[{"embeddable":true,"href":"https:\/\/myspainfood.com\/pl\/wp-json\/wp\/v2\/media\/7132"}],"wp:attachment":[{"href":"https:\/\/myspainfood.com\/pl\/wp-json\/wp\/v2\/media?parent=51036"}],"wp:term":[{"taxonomy":"product_brand","embeddable":true,"href":"https:\/\/myspainfood.com\/pl\/wp-json\/wp\/v2\/product_brand?post=51036"},{"taxonomy":"product_cat","embeddable":true,"href":"https:\/\/myspainfood.com\/pl\/wp-json\/wp\/v2\/product_cat?post=51036"},{"taxonomy":"product_tag","embeddable":true,"href":"https:\/\/myspainfood.com\/pl\/wp-json\/wp\/v2\/product_tag?post=51036"}],"curies":[{"name":"wp","href":"https:\/\/api.w.org\/{rel}","templated":true}]}}